{"id":10108,"date":"2021-09-27T16:49:07","date_gmt":"2021-09-27T16:49:07","guid":{"rendered":"http:\/\/ivoiretradecenter.com\/?page_id=10108"},"modified":"2022-11-23T12:07:27","modified_gmt":"2022-11-23T12:07:27","slug":"morebelli","status":"publish","type":"page","link":"https:\/\/ivoiretradecenter.com\/en\/morebelli\/","title":{"rendered":"Morebelli Joaillier"},"content":{"rendered":"<style type=\"text\/css\"> \n#cmsmasters_row_69e1330de9c2c3_55512119 .cmsmasters_row_outer_parent { \n\tpadding-top: 50px; \n} \n\n#cmsmasters_row_69e1330de9c2c3_55512119 .cmsmasters_row_outer_parent { \n\tpadding-bottom: 55px; \n} \n\n \n#cmsmasters_divider_69e1330deaa9d9_03741186 { \n\tborder-bottom-width:1px; \n\tborder-bottom-style:solid; \n\tpadding-top:0px; \n\tmargin-bottom:0px; \n} \n \n#cmsmasters_heading_69e1330dead3b0_40676587 { \n\ttext-align:left; \n\tmargin-top:30px; \n\tmargin-bottom:10px; \n} \n\n#cmsmasters_heading_69e1330dead3b0_40676587 .cmsmasters_heading { \n\ttext-align:left; \n} \n\n#cmsmasters_heading_69e1330dead3b0_40676587 .cmsmasters_heading, #cmsmasters_heading_69e1330dead3b0_40676587 .cmsmasters_heading a { \n\tfont-weight:700; \n\tfont-style:normal; \n} \n\n#cmsmasters_heading_69e1330dead3b0_40676587 .cmsmasters_heading_divider { \n} \n\n \n#cmsmasters_heading_69e1330deafae7_82052421 { \n\ttext-align:left; \n\tmargin-top:0px; \n\tmargin-bottom:30px; \n} \n\n#cmsmasters_heading_69e1330deafae7_82052421 .cmsmasters_heading { \n\ttext-align:left; \n} \n\n#cmsmasters_heading_69e1330deafae7_82052421 .cmsmasters_heading, #cmsmasters_heading_69e1330deafae7_82052421 .cmsmasters_heading a { \n\tfont-weight:700; \n\tfont-style:normal; \n} \n\n#cmsmasters_heading_69e1330deafae7_82052421 .cmsmasters_heading_divider { \n} \n\n \n#cmsmasters_heading_69e1330deb2082_97559376 { \n\ttext-align:left; \n\tmargin-top:0px; \n\tmargin-bottom:10px; \n} \n\n#cmsmasters_heading_69e1330deb2082_97559376 .cmsmasters_heading { \n\ttext-align:left; \n} \n\n#cmsmasters_heading_69e1330deb2082_97559376 .cmsmasters_heading, #cmsmasters_heading_69e1330deb2082_97559376 .cmsmasters_heading a { \n\tfont-weight:700; \n\tfont-style:normal; \n} \n\n#cmsmasters_heading_69e1330deb2082_97559376 .cmsmasters_heading_divider { \n} \n\n \n#cmsmasters_heading_69e1330deb45c0_47433561 { \n\ttext-align:left; \n\tmargin-top:0px; \n\tmargin-bottom:30px; \n} \n\n#cmsmasters_heading_69e1330deb45c0_47433561 .cmsmasters_heading { \n\ttext-align:left; \n} \n\n#cmsmasters_heading_69e1330deb45c0_47433561 .cmsmasters_heading, #cmsmasters_heading_69e1330deb45c0_47433561 .cmsmasters_heading a { \n\tfont-weight:700; \n\tfont-style:normal; \n} \n\n#cmsmasters_heading_69e1330deb45c0_47433561 .cmsmasters_heading_divider { \n} \n\n \n#cmsmasters_heading_69e1330deb6b86_69591337 { \n\ttext-align:left; \n\tmargin-top:0px; \n\tmargin-bottom:10px; \n} \n\n#cmsmasters_heading_69e1330deb6b86_69591337 .cmsmasters_heading { \n\ttext-align:left; \n} \n\n#cmsmasters_heading_69e1330deb6b86_69591337 .cmsmasters_heading, #cmsmasters_heading_69e1330deb6b86_69591337 .cmsmasters_heading a { \n\tfont-weight:700; \n\tfont-style:normal; \n} \n\n#cmsmasters_heading_69e1330deb6b86_69591337 .cmsmasters_heading_divider { \n} \n\n \n#cmsmasters_heading_69e1330debbe64_10808049 { \n\ttext-align:left; \n\tmargin-top:0px; \n\tmargin-bottom:20px; \n} \n\n#cmsmasters_heading_69e1330debbe64_10808049 .cmsmasters_heading { \n\ttext-align:left; \n} \n\n#cmsmasters_heading_69e1330debbe64_10808049 .cmsmasters_heading, #cmsmasters_heading_69e1330debbe64_10808049 .cmsmasters_heading a { \n\tfont-weight:700; \n\tfont-style:normal; \n} \n\n#cmsmasters_heading_69e1330debbe64_10808049 .cmsmasters_heading_divider { \n} \n\n \n#cmsmasters_divider_69e1330debe697_64413075 { \n\tborder-bottom-width:1px; \n\tborder-bottom-style:solid; \n\tpadding-top:0px; \n\tmargin-bottom:30px; \n} \n \n#cmsmasters_divider_69e1330dec0f22_05104383 { \n\tborder-bottom-width:0px; \n\tborder-bottom-style:solid; \n\tpadding-top:0px; \n\tmargin-bottom:20px; \n} \n\r\n\t\t\t\t#cmsmasters_gallery_69e1330dec3660_30154640 .cmsmasters_gallery {\r\n\t\t\t\t\tmargin:0 0 0 -15px;\r\n\t\t\t\t}\r\n\t\t\t\t\r\n\t\t\t\t#cmsmasters_gallery_69e1330dec3660_30154640 .cmsmasters_gallery .cmsmasters_gallery_item {\r\n\t\t\t\t\tpadding:0 0 15px 15px;\r\n\t\t\t\t}\r\n\t\t\t \n#cmsmasters_row_69e1330dee4242_40964301 .cmsmasters_row_outer_parent { \n\tpadding-top: 0px; \n} \n\n#cmsmasters_row_69e1330dee4242_40964301 .cmsmasters_row_outer_parent { \n\tpadding-bottom: 0px; \n} \n\n \n#cmsmasters_heading_69e1330dee77f3_58876534 { \n\ttext-align:left; \n\tmargin-top:0px; \n\tmargin-bottom:20px; \n} \n\n#cmsmasters_heading_69e1330dee77f3_58876534 .cmsmasters_heading { \n\ttext-align:left; \n} \n\n#cmsmasters_heading_69e1330dee77f3_58876534 .cmsmasters_heading, #cmsmasters_heading_69e1330dee77f3_58876534 .cmsmasters_heading a { \n\tfont-weight:700; \n\tfont-style:normal; \n} \n\n#cmsmasters_heading_69e1330dee77f3_58876534 .cmsmasters_heading_divider { \n} \n\n \n#cmsmasters_divider_69e1330dee9e83_63515277 { \n\tborder-bottom-width:1px; \n\tborder-bottom-style:solid; \n\tpadding-top:0px; \n\tmargin-bottom:30px; \n} \n \n#cmsmasters_row_69e1330deea127_58396697 .cmsmasters_row_outer_parent { \n\tpadding-top: 0px; \n} \n\n#cmsmasters_row_69e1330deea127_58396697 .cmsmasters_row_outer_parent { \n\tpadding-bottom: 50px; \n} \n\n<\/style><div id=\"cmsmasters_row_69e1330de9c2c3_55512119\" class=\"cmsmasters_row cmsmasters_color_scheme_default cmsmasters_row_top_default cmsmasters_row_bot_default cmsmasters_row_boxed\">\n<div class=\"cmsmasters_row_outer_parent\">\n<div class=\"cmsmasters_row_outer\">\n<div class=\"cmsmasters_row_inner\">\n<div class=\"cmsmasters_row_margin\">\n<div class=\"cmsmasters_column one_fourth\">\n<div class=\"cmsmasters_img  cmsmasters_image_n white-backgroud\">\n<a href=\"http:\/\/ivoiretradecenter.com\/wp-content\/uploads\/2021\/10\/ITC_morebelli-2.png\"><img decoding=\"async\" src=\"https:\/\/ivoiretradecenter.com\/wp-content\/uploads\/2021\/10\/ITC_morebelli-2.png\" alt=\"Morebelli ITC Abidjan\" \/><\/a>\n<\/div>\n\n<div id=\"cmsmasters_divider_69e1330deaa9d9_03741186\" class=\"cmsmasters_divider cmsmasters_divider_width_long cmsmasters_divider_pos_center\"><\/div>\n\n<div id=\"cmsmasters_heading_69e1330dead3b0_40676587\" class=\"cmsmasters_heading_wrap cmsmasters_heading_align_left\">\n\t<h3 class=\"cmsmasters_heading\">Horaires<\/h3>\n<\/div>\n<div id=\"cmsmasters_heading_69e1330deafae7_82052421\" class=\"cmsmasters_heading_wrap cmsmasters_heading_align_left\">\n\t<h5 class=\"cmsmasters_heading\">Lundi au vendredi : 8h \u00e0 19h Samedi et dimanche : 9h \u00e0 19h<\/h5>\n<\/div>\n<div id=\"cmsmasters_heading_69e1330deb2082_97559376\" class=\"cmsmasters_heading_wrap cmsmasters_heading_align_left\">\n\t<h3 class=\"cmsmasters_heading\">T\u00e9l\u00e9phone<\/h3>\n<\/div>\n<div id=\"cmsmasters_heading_69e1330deb45c0_47433561\" class=\"cmsmasters_heading_wrap cmsmasters_heading_align_left\">\n\t<h5 class=\"cmsmasters_heading\">+225 07 97 43 06 83<\/h5>\n<\/div>\n<div id=\"cmsmasters_heading_69e1330deb6b86_69591337\" class=\"cmsmasters_heading_wrap cmsmasters_heading_align_left\">\n\t<h3 class=\"cmsmasters_heading\">R\u00e9seaux sociaux<\/h3>\n<\/div><div class=\"custom_html\">\n<div class=\"social_wrap\">\n<div class=\"social_wrap_inner\" >\n<ul>\n<li>\n\t\t\t\t<a href=\"https:\/\/www.facebook.com\/morebelligems\" class=\"cmsmasters_social_icon cmsmasters_social_icon_1 cmsmasters-icon-facebook-1\" title=\"Facebook\" target=\"_blank\"><\/a>\n\t\t\t<\/li>\n<li>\n\t\t\t\t<a href=\"https:\/\/www.instagram.com\/morebelli_gems_abidjan\/\" class=\"cmsmasters_social_icon cmsmasters_social_icon_2 cmsmasters-icon-instagram\" title=\"Instagram\" target=\"_blank\"><\/a>\n\t\t\t<\/li>\n<\/ul><\/div>\n<\/div>\n<\/div>\n<\/div>\n<div class=\"cmsmasters_column three_fourth\">\n\n<div id=\"cmsmasters_heading_69e1330debbe64_10808049\" class=\"cmsmasters_heading_wrap cmsmasters_heading_align_left\">\n\t<h1 class=\"cmsmasters_heading\">MOREBELLI JOAILLIER<\/h1>\n<\/div>\n\n<div id=\"cmsmasters_divider_69e1330debe697_64413075\" class=\"cmsmasters_divider cmsmasters_divider_width_long cmsmasters_divider_pos_center\"><\/div>\n<div class=\"cmsmasters_text\">\n<p><em>Bijoux uniques et pierres d\u2019exception.<\/em><\/p>\n<p>Joaillerie d\u2019excellence sp\u00e9cialis\u00e9e dans les pierres fines et pr\u00e9cieuses d\u2019exception, Morebelli vous invite \u00e0 d\u00e9couvrir sa s\u00e9lection de pi\u00e8ces uniques au sein de la boutique luxueuse et intimiste de l\u2019Ivoire Trade Center.<\/p>\n<\/div>\n\n\n<div id=\"cmsmasters_divider_69e1330dec0f22_05104383\" class=\"cl\"><\/div>\n<div id=\"cmsmasters_gallery_69e1330dec3660_30154640\" class=\"cmsmasters_gallery_wrap\"><ul class=\"cmsmasters_gallery cmsmasters_3 cmsmasters_more_items_loader\"><li class=\"cmsmasters_gallery_item\"><figure><a href=\"https:\/\/ivoiretradecenter.com\/wp-content\/uploads\/2022\/11\/morebelli.jpg\" rel=\"ilightbox[69e1330dec3660_30154640]\"><img loading=\"lazy\" decoding=\"async\" width=\"580\" height=\"375\" src=\"https:\/\/ivoiretradecenter.com\/wp-content\/uploads\/2022\/11\/morebelli-580x375.jpg\" class=\"attachment-blog-masonry-thumb size-blog-masonry-thumb\" alt=\"\" srcset=\"https:\/\/ivoiretradecenter.com\/wp-content\/uploads\/2022\/11\/morebelli-580x375.jpg 580w, https:\/\/ivoiretradecenter.com\/wp-content\/uploads\/2022\/11\/morebelli-1160x750.jpg 1160w\" sizes=\"auto, (max-width: 580px) 100vw, 580px\" \/><\/a><\/figure><\/li><li class=\"cmsmasters_gallery_item\"><figure><a href=\"https:\/\/ivoiretradecenter.com\/wp-content\/uploads\/2021\/12\/bague_rose-Morebelli_ITC.jpg\" rel=\"ilightbox[69e1330dec3660_30154640]\"><img loading=\"lazy\" decoding=\"async\" width=\"580\" height=\"375\" src=\"https:\/\/ivoiretradecenter.com\/wp-content\/uploads\/2021\/12\/bague_rose-Morebelli_ITC-580x375.jpg\" class=\"attachment-blog-masonry-thumb size-blog-masonry-thumb\" alt=\"Bague Morebelli Abidjan\" srcset=\"https:\/\/ivoiretradecenter.com\/wp-content\/uploads\/2021\/12\/bague_rose-Morebelli_ITC-580x375.jpg 580w, https:\/\/ivoiretradecenter.com\/wp-content\/uploads\/2021\/12\/bague_rose-Morebelli_ITC-1160x750.jpg 1160w\" sizes=\"auto, (max-width: 580px) 100vw, 580px\" \/><\/a><\/figure><\/li><li class=\"cmsmasters_gallery_item\"><figure><a href=\"https:\/\/ivoiretradecenter.com\/wp-content\/uploads\/2021\/12\/bague_rouge-Morebelli_ITC.jpg\" rel=\"ilightbox[69e1330dec3660_30154640]\"><img loading=\"lazy\" decoding=\"async\" width=\"580\" height=\"375\" src=\"https:\/\/ivoiretradecenter.com\/wp-content\/uploads\/2021\/12\/bague_rouge-Morebelli_ITC-580x375.jpg\" class=\"attachment-blog-masonry-thumb size-blog-masonry-thumb\" alt=\"Bague rubis Morebelli Abidjan\" srcset=\"https:\/\/ivoiretradecenter.com\/wp-content\/uploads\/2021\/12\/bague_rouge-Morebelli_ITC-580x375.jpg 580w, https:\/\/ivoiretradecenter.com\/wp-content\/uploads\/2021\/12\/bague_rouge-Morebelli_ITC-1160x750.jpg 1160w\" sizes=\"auto, (max-width: 580px) 100vw, 580px\" \/><\/a><\/figure><\/li><li class=\"cmsmasters_gallery_item\"><figure><a href=\"https:\/\/ivoiretradecenter.com\/wp-content\/uploads\/2021\/12\/boucles-Morebelli_ITC.jpg\" rel=\"ilightbox[69e1330dec3660_30154640]\"><img loading=\"lazy\" decoding=\"async\" width=\"580\" height=\"375\" src=\"https:\/\/ivoiretradecenter.com\/wp-content\/uploads\/2021\/12\/boucles-Morebelli_ITC-580x375.jpg\" class=\"attachment-blog-masonry-thumb size-blog-masonry-thumb\" alt=\"Boucles d&#039;oreille rubis Morebelli Abidjan\" srcset=\"https:\/\/ivoiretradecenter.com\/wp-content\/uploads\/2021\/12\/boucles-Morebelli_ITC-580x375.jpg 580w, https:\/\/ivoiretradecenter.com\/wp-content\/uploads\/2021\/12\/boucles-Morebelli_ITC-1160x750.jpg 1160w\" sizes=\"auto, (max-width: 580px) 100vw, 580px\" \/><\/a><\/figure><\/li><li class=\"cmsmasters_gallery_item\"><figure><a href=\"https:\/\/ivoiretradecenter.com\/wp-content\/uploads\/2021\/12\/bague_emeraude-Morebelli_ITC.jpg\" rel=\"ilightbox[69e1330dec3660_30154640]\"><img loading=\"lazy\" decoding=\"async\" width=\"580\" height=\"375\" src=\"https:\/\/ivoiretradecenter.com\/wp-content\/uploads\/2021\/12\/bague_emeraude-Morebelli_ITC-580x375.jpg\" class=\"attachment-blog-masonry-thumb size-blog-masonry-thumb\" alt=\"Bague \u00e9meraude Morebelli Abidjan\" srcset=\"https:\/\/ivoiretradecenter.com\/wp-content\/uploads\/2021\/12\/bague_emeraude-Morebelli_ITC-580x375.jpg 580w, https:\/\/ivoiretradecenter.com\/wp-content\/uploads\/2021\/12\/bague_emeraude-Morebelli_ITC-1160x750.jpg 1160w\" sizes=\"auto, (max-width: 580px) 100vw, 580px\" \/><\/a><\/figure><\/li><\/ul><script type=\"text\/javascript\">\r\n\t\t\t\tjQuery(document).ready(function () {\r\n\t\t\t\t\t(function ($) {\r\n\t\t\t\t\t\tif ($('#cmsmasters_gallery_69e1330dec3660_30154640').find('.cmsmasters_gallery_item').length == '0') {\r\n\t\t\t\t\t\t\treturn false;\r\n\t\t\t\t\t\t}\r\n\t\t\t\t\t\t\r\n\t\t\t\t\t\t\r\n\t\t\t\t\t\tstartGallery( \r\n\t\t\t\t\t\t\t'69e1330dec3660_30154640', \r\n\t\t\t\t\t\t\t'grid', \r\n\t\t\t\t\t\t\t'false', \r\n\t\t\t\t\t\t\t'false' \r\n\t\t\t\t\t\t);\r\n\t\t\t\t\t} )(jQuery);\r\n\t\t\t\t} );\r\n\t\t\t<\/script>\r\n\t\t\t<\/div>\n<\/div>\n<\/div>\n<\/div>\n<\/div>\n<\/div>\n<\/div>\n<div id=\"cmsmasters_row_69e1330dee4242_40964301\" class=\"cmsmasters_row cmsmasters_color_scheme_default cmsmasters_row_top_default cmsmasters_row_bot_default cmsmasters_row_boxed\">\n<div class=\"cmsmasters_row_outer_parent\">\n<div class=\"cmsmasters_row_outer\">\n<div class=\"cmsmasters_row_inner\">\n<div class=\"cmsmasters_row_margin\">\n<div class=\"cmsmasters_column one_fourth\">\n<\/div>\n<div class=\"cmsmasters_column three_fourth\">\n\n<div id=\"cmsmasters_heading_69e1330dee77f3_58876534\" class=\"cmsmasters_heading_wrap cmsmasters_heading_align_left\">\n\t<h2 class=\"cmsmasters_heading\">DECOUVREZ LES AUTRES BOUTIQUES<\/h2>\n<\/div>\n\n<div id=\"cmsmasters_divider_69e1330dee9e83_63515277\" class=\"cmsmasters_divider cmsmasters_divider_width_long cmsmasters_divider_pos_center\"><\/div>\n<\/div>\n<\/div>\n<\/div>\n<\/div>\n<\/div>\n<\/div>\n<div id=\"cmsmasters_row_69e1330deea127_58396697\" class=\"cmsmasters_row cmsmasters_color_scheme_default cmsmasters_row_top_default cmsmasters_row_bot_default cmsmasters_row_boxed\">\n<div class=\"cmsmasters_row_outer_parent\">\n<div class=\"cmsmasters_row_outer\">\n<div class=\"cmsmasters_row_inner\">\n<div class=\"cmsmasters_row_margin\">\n<div class=\"cmsmasters_column one_fourth\">\n<\/div>\n<div class=\"cmsmasters_column one_fourth\">\n<div class=\"custom_html\">\n<p><a href=\"https:\/\/ivoiretradecenter.com\/aby\/\">ABY<\/a> <br \/>\n<a href=\"https:\/\/ivoiretradecenter.com\/africa-guest-services\/\">Africa Guest Services<\/a> <br \/>\n<a href=\"https:\/\/ivoiretradecenter.com\/air-france\/\">Air France<\/a><br \/>\n<a href=\"https:\/\/ivoiretradecenter.com\/franck-provost-itc\/\">Franck Provost<\/a><\/p>\n<\/div>\n<\/div>\n<div class=\"cmsmasters_column one_fourth\">\n<div class=\"custom_html\">\n<p><a href=\"https:\/\/ivoiretradecenter.com\/ideal-optic\/\">Id\u00e9al Optic<\/a><br \/>\n<a href=\"https:\/\/ivoiretradecenter.com\/monop-ivoire\/\">Monop'Ivoire<\/a> <br \/>\n<a href=\"https:\/\/ivoiretradecenter.com\/oclean\/\">O'Clean<\/a><\/p>\n<\/div>\n<\/div>\n<div class=\"cmsmasters_column one_fourth\">\n<div class=\"custom_html\">\n<p><a href=\"https:\/\/ivoiretradecenter.com\/paraone\/\">Paraone<\/a> <br \/>\n<a href=\"https:\/\/ivoiretradecenter.com\/racines\/\">Racines<\/a><br \/>\n<a href=\"https:\/\/ivoiretradecenter.com\/saphir-voyages\/\">Saphir Voyages<\/a><\/p>\n<\/div>\n<\/div>\n<\/div>\n<\/div>\n<\/div>\n<\/div>\n<\/div>\n\n","protected":false},"excerpt":{"rendered":"","protected":false},"author":5,"featured_media":0,"parent":0,"menu_order":0,"comment_status":"closed","ping_status":"closed","template":"","meta":{"footnotes":""},"class_list":["post-10108","page","type-page","status-publish","hentry"],"_links":{"self":[{"href":"https:\/\/ivoiretradecenter.com\/en\/wp-json\/wp\/v2\/pages\/10108","targetHints":{"allow":["GET"]}}],"collection":[{"href":"https:\/\/ivoiretradecenter.com\/en\/wp-json\/wp\/v2\/pages"}],"about":[{"href":"https:\/\/ivoiretradecenter.com\/en\/wp-json\/wp\/v2\/types\/page"}],"author":[{"embeddable":true,"href":"https:\/\/ivoiretradecenter.com\/en\/wp-json\/wp\/v2\/users\/5"}],"replies":[{"embeddable":true,"href":"https:\/\/ivoiretradecenter.com\/en\/wp-json\/wp\/v2\/comments?post=10108"}],"version-history":[{"count":0,"href":"https:\/\/ivoiretradecenter.com\/en\/wp-json\/wp\/v2\/pages\/10108\/revisions"}],"wp:attachment":[{"href":"https:\/\/ivoiretradecenter.com\/en\/wp-json\/wp\/v2\/media?parent=10108"}],"curies":[{"name":"wp","href":"https:\/\/api.w.org\/{rel}","templated":true}]}}