{"id":10111,"date":"2021-09-27T17:09:02","date_gmt":"2021-09-27T17:09:02","guid":{"rendered":"http:\/\/ivoiretradecenter.com\/?page_id=10111"},"modified":"2025-12-03T15:12:05","modified_gmt":"2025-12-03T15:12:05","slug":"air-france","status":"publish","type":"page","link":"https:\/\/ivoiretradecenter.com\/en\/air-france\/","title":{"rendered":"Air France"},"content":{"rendered":"<style type=\"text\/css\"> \n#cmsmasters_row_69f4fe3a24b123_73017931 .cmsmasters_row_outer_parent { \n\tpadding-top: 50px; \n} \n\n#cmsmasters_row_69f4fe3a24b123_73017931 .cmsmasters_row_outer_parent { \n\tpadding-bottom: 55px; \n} \n\n \n#cmsmasters_divider_69f4fe3a25c577_25813233 { \n\tborder-bottom-width:1px; \n\tborder-bottom-style:solid; \n\tpadding-top:0px; \n\tmargin-bottom:0px; \n} \n \n#cmsmasters_heading_69f4fe3a25f7e2_52428073 { \n\ttext-align:left; \n\tmargin-top:30px; \n\tmargin-bottom:10px; \n} \n\n#cmsmasters_heading_69f4fe3a25f7e2_52428073 .cmsmasters_heading { \n\ttext-align:left; \n} \n\n#cmsmasters_heading_69f4fe3a25f7e2_52428073 .cmsmasters_heading, #cmsmasters_heading_69f4fe3a25f7e2_52428073 .cmsmasters_heading a { \n\tfont-weight:700; \n\tfont-style:normal; \n} \n\n#cmsmasters_heading_69f4fe3a25f7e2_52428073 .cmsmasters_heading_divider { \n} \n\n \n#cmsmasters_heading_69f4fe3a2626b1_59992885 { \n\ttext-align:left; \n\tmargin-top:0px; \n\tmargin-bottom:30px; \n} \n\n#cmsmasters_heading_69f4fe3a2626b1_59992885 .cmsmasters_heading { \n\ttext-align:left; \n} \n\n#cmsmasters_heading_69f4fe3a2626b1_59992885 .cmsmasters_heading, #cmsmasters_heading_69f4fe3a2626b1_59992885 .cmsmasters_heading a { \n\tfont-weight:700; \n\tfont-style:normal; \n} \n\n#cmsmasters_heading_69f4fe3a2626b1_59992885 .cmsmasters_heading_divider { \n} \n\n \n#cmsmasters_heading_69f4fe3a2654e2_95197258 { \n\ttext-align:left; \n\tmargin-top:0px; \n\tmargin-bottom:10px; \n} \n\n#cmsmasters_heading_69f4fe3a2654e2_95197258 .cmsmasters_heading { \n\ttext-align:left; \n} \n\n#cmsmasters_heading_69f4fe3a2654e2_95197258 .cmsmasters_heading, #cmsmasters_heading_69f4fe3a2654e2_95197258 .cmsmasters_heading a { \n\tfont-weight:700; \n\tfont-style:normal; \n} \n\n#cmsmasters_heading_69f4fe3a2654e2_95197258 .cmsmasters_heading_divider { \n} \n\n \n#cmsmasters_heading_69f4fe3a2682f4_71772933 { \n\ttext-align:left; \n\tmargin-top:0px; \n\tmargin-bottom:30px; \n} \n\n#cmsmasters_heading_69f4fe3a2682f4_71772933 .cmsmasters_heading { \n\ttext-align:left; \n} \n\n#cmsmasters_heading_69f4fe3a2682f4_71772933 .cmsmasters_heading, #cmsmasters_heading_69f4fe3a2682f4_71772933 .cmsmasters_heading a { \n\tfont-weight:700; \n\tfont-style:normal; \n} \n\n#cmsmasters_heading_69f4fe3a2682f4_71772933 .cmsmasters_heading_divider { \n} \n\n \n#cmsmasters_heading_69f4fe3a26a8f7_18800726 { \n\ttext-align:left; \n\tmargin-top:0px; \n\tmargin-bottom:10px; \n} \n\n#cmsmasters_heading_69f4fe3a26a8f7_18800726 .cmsmasters_heading { \n\ttext-align:left; \n} \n\n#cmsmasters_heading_69f4fe3a26a8f7_18800726 .cmsmasters_heading, #cmsmasters_heading_69f4fe3a26a8f7_18800726 .cmsmasters_heading a { \n\tfont-weight:700; \n\tfont-style:normal; \n} \n\n#cmsmasters_heading_69f4fe3a26a8f7_18800726 .cmsmasters_heading_divider { \n} \n\n \n#cmsmasters_heading_69f4fe3a26fd44_36159702 { \n\ttext-align:left; \n\tmargin-top:0px; \n\tmargin-bottom:20px; \n} \n\n#cmsmasters_heading_69f4fe3a26fd44_36159702 .cmsmasters_heading { \n\ttext-align:left; \n} \n\n#cmsmasters_heading_69f4fe3a26fd44_36159702 .cmsmasters_heading, #cmsmasters_heading_69f4fe3a26fd44_36159702 .cmsmasters_heading a { \n\tfont-weight:700; \n\tfont-style:normal; \n} \n\n#cmsmasters_heading_69f4fe3a26fd44_36159702 .cmsmasters_heading_divider { \n} \n\n \n#cmsmasters_divider_69f4fe3a272571_34191341 { \n\tborder-bottom-width:1px; \n\tborder-bottom-style:solid; \n\tpadding-top:0px; \n\tmargin-bottom:30px; \n} \n \n#cmsmasters_divider_69f4fe3a274ec4_47050663 { \n\tborder-bottom-width:0px; \n\tborder-bottom-style:solid; \n\tpadding-top:0px; \n\tmargin-bottom:20px; \n} \n\r\n\t\t\t\t#cmsmasters_gallery_69f4fe3a277484_32964734 .cmsmasters_gallery {\r\n\t\t\t\t\tmargin:0 0 0 -15px;\r\n\t\t\t\t}\r\n\t\t\t\t\r\n\t\t\t\t#cmsmasters_gallery_69f4fe3a277484_32964734 .cmsmasters_gallery .cmsmasters_gallery_item {\r\n\t\t\t\t\tpadding:0 0 15px 15px;\r\n\t\t\t\t}\r\n\t\t\t \n#cmsmasters_row_69f4fe3a28eca8_21530840 .cmsmasters_row_outer_parent { \n\tpadding-top: 0px; \n} \n\n#cmsmasters_row_69f4fe3a28eca8_21530840 .cmsmasters_row_outer_parent { \n\tpadding-bottom: 0px; \n} \n\n \n#cmsmasters_heading_69f4fe3a2923d9_09139983 { \n\ttext-align:left; \n\tmargin-top:0px; \n\tmargin-bottom:20px; \n} \n\n#cmsmasters_heading_69f4fe3a2923d9_09139983 .cmsmasters_heading { \n\ttext-align:left; \n} \n\n#cmsmasters_heading_69f4fe3a2923d9_09139983 .cmsmasters_heading, #cmsmasters_heading_69f4fe3a2923d9_09139983 .cmsmasters_heading a { \n\tfont-weight:700; \n\tfont-style:normal; \n} \n\n#cmsmasters_heading_69f4fe3a2923d9_09139983 .cmsmasters_heading_divider { \n} \n\n \n#cmsmasters_divider_69f4fe3a2949c6_02824097 { \n\tborder-bottom-width:1px; \n\tborder-bottom-style:solid; \n\tpadding-top:0px; \n\tmargin-bottom:30px; \n} \n \n#cmsmasters_row_69f4fe3a294bf1_70688475 .cmsmasters_row_outer_parent { \n\tpadding-top: 0px; \n} \n\n#cmsmasters_row_69f4fe3a294bf1_70688475 .cmsmasters_row_outer_parent { \n\tpadding-bottom: 50px; \n} \n\n<\/style><div id=\"cmsmasters_row_69f4fe3a24b123_73017931\" class=\"cmsmasters_row cmsmasters_color_scheme_default cmsmasters_row_top_default cmsmasters_row_bot_default cmsmasters_row_boxed\">\n<div class=\"cmsmasters_row_outer_parent\">\n<div class=\"cmsmasters_row_outer\">\n<div class=\"cmsmasters_row_inner\">\n<div class=\"cmsmasters_row_margin\">\n<div class=\"cmsmasters_column one_fourth\">\n<div class=\"cmsmasters_img  cmsmasters_image_n white-backgroud\">\n<a href=\"http:\/\/ivoiretradecenter.com\/wp-content\/uploads\/2021\/10\/ITC_airfrance-2.png\"><img decoding=\"async\" src=\"https:\/\/ivoiretradecenter.com\/wp-content\/uploads\/2021\/10\/ITC_airfrance-2.png\" alt=\"Air France ITC Abidjan\" \/><\/a>\n<\/div>\n\n<div id=\"cmsmasters_divider_69f4fe3a25c577_25813233\" class=\"cmsmasters_divider cmsmasters_divider_width_long cmsmasters_divider_pos_center\"><\/div>\n\n<div id=\"cmsmasters_heading_69f4fe3a25f7e2_52428073\" class=\"cmsmasters_heading_wrap cmsmasters_heading_align_left\">\n\t<h3 class=\"cmsmasters_heading\">Horaires<\/h3>\n<\/div>\n<div id=\"cmsmasters_heading_69f4fe3a2626b1_59992885\" class=\"cmsmasters_heading_wrap cmsmasters_heading_align_left\">\n\t<h5 class=\"cmsmasters_heading\"> Du lundi au jeudi de 8h \u00e0 17h45 Vendredi de 9h30 \u00e0 117h45 Samedi de 9h \u00e0 16h45<\/h5>\n<\/div>\n<div id=\"cmsmasters_heading_69f4fe3a2654e2_95197258\" class=\"cmsmasters_heading_wrap cmsmasters_heading_align_left\">\n\t<h3 class=\"cmsmasters_heading\">T\u00e9l\u00e9phone<\/h3>\n<\/div>\n<div id=\"cmsmasters_heading_69f4fe3a2682f4_71772933\" class=\"cmsmasters_heading_wrap cmsmasters_heading_align_left\">\n\t<h5 class=\"cmsmasters_heading\">+225 27 22 55 86 86 <\/h5>\n<\/div>\n<div id=\"cmsmasters_heading_69f4fe3a26a8f7_18800726\" class=\"cmsmasters_heading_wrap cmsmasters_heading_align_left\">\n\t<h3 class=\"cmsmasters_heading\">R\u00e9seaux sociaux<\/h3>\n<\/div><div class=\"custom_html\">\n<div class=\"social_wrap\">\n<div class=\"social_wrap_inner\" >\n<ul>\n<li>\n\t\t\t\t<a href=\"https:\/\/www.facebook.com\/airfrance\" class=\"cmsmasters_social_icon cmsmasters_social_icon_1 cmsmasters-icon-facebook-1\" title=\"Facebook\" target=\"_blank\"><\/a>\n\t\t\t<\/li>\n<li>\n\t\t\t\t<a href=\"https:\/\/www.instagram.com\/airfrance\/\" class=\"cmsmasters_social_icon cmsmasters_social_icon_2 cmsmasters-icon-instagram\" title=\"Instagram\" target=\"_blank\"><\/a>\n\t\t\t<\/li>\n<\/ul><\/div>\n<\/div>\n<\/div>\n<\/div>\n<div class=\"cmsmasters_column three_fourth\">\n\n<div id=\"cmsmasters_heading_69f4fe3a26fd44_36159702\" class=\"cmsmasters_heading_wrap cmsmasters_heading_align_left\">\n\t<h1 class=\"cmsmasters_heading\">AIR FRANCE<\/h1>\n<\/div>\n\n<div id=\"cmsmasters_divider_69f4fe3a272571_34191341\" class=\"cmsmasters_divider cmsmasters_divider_width_long cmsmasters_divider_pos_center\"><\/div>\n<div class=\"cmsmasters_text\">\n<p><em>La promesse d\u2019un voyage en toute s\u00e9r\u00e9nit\u00e9.<\/em><\/p>\n<p>Air France, compagnie globale d\u2019inspiration fran\u00e7aise, exigeante et attentionn\u00e9e, fait du voyage un moment de plaisir sur l\u2019ensemble des vols qu\u2019elle assure quotidiennement dans le monde.<\/p>\n<p>Son activit\u00e9 est r\u00e9partie entre le transport a\u00e9rien de passagers, le fret, la maintenance et l\u2019entretien a\u00e9ronautique. C\u2019est un acteur majeur et un pionnier du secteur a\u00e9rien mondial.<\/p>\n<p>La compagnie est pr\u00e9sente en C\u00f4te d\u2019Ivoire depuis 80 ans avec une gamme de produits tr\u00e8s compl\u00e8te : La Premi\u00e8re, La Business, La Premium Economy et la cabine Economy. Elle adapte continuellement son offre afin de r\u00e9pondre efficacement aux besoins de ses clients au d\u00e9part d\u2019Abidjan. Elle propose ainsi \u00e0 la saison hiver 2021-2022, un programme riche : jusqu\u2019\u00e0 14 vols hebdomadaires.<\/p>\n<\/div>\n\n\n<div id=\"cmsmasters_divider_69f4fe3a274ec4_47050663\" class=\"cl\"><\/div>\n<div id=\"cmsmasters_gallery_69f4fe3a277484_32964734\" class=\"cmsmasters_gallery_wrap\"><ul class=\"cmsmasters_gallery cmsmasters_2 cmsmasters_more_items_loader\"><li class=\"cmsmasters_gallery_item\"><figure><a href=\"https:\/\/ivoiretradecenter.com\/wp-content\/uploads\/2021\/11\/ITC_Airfrance-1.png\" rel=\"ilightbox[69f4fe3a277484_32964734]\"><img loading=\"lazy\" decoding=\"async\" width=\"580\" height=\"375\" src=\"https:\/\/ivoiretradecenter.com\/wp-content\/uploads\/2021\/11\/ITC_Airfrance-1-580x375.png\" class=\"attachment-blog-masonry-thumb size-blog-masonry-thumb\" alt=\"Air France Abidjan\" srcset=\"https:\/\/ivoiretradecenter.com\/wp-content\/uploads\/2021\/11\/ITC_Airfrance-1-580x375.png 580w, https:\/\/ivoiretradecenter.com\/wp-content\/uploads\/2021\/11\/ITC_Airfrance-1-1160x750.png 1160w\" sizes=\"auto, (max-width: 580px) 100vw, 580px\" \/><\/a><\/figure><\/li><li class=\"cmsmasters_gallery_item\"><figure><a href=\"https:\/\/ivoiretradecenter.com\/wp-content\/uploads\/2022\/11\/airfrance02.jpg\" rel=\"ilightbox[69f4fe3a277484_32964734]\"><img loading=\"lazy\" decoding=\"async\" width=\"580\" height=\"375\" src=\"https:\/\/ivoiretradecenter.com\/wp-content\/uploads\/2022\/11\/airfrance02-580x375.jpg\" class=\"attachment-blog-masonry-thumb size-blog-masonry-thumb\" alt=\"\" srcset=\"https:\/\/ivoiretradecenter.com\/wp-content\/uploads\/2022\/11\/airfrance02-580x375.jpg 580w, https:\/\/ivoiretradecenter.com\/wp-content\/uploads\/2022\/11\/airfrance02-1160x750.jpg 1160w\" sizes=\"auto, (max-width: 580px) 100vw, 580px\" \/><\/a><\/figure><\/li><li class=\"cmsmasters_gallery_item\"><figure><a href=\"https:\/\/ivoiretradecenter.com\/wp-content\/uploads\/2022\/11\/airfrance03.jpg\" rel=\"ilightbox[69f4fe3a277484_32964734]\"><img loading=\"lazy\" decoding=\"async\" width=\"580\" height=\"375\" src=\"https:\/\/ivoiretradecenter.com\/wp-content\/uploads\/2022\/11\/airfrance03-580x375.jpg\" class=\"attachment-blog-masonry-thumb size-blog-masonry-thumb\" alt=\"\" srcset=\"https:\/\/ivoiretradecenter.com\/wp-content\/uploads\/2022\/11\/airfrance03-580x375.jpg 580w, https:\/\/ivoiretradecenter.com\/wp-content\/uploads\/2022\/11\/airfrance03-1160x750.jpg 1160w\" sizes=\"auto, (max-width: 580px) 100vw, 580px\" \/><\/a><\/figure><\/li><li class=\"cmsmasters_gallery_item\"><figure><a href=\"https:\/\/ivoiretradecenter.com\/wp-content\/uploads\/2022\/11\/airfrance01.jpg\" rel=\"ilightbox[69f4fe3a277484_32964734]\"><img loading=\"lazy\" decoding=\"async\" width=\"580\" height=\"375\" src=\"https:\/\/ivoiretradecenter.com\/wp-content\/uploads\/2022\/11\/airfrance01-580x375.jpg\" class=\"attachment-blog-masonry-thumb size-blog-masonry-thumb\" alt=\"\" srcset=\"https:\/\/ivoiretradecenter.com\/wp-content\/uploads\/2022\/11\/airfrance01-580x375.jpg 580w, https:\/\/ivoiretradecenter.com\/wp-content\/uploads\/2022\/11\/airfrance01-1160x750.jpg 1160w\" sizes=\"auto, (max-width: 580px) 100vw, 580px\" \/><\/a><\/figure><\/li><\/ul><script type=\"text\/javascript\">\r\n\t\t\t\tjQuery(document).ready(function () {\r\n\t\t\t\t\t(function ($) {\r\n\t\t\t\t\t\tif ($('#cmsmasters_gallery_69f4fe3a277484_32964734').find('.cmsmasters_gallery_item').length == '0') {\r\n\t\t\t\t\t\t\treturn false;\r\n\t\t\t\t\t\t}\r\n\t\t\t\t\t\t\r\n\t\t\t\t\t\t\r\n\t\t\t\t\t\tstartGallery( \r\n\t\t\t\t\t\t\t'69f4fe3a277484_32964734', \r\n\t\t\t\t\t\t\t'grid', \r\n\t\t\t\t\t\t\t'false', \r\n\t\t\t\t\t\t\t'false' \r\n\t\t\t\t\t\t);\r\n\t\t\t\t\t} )(jQuery);\r\n\t\t\t\t} );\r\n\t\t\t<\/script>\r\n\t\t\t<\/div>\n<\/div>\n<\/div>\n<\/div>\n<\/div>\n<\/div>\n<\/div>\n<div id=\"cmsmasters_row_69f4fe3a28eca8_21530840\" class=\"cmsmasters_row cmsmasters_color_scheme_default cmsmasters_row_top_default cmsmasters_row_bot_default cmsmasters_row_boxed\">\n<div class=\"cmsmasters_row_outer_parent\">\n<div class=\"cmsmasters_row_outer\">\n<div class=\"cmsmasters_row_inner\">\n<div class=\"cmsmasters_row_margin\">\n<div class=\"cmsmasters_column one_fourth\">\n<\/div>\n<div class=\"cmsmasters_column three_fourth\">\n\n<div id=\"cmsmasters_heading_69f4fe3a2923d9_09139983\" class=\"cmsmasters_heading_wrap cmsmasters_heading_align_left\">\n\t<h2 class=\"cmsmasters_heading\">D\u00c9COUVREZ LES AUTRES BOUTIQUES<\/h2>\n<\/div>\n\n<div id=\"cmsmasters_divider_69f4fe3a2949c6_02824097\" class=\"cmsmasters_divider cmsmasters_divider_width_long cmsmasters_divider_pos_center\"><\/div>\n<\/div>\n<\/div>\n<\/div>\n<\/div>\n<\/div>\n<\/div>\n<div id=\"cmsmasters_row_69f4fe3a294bf1_70688475\" class=\"cmsmasters_row cmsmasters_color_scheme_default cmsmasters_row_top_default cmsmasters_row_bot_default cmsmasters_row_boxed\">\n<div class=\"cmsmasters_row_outer_parent\">\n<div class=\"cmsmasters_row_outer\">\n<div class=\"cmsmasters_row_inner\">\n<div class=\"cmsmasters_row_margin\">\n<div class=\"cmsmasters_column one_fourth\">\n<\/div>\n<div class=\"cmsmasters_column one_fourth\">\n<div class=\"custom_html\">\n<p><a href=\"https:\/\/ivoiretradecenter.com\/ABY\/\">ABY<\/a><br \/>\n<a href=\"https:\/\/ivoiretradecenter.com\/africa-guest-services\/\">Africa Guest Services<\/a> <br \/>\n<a href=\"https:\/\/ivoiretradecenter.com\/doo\/\">Doo<\/a><br \/>\n<a href=\"https:\/\/ivoiretradecenter.com\/franck-provost-itc\/\">Franck Provost<\/a><\/p>\n<\/div>\n<\/div>\n<div class=\"cmsmasters_column one_fourth\">\n<div class=\"custom_html\">\n<p><a href=\"https:\/\/ivoiretradecenter.com\/ideal-optic\/\">Id\u00e9al Optic<\/a><br \/>\n<a href=\"https:\/\/ivoiretradecenter.com\/monop-ivoire\/\">Monop'Ivoire<\/a> <br \/>\n<a href=\"https:\/\/ivoiretradecenter.com\/morebelli\/\">Morebelli<\/a><br \/>\n<a href=\"https:\/\/ivoiretradecenter.com\/oclean\/\">O'Clean<\/a><\/p>\n<\/div>\n<\/div>\n<div class=\"cmsmasters_column one_fourth\">\n<div class=\"custom_html\">\n<p><a href=\"https:\/\/ivoiretradecenter.com\/paraone\/\">Paraone<\/a> <br \/>\n<a href=\"https:\/\/ivoiretradecenter.com\/racines\/\">Racines<\/a><br \/>\n<a href=\"https:\/\/ivoiretradecenter.com\/saphir-voyages\/\">Saphir Voyages<\/a><\/p>\n<\/div>\n<\/div>\n<\/div>\n<\/div>\n<\/div>\n<\/div>\n<\/div>\n\n","protected":false},"excerpt":{"rendered":"","protected":false},"author":5,"featured_media":0,"parent":0,"menu_order":0,"comment_status":"closed","ping_status":"closed","template":"","meta":{"footnotes":""},"class_list":["post-10111","page","type-page","status-publish","hentry"],"_links":{"self":[{"href":"https:\/\/ivoiretradecenter.com\/en\/wp-json\/wp\/v2\/pages\/10111","targetHints":{"allow":["GET"]}}],"collection":[{"href":"https:\/\/ivoiretradecenter.com\/en\/wp-json\/wp\/v2\/pages"}],"about":[{"href":"https:\/\/ivoiretradecenter.com\/en\/wp-json\/wp\/v2\/types\/page"}],"author":[{"embeddable":true,"href":"https:\/\/ivoiretradecenter.com\/en\/wp-json\/wp\/v2\/users\/5"}],"replies":[{"embeddable":true,"href":"https:\/\/ivoiretradecenter.com\/en\/wp-json\/wp\/v2\/comments?post=10111"}],"version-history":[{"count":3,"href":"https:\/\/ivoiretradecenter.com\/en\/wp-json\/wp\/v2\/pages\/10111\/revisions"}],"predecessor-version":[{"id":643595,"href":"https:\/\/ivoiretradecenter.com\/en\/wp-json\/wp\/v2\/pages\/10111\/revisions\/643595"}],"wp:attachment":[{"href":"https:\/\/ivoiretradecenter.com\/en\/wp-json\/wp\/v2\/media?parent=10111"}],"curies":[{"name":"wp","href":"https:\/\/api.w.org\/{rel}","templated":true}]}}