{"id":10124,"date":"2021-09-28T09:05:05","date_gmt":"2021-09-28T09:05:05","guid":{"rendered":"http:\/\/ivoiretradecenter.com\/?page_id=10124"},"modified":"2025-04-09T09:26:08","modified_gmt":"2025-04-09T09:26:08","slug":"africafe","status":"publish","type":"page","link":"https:\/\/ivoiretradecenter.com\/en\/africafe\/","title":{"rendered":"Africaf\u00e9"},"content":{"rendered":"<style type=\"text\/css\"> \n#cmsmasters_row_69f36764038325_40430895 .cmsmasters_row_outer_parent { \n\tpadding-top: 50px; \n} \n\n#cmsmasters_row_69f36764038325_40430895 .cmsmasters_row_outer_parent { \n\tpadding-bottom: 55px; \n} \n\n \n#cmsmasters_divider_69f367640465b7_02213832 { \n\tborder-bottom-width:1px; \n\tborder-bottom-style:solid; \n\tpadding-top:0px; \n\tmargin-bottom:0px; \n} \n \n#cmsmasters_heading_69f36764048d69_31737803 { \n\ttext-align:left; \n\tmargin-top:45px; \n\tmargin-bottom:10px; \n} \n\n#cmsmasters_heading_69f36764048d69_31737803 .cmsmasters_heading { \n\ttext-align:left; \n} \n\n#cmsmasters_heading_69f36764048d69_31737803 .cmsmasters_heading, #cmsmasters_heading_69f36764048d69_31737803 .cmsmasters_heading a { \n\tfont-weight:700; \n\tfont-style:normal; \n} \n\n#cmsmasters_heading_69f36764048d69_31737803 .cmsmasters_heading_divider { \n} \n\n \n#cmsmasters_heading_69f3676404b382_57488582 { \n\ttext-align:left; \n\tmargin-top:0px; \n\tmargin-bottom:30px; \n} \n\n#cmsmasters_heading_69f3676404b382_57488582 .cmsmasters_heading { \n\ttext-align:left; \n} \n\n#cmsmasters_heading_69f3676404b382_57488582 .cmsmasters_heading, #cmsmasters_heading_69f3676404b382_57488582 .cmsmasters_heading a { \n\tfont-weight:700; \n\tfont-style:normal; \n} \n\n#cmsmasters_heading_69f3676404b382_57488582 .cmsmasters_heading_divider { \n} \n\n \n#cmsmasters_heading_69f3676404d8b7_39322188 { \n\ttext-align:left; \n\tmargin-top:0px; \n\tmargin-bottom:10px; \n} \n\n#cmsmasters_heading_69f3676404d8b7_39322188 .cmsmasters_heading { \n\ttext-align:left; \n} \n\n#cmsmasters_heading_69f3676404d8b7_39322188 .cmsmasters_heading, #cmsmasters_heading_69f3676404d8b7_39322188 .cmsmasters_heading a { \n\tfont-weight:700; \n\tfont-style:normal; \n} \n\n#cmsmasters_heading_69f3676404d8b7_39322188 .cmsmasters_heading_divider { \n} \n\n \n#cmsmasters_heading_69f3676404fe34_01956664 { \n\ttext-align:left; \n\tmargin-top:0px; \n\tmargin-bottom:30px; \n} \n\n#cmsmasters_heading_69f3676404fe34_01956664 .cmsmasters_heading { \n\ttext-align:left; \n} \n\n#cmsmasters_heading_69f3676404fe34_01956664 .cmsmasters_heading, #cmsmasters_heading_69f3676404fe34_01956664 .cmsmasters_heading a { \n\tfont-weight:700; \n\tfont-style:normal; \n} \n\n#cmsmasters_heading_69f3676404fe34_01956664 .cmsmasters_heading_divider { \n} \n\n \n#cmsmasters_heading_69f36764052493_88690095 { \n\ttext-align:left; \n\tmargin-top:0px; \n\tmargin-bottom:10px; \n} \n\n#cmsmasters_heading_69f36764052493_88690095 .cmsmasters_heading { \n\ttext-align:left; \n} \n\n#cmsmasters_heading_69f36764052493_88690095 .cmsmasters_heading, #cmsmasters_heading_69f36764052493_88690095 .cmsmasters_heading a { \n\tfont-weight:700; \n\tfont-style:normal; \n} \n\n#cmsmasters_heading_69f36764052493_88690095 .cmsmasters_heading_divider { \n} \n\n \n#cmsmasters_divider_69f36764056c76_83397302 { \n\tborder-bottom-width:0px; \n\tborder-bottom-style:solid; \n\tpadding-top:20px; \n\tmargin-bottom:5px; \n} \n\n#cmsmasters_button_69f36764059604_36262184 { \n\tfloat:left; \n} \n\n#cmsmasters_button_69f36764059604_36262184 .cmsmasters_button:before { \n\tmargin-right:.5em; \n\tmargin-left:0; \n\tvertical-align:baseline; \n} \n\n#cmsmasters_button_69f36764059604_36262184 .cmsmasters_button { \n\tfont-weight:normal; \n\tfont-style:normal; \n\tborder-style:solid; \n} \n#cmsmasters_button_69f36764059604_36262184 .cmsmasters_button:hover { \n} \n \n#cmsmasters_heading_69f3676405cac2_65226956 { \n\ttext-align:left; \n\tmargin-top:0px; \n\tmargin-bottom:20px; \n} \n\n#cmsmasters_heading_69f3676405cac2_65226956 .cmsmasters_heading { \n\ttext-align:left; \n} \n\n#cmsmasters_heading_69f3676405cac2_65226956 .cmsmasters_heading, #cmsmasters_heading_69f3676405cac2_65226956 .cmsmasters_heading a { \n\tfont-weight:700; \n\tfont-style:normal; \n} \n\n#cmsmasters_heading_69f3676405cac2_65226956 .cmsmasters_heading_divider { \n} \n\n \n#cmsmasters_divider_69f3676405f103_29084558 { \n\tborder-bottom-width:1px; \n\tborder-bottom-style:solid; \n\tpadding-top:0px; \n\tmargin-bottom:30px; \n} \n \n#cmsmasters_divider_69f36764061933_13302116 { \n\tborder-bottom-width:0px; \n\tborder-bottom-style:solid; \n\tpadding-top:0px; \n\tmargin-bottom:20px; \n} \n\r\n\t\t\t\t#cmsmasters_gallery_69f36764063fc1_83055901 .cmsmasters_gallery {\r\n\t\t\t\t\tmargin:0 0 0 -15px;\r\n\t\t\t\t}\r\n\t\t\t\t\r\n\t\t\t\t#cmsmasters_gallery_69f36764063fc1_83055901 .cmsmasters_gallery .cmsmasters_gallery_item {\r\n\t\t\t\t\tpadding:0 0 15px 15px;\r\n\t\t\t\t}\r\n\t\t\t \n#cmsmasters_row_69f36764077436_21192532 .cmsmasters_row_outer_parent { \n\tpadding-top: 0px; \n} \n\n#cmsmasters_row_69f36764077436_21192532 .cmsmasters_row_outer_parent { \n\tpadding-bottom: 0px; \n} \n\n \n#cmsmasters_heading_69f3676407a9a0_97795568 { \n\ttext-align:left; \n\tmargin-top:0px; \n\tmargin-bottom:20px; \n} \n\n#cmsmasters_heading_69f3676407a9a0_97795568 .cmsmasters_heading { \n\ttext-align:left; \n} \n\n#cmsmasters_heading_69f3676407a9a0_97795568 .cmsmasters_heading, #cmsmasters_heading_69f3676407a9a0_97795568 .cmsmasters_heading a { \n\tfont-weight:700; \n\tfont-style:normal; \n} \n\n#cmsmasters_heading_69f3676407a9a0_97795568 .cmsmasters_heading_divider { \n} \n\n \n#cmsmasters_divider_69f3676407cf85_02519146 { \n\tborder-bottom-width:1px; \n\tborder-bottom-style:solid; \n\tpadding-top:0px; \n\tmargin-bottom:30px; \n} \n \n#cmsmasters_row_69f3676407d1a7_37212713 .cmsmasters_row_outer_parent { \n\tpadding-top: 0px; \n} \n\n#cmsmasters_row_69f3676407d1a7_37212713 .cmsmasters_row_outer_parent { \n\tpadding-bottom: 50px; \n} \n\n<\/style><div id=\"cmsmasters_row_69f36764038325_40430895\" class=\"cmsmasters_row cmsmasters_color_scheme_default cmsmasters_row_top_default cmsmasters_row_bot_default cmsmasters_row_boxed\">\n<div class=\"cmsmasters_row_outer_parent\">\n<div class=\"cmsmasters_row_outer\">\n<div class=\"cmsmasters_row_inner\">\n<div class=\"cmsmasters_row_margin\">\n<div class=\"cmsmasters_column one_fourth\">\n<div class=\"cmsmasters_img  cmsmasters_image_n\">\n<img decoding=\"async\" src=\"https:\/\/ivoiretradecenter.com\/wp-content\/uploads\/2024\/04\/Logo-298x300.jpeg\" \/>\n<\/div>\n\n<div id=\"cmsmasters_divider_69f367640465b7_02213832\" class=\"cmsmasters_divider cmsmasters_divider_width_long cmsmasters_divider_pos_center\"><\/div>\n\n<div id=\"cmsmasters_heading_69f36764048d69_31737803\" class=\"cmsmasters_heading_wrap cmsmasters_heading_align_left\">\n\t<h3 class=\"cmsmasters_heading\">Horaires<\/h3>\n<\/div>\n<div id=\"cmsmasters_heading_69f3676404b382_57488582\" class=\"cmsmasters_heading_wrap cmsmasters_heading_align_left\">\n\t<h5 class=\"cmsmasters_heading\">Lundi au vendredi : 7h30-19h Samedi : 9h-19h Dimanche : 10h-16h<\/h5>\n<\/div>\n<div id=\"cmsmasters_heading_69f3676404d8b7_39322188\" class=\"cmsmasters_heading_wrap cmsmasters_heading_align_left\">\n\t<h3 class=\"cmsmasters_heading\">T\u00e9l\u00e9phone<\/h3>\n<\/div>\n<div id=\"cmsmasters_heading_69f3676404fe34_01956664\" class=\"cmsmasters_heading_wrap cmsmasters_heading_align_left\">\n\t<h5 class=\"cmsmasters_heading\">+225 07 88 94 49 11<\/h5>\n<\/div>\n<div id=\"cmsmasters_heading_69f36764052493_88690095\" class=\"cmsmasters_heading_wrap cmsmasters_heading_align_left\">\n\t<h3 class=\"cmsmasters_heading\">R\u00e9seaux sociaux<\/h3>\n<\/div><div class=\"custom_html\">\n<div class=\"social_wrap\">\n<div class=\"social_wrap_inner\" >\n<ul>\n<li>\n\t\t\t\t<a href=\"https:\/\/www.facebook.com\/africafeabj\" class=\"cmsmasters_social_icon cmsmasters_social_icon_1 cmsmasters-icon-facebook-1\" title=\"Facebook\" target=\"_blank\"><\/a>\n\t\t\t<\/li>\n<li>\n\t\t\t\t<a href=\"https:\/\/www.instagram.com\/africafeabj\/\" class=\"cmsmasters_social_icon cmsmasters_social_icon_2 cmsmasters-icon-instagram\" title=\"Instagram\" target=\"_blank\"><\/a>\n\t\t\t<\/li>\n<\/ul><\/div>\n<\/div>\n<\/div>\n\n<div id=\"cmsmasters_divider_69f36764056c76_83397302\" class=\"cl\"><\/div>\n\n<div id=\"cmsmasters_button_69f36764059604_36262184\" class=\"button_wrap\"><a href=\"http:\/\/ivoiretradecenter.com\/wp-content\/uploads\/2023\/08\/Carte-ITC-Aout-2023.pdf\" class=\"cmsmasters_button\" target=\"_blank\"><span>Voir la carte<\/span><\/a><\/div>\n<\/div>\n<div class=\"cmsmasters_column three_fourth\">\n\n<div id=\"cmsmasters_heading_69f3676405cac2_65226956\" class=\"cmsmasters_heading_wrap cmsmasters_heading_align_left\">\n\t<h1 class=\"cmsmasters_heading\">Africaf\u00e9<\/h1>\n<\/div>\n\n<div id=\"cmsmasters_divider_69f3676405f103_29084558\" class=\"cmsmasters_divider cmsmasters_divider_width_long cmsmasters_divider_pos_center\"><\/div>\n<div class=\"cmsmasters_text\">\n<p><em>The Coffee shop with an African twist !<\/em><\/p>\n<p>Africaf\u00e9 c&#8217;est le corner du Food Hall o\u00f9 l\u2019on peut prendre un caf\u00e9 kenyan au petit d\u00e9jeuner, d\u00e9couvrir un plat de Toubouctou, le widjila, pour le d\u00e9jeuner et emporter un cheesecake bissap pour le go\u00fbter.<\/p>\n<p>Proposant un voyage culinaire au rythme de la journ\u00e9e, Africaf\u00e9 vous fait (re)d\u00e9couvrir l&#8217;Afrique pendant vos pauses gourmandes.<\/p>\n<\/div>\n\n\n<div id=\"cmsmasters_divider_69f36764061933_13302116\" class=\"cl\"><\/div>\n<div id=\"cmsmasters_gallery_69f36764063fc1_83055901\" class=\"cmsmasters_gallery_wrap\"><ul class=\"cmsmasters_gallery cmsmasters_3 cmsmasters_more_items_loader\"><li class=\"cmsmasters_gallery_item\"><figure><a href=\"https:\/\/ivoiretradecenter.com\/wp-content\/uploads\/2021\/09\/ITC_Africafe-3.png\" rel=\"ilightbox[69f36764063fc1_83055901]\"><img loading=\"lazy\" decoding=\"async\" width=\"580\" height=\"375\" src=\"https:\/\/ivoiretradecenter.com\/wp-content\/uploads\/2021\/09\/ITC_Africafe-3-580x375.png\" class=\"attachment-blog-masonry-thumb size-blog-masonry-thumb\" alt=\"Africaf\u00e9 ITC Abidjan\" srcset=\"https:\/\/ivoiretradecenter.com\/wp-content\/uploads\/2021\/09\/ITC_Africafe-3-580x375.png 580w, https:\/\/ivoiretradecenter.com\/wp-content\/uploads\/2021\/09\/ITC_Africafe-3-1160x750.png 1160w\" sizes=\"auto, (max-width: 580px) 100vw, 580px\" \/><\/a><\/figure><\/li><li class=\"cmsmasters_gallery_item\"><figure><a href=\"https:\/\/ivoiretradecenter.com\/wp-content\/uploads\/2022\/10\/image00038-3-scaled.jpeg\" rel=\"ilightbox[69f36764063fc1_83055901]\"><img loading=\"lazy\" decoding=\"async\" width=\"580\" height=\"375\" src=\"https:\/\/ivoiretradecenter.com\/wp-content\/uploads\/2022\/10\/image00038-3-580x375.jpeg\" class=\"attachment-blog-masonry-thumb size-blog-masonry-thumb\" alt=\"\" srcset=\"https:\/\/ivoiretradecenter.com\/wp-content\/uploads\/2022\/10\/image00038-3-580x375.jpeg 580w, https:\/\/ivoiretradecenter.com\/wp-content\/uploads\/2022\/10\/image00038-3-1160x750.jpeg 1160w\" sizes=\"auto, (max-width: 580px) 100vw, 580px\" \/><\/a><\/figure><\/li><li class=\"cmsmasters_gallery_item\"><figure><a href=\"https:\/\/ivoiretradecenter.com\/wp-content\/uploads\/2022\/10\/image00009-scaled.jpeg\" rel=\"ilightbox[69f36764063fc1_83055901]\"><img loading=\"lazy\" decoding=\"async\" width=\"580\" height=\"375\" src=\"https:\/\/ivoiretradecenter.com\/wp-content\/uploads\/2022\/10\/image00009-580x375.jpeg\" class=\"attachment-blog-masonry-thumb size-blog-masonry-thumb\" alt=\"\" srcset=\"https:\/\/ivoiretradecenter.com\/wp-content\/uploads\/2022\/10\/image00009-580x375.jpeg 580w, https:\/\/ivoiretradecenter.com\/wp-content\/uploads\/2022\/10\/image00009-1160x750.jpeg 1160w\" sizes=\"auto, (max-width: 580px) 100vw, 580px\" \/><\/a><\/figure><\/li><\/ul><script type=\"text\/javascript\">\r\n\t\t\t\tjQuery(document).ready(function () {\r\n\t\t\t\t\t(function ($) {\r\n\t\t\t\t\t\tif ($('#cmsmasters_gallery_69f36764063fc1_83055901').find('.cmsmasters_gallery_item').length == '0') {\r\n\t\t\t\t\t\t\treturn false;\r\n\t\t\t\t\t\t}\r\n\t\t\t\t\t\t\r\n\t\t\t\t\t\t\r\n\t\t\t\t\t\tstartGallery( \r\n\t\t\t\t\t\t\t'69f36764063fc1_83055901', \r\n\t\t\t\t\t\t\t'grid', \r\n\t\t\t\t\t\t\t'false', \r\n\t\t\t\t\t\t\t'false' \r\n\t\t\t\t\t\t);\r\n\t\t\t\t\t} )(jQuery);\r\n\t\t\t\t} );\r\n\t\t\t<\/script>\r\n\t\t\t<\/div>\n<\/div>\n<\/div>\n<\/div>\n<\/div>\n<\/div>\n<\/div>\n<div id=\"cmsmasters_row_69f36764077436_21192532\" class=\"cmsmasters_row cmsmasters_color_scheme_default cmsmasters_row_top_default cmsmasters_row_bot_default cmsmasters_row_boxed\">\n<div class=\"cmsmasters_row_outer_parent\">\n<div class=\"cmsmasters_row_outer\">\n<div class=\"cmsmasters_row_inner\">\n<div class=\"cmsmasters_row_margin\">\n<div class=\"cmsmasters_column one_fourth\">\n<\/div>\n<div class=\"cmsmasters_column three_fourth\">\n\n<div id=\"cmsmasters_heading_69f3676407a9a0_97795568\" class=\"cmsmasters_heading_wrap cmsmasters_heading_align_left\">\n\t<h2 class=\"cmsmasters_heading\">DECOUVREZ LES AUTRES ETABLISSEMENTS<\/h2>\n<\/div>\n\n<div id=\"cmsmasters_divider_69f3676407cf85_02519146\" class=\"cmsmasters_divider cmsmasters_divider_width_long cmsmasters_divider_pos_center\"><\/div>\n<\/div>\n<\/div>\n<\/div>\n<\/div>\n<\/div>\n<\/div>\n<div id=\"cmsmasters_row_69f3676407d1a7_37212713\" class=\"cmsmasters_row cmsmasters_color_scheme_default cmsmasters_row_top_default cmsmasters_row_bot_default cmsmasters_row_boxed\">\n<div class=\"cmsmasters_row_outer_parent\">\n<div class=\"cmsmasters_row_outer\">\n<div class=\"cmsmasters_row_inner\">\n<div class=\"cmsmasters_row_margin\">\n<div class=\"cmsmasters_column one_fourth\">\n<\/div>\n<div class=\"cmsmasters_column one_fourth\">\n<div class=\"custom_html\">\n<p><a href=\"https:\/\/ivoiretradecenter.com\/cheese-restaurant\/\">Cheese<\/a> <br \/>\n<a href=\"https:\/\/ivoiretradecenter.com\/atelier-mechoui\/\">L'Atelier du M\u00e9choui<\/a><\/p>\n<\/div>\n<\/div>\n<div class=\"cmsmasters_column one_fourth\">\n<div class=\"custom_html\">\n<p><a href=\"https:\/\/ivoiretradecenter.com\/nougatine\/\">Nougatine<\/a> <br \/>\n<a href=\"https:\/\/ivoiretradecenter.com\/uchico\/\">Uchico<\/a><\/p>\n<\/div>\n<\/div>\n<div class=\"cmsmasters_column one_fourth\">\n<div class=\"custom_html\">\n<p><a href=\"https:\/\/ivoiretradecenter.com\/kitch-bar\/\">Kitch Bar<\/a> <br \/>\n<a href=\"https:\/\/ivoiretradecenter.com\/le-comptoir\/\">Le Comptoir<\/a> <\/p>\n<\/div>\n<\/div>\n<\/div>\n<\/div>\n<\/div>\n<\/div>\n<\/div>\n\n","protected":false},"excerpt":{"rendered":"","protected":false},"author":5,"featured_media":0,"parent":0,"menu_order":0,"comment_status":"closed","ping_status":"closed","template":"","meta":{"footnotes":""},"class_list":["post-10124","page","type-page","status-publish","hentry"],"_links":{"self":[{"href":"https:\/\/ivoiretradecenter.com\/en\/wp-json\/wp\/v2\/pages\/10124","targetHints":{"allow":["GET"]}}],"collection":[{"href":"https:\/\/ivoiretradecenter.com\/en\/wp-json\/wp\/v2\/pages"}],"about":[{"href":"https:\/\/ivoiretradecenter.com\/en\/wp-json\/wp\/v2\/types\/page"}],"author":[{"embeddable":true,"href":"https:\/\/ivoiretradecenter.com\/en\/wp-json\/wp\/v2\/users\/5"}],"replies":[{"embeddable":true,"href":"https:\/\/ivoiretradecenter.com\/en\/wp-json\/wp\/v2\/comments?post=10124"}],"version-history":[{"count":6,"href":"https:\/\/ivoiretradecenter.com\/en\/wp-json\/wp\/v2\/pages\/10124\/revisions"}],"predecessor-version":[{"id":149924,"href":"https:\/\/ivoiretradecenter.com\/en\/wp-json\/wp\/v2\/pages\/10124\/revisions\/149924"}],"wp:attachment":[{"href":"https:\/\/ivoiretradecenter.com\/en\/wp-json\/wp\/v2\/media?parent=10124"}],"curies":[{"name":"wp","href":"https:\/\/api.w.org\/{rel}","templated":true}]}}