{"id":10228,"date":"2021-10-13T09:06:04","date_gmt":"2021-10-13T09:06:04","guid":{"rendered":"http:\/\/ivoiretradecenter.com\/?page_id=10228"},"modified":"2023-12-07T12:38:03","modified_gmt":"2023-12-07T12:38:03","slug":"ideal-optic","status":"publish","type":"page","link":"https:\/\/ivoiretradecenter.com\/en\/ideal-optic\/","title":{"rendered":"Id\u00e9al Optic"},"content":{"rendered":"<style type=\"text\/css\"> \n#cmsmasters_row_69e13973b353b6_64612939 .cmsmasters_row_outer_parent { \n\tpadding-top: 50px; \n} \n\n#cmsmasters_row_69e13973b353b6_64612939 .cmsmasters_row_outer_parent { \n\tpadding-bottom: 55px; \n} \n\n \n#cmsmasters_divider_69e13973b416f2_09015874 { \n\tborder-bottom-width:1px; \n\tborder-bottom-style:solid; \n\tpadding-top:0px; \n\tmargin-bottom:0px; \n} \n \n#cmsmasters_heading_69e13973b43fd5_68017535 { \n\ttext-align:left; \n\tmargin-top:45px; \n\tmargin-bottom:10px; \n} \n\n#cmsmasters_heading_69e13973b43fd5_68017535 .cmsmasters_heading { \n\ttext-align:left; \n} \n\n#cmsmasters_heading_69e13973b43fd5_68017535 .cmsmasters_heading, #cmsmasters_heading_69e13973b43fd5_68017535 .cmsmasters_heading a { \n\tfont-weight:700; \n\tfont-style:normal; \n} \n\n#cmsmasters_heading_69e13973b43fd5_68017535 .cmsmasters_heading_divider { \n} \n\n \n#cmsmasters_heading_69e13973b46677_68872440 { \n\ttext-align:left; \n\tmargin-top:0px; \n\tmargin-bottom:30px; \n} \n\n#cmsmasters_heading_69e13973b46677_68872440 .cmsmasters_heading { \n\ttext-align:left; \n} \n\n#cmsmasters_heading_69e13973b46677_68872440 .cmsmasters_heading, #cmsmasters_heading_69e13973b46677_68872440 .cmsmasters_heading a { \n\tfont-weight:700; \n\tfont-style:normal; \n} \n\n#cmsmasters_heading_69e13973b46677_68872440 .cmsmasters_heading_divider { \n} \n\n \n#cmsmasters_heading_69e13973b48b66_08723778 { \n\ttext-align:left; \n\tmargin-top:0px; \n\tmargin-bottom:10px; \n} \n\n#cmsmasters_heading_69e13973b48b66_08723778 .cmsmasters_heading { \n\ttext-align:left; \n} \n\n#cmsmasters_heading_69e13973b48b66_08723778 .cmsmasters_heading, #cmsmasters_heading_69e13973b48b66_08723778 .cmsmasters_heading a { \n\tfont-weight:700; \n\tfont-style:normal; \n} \n\n#cmsmasters_heading_69e13973b48b66_08723778 .cmsmasters_heading_divider { \n} \n\n \n#cmsmasters_heading_69e13973b4b117_62237342 { \n\ttext-align:left; \n\tmargin-top:0px; \n\tmargin-bottom:30px; \n} \n\n#cmsmasters_heading_69e13973b4b117_62237342 .cmsmasters_heading { \n\ttext-align:left; \n} \n\n#cmsmasters_heading_69e13973b4b117_62237342 .cmsmasters_heading, #cmsmasters_heading_69e13973b4b117_62237342 .cmsmasters_heading a { \n\tfont-weight:700; \n\tfont-style:normal; \n} \n\n#cmsmasters_heading_69e13973b4b117_62237342 .cmsmasters_heading_divider { \n} \n\n \n#cmsmasters_heading_69e13973b4d631_20876115 { \n\ttext-align:left; \n\tmargin-top:0px; \n\tmargin-bottom:10px; \n} \n\n#cmsmasters_heading_69e13973b4d631_20876115 .cmsmasters_heading { \n\ttext-align:left; \n} \n\n#cmsmasters_heading_69e13973b4d631_20876115 .cmsmasters_heading, #cmsmasters_heading_69e13973b4d631_20876115 .cmsmasters_heading a { \n\tfont-weight:700; \n\tfont-style:normal; \n} \n\n#cmsmasters_heading_69e13973b4d631_20876115 .cmsmasters_heading_divider { \n} \n\n \n#cmsmasters_heading_69e13973b52a53_24662831 { \n\ttext-align:left; \n\tmargin-top:0px; \n\tmargin-bottom:20px; \n} \n\n#cmsmasters_heading_69e13973b52a53_24662831 .cmsmasters_heading { \n\ttext-align:left; \n} \n\n#cmsmasters_heading_69e13973b52a53_24662831 .cmsmasters_heading, #cmsmasters_heading_69e13973b52a53_24662831 .cmsmasters_heading a { \n\tfont-weight:700; \n\tfont-style:normal; \n} \n\n#cmsmasters_heading_69e13973b52a53_24662831 .cmsmasters_heading_divider { \n} \n\n \n#cmsmasters_divider_69e13973b552b0_13292326 { \n\tborder-bottom-width:1px; \n\tborder-bottom-style:solid; \n\tpadding-top:0px; \n\tmargin-bottom:30px; \n} \n \n#cmsmasters_divider_69e13973b57ad9_44487435 { \n\tborder-bottom-width:0px; \n\tborder-bottom-style:solid; \n\tpadding-top:0px; \n\tmargin-bottom:20px; \n} \n\r\n\t\t\t\t#cmsmasters_gallery_69e13973b5a214_02369569 .cmsmasters_gallery {\r\n\t\t\t\t\tmargin:0 0 0 -15px;\r\n\t\t\t\t}\r\n\t\t\t\t\r\n\t\t\t\t#cmsmasters_gallery_69e13973b5a214_02369569 .cmsmasters_gallery .cmsmasters_gallery_item {\r\n\t\t\t\t\tpadding:0 0 15px 15px;\r\n\t\t\t\t}\r\n\t\t\t \n#cmsmasters_row_69e13973b7ae18_86549750 .cmsmasters_row_outer_parent { \n\tpadding-top: 0px; \n} \n\n#cmsmasters_row_69e13973b7ae18_86549750 .cmsmasters_row_outer_parent { \n\tpadding-bottom: 0px; \n} \n\n \n#cmsmasters_heading_69e13973b7e3c3_82156176 { \n\ttext-align:left; \n\tmargin-top:0px; \n\tmargin-bottom:20px; \n} \n\n#cmsmasters_heading_69e13973b7e3c3_82156176 .cmsmasters_heading { \n\ttext-align:left; \n} \n\n#cmsmasters_heading_69e13973b7e3c3_82156176 .cmsmasters_heading, #cmsmasters_heading_69e13973b7e3c3_82156176 .cmsmasters_heading a { \n\tfont-weight:700; \n\tfont-style:normal; \n} \n\n#cmsmasters_heading_69e13973b7e3c3_82156176 .cmsmasters_heading_divider { \n} \n\n \n#cmsmasters_divider_69e13973b80a31_78067358 { \n\tborder-bottom-width:1px; \n\tborder-bottom-style:solid; \n\tpadding-top:0px; \n\tmargin-bottom:30px; \n} \n \n#cmsmasters_row_69e13973b80c80_56097978 .cmsmasters_row_outer_parent { \n\tpadding-bottom: 50px; \n} \n\n<\/style><div id=\"cmsmasters_row_69e13973b353b6_64612939\" class=\"cmsmasters_row cmsmasters_color_scheme_default cmsmasters_row_top_default cmsmasters_row_bot_default cmsmasters_row_boxed\">\n<div class=\"cmsmasters_row_outer_parent\">\n<div class=\"cmsmasters_row_outer\">\n<div class=\"cmsmasters_row_inner\">\n<div class=\"cmsmasters_row_margin\">\n<div class=\"cmsmasters_column one_fourth\">\n<div class=\"cmsmasters_img  cmsmasters_image_n white-backgroud\">\n<a href=\"http:\/\/ivoiretradecenter.com\/wp-content\/uploads\/2021\/10\/ITC_ideal_optic-2.png\"><img decoding=\"async\" src=\"https:\/\/ivoiretradecenter.com\/wp-content\/uploads\/2021\/10\/ITC_ideal_optic-2.png\" alt=\"Ideal Optic ITC Abidjan\" \/><\/a>\n<\/div>\n\n<div id=\"cmsmasters_divider_69e13973b416f2_09015874\" class=\"cmsmasters_divider cmsmasters_divider_width_long cmsmasters_divider_pos_center\"><\/div>\n\n<div id=\"cmsmasters_heading_69e13973b43fd5_68017535\" class=\"cmsmasters_heading_wrap cmsmasters_heading_align_left\">\n\t<h3 class=\"cmsmasters_heading\">Horaires<\/h3>\n<\/div>\n<div id=\"cmsmasters_heading_69e13973b46677_68872440\" class=\"cmsmasters_heading_wrap cmsmasters_heading_align_left\">\n\t<h5 class=\"cmsmasters_heading\">Lundi au Samedi de 9h \u00e0 19h Dimanche de 14h \u00e0 19h<\/h5>\n<\/div>\n<div id=\"cmsmasters_heading_69e13973b48b66_08723778\" class=\"cmsmasters_heading_wrap cmsmasters_heading_align_left\">\n\t<h3 class=\"cmsmasters_heading\">T\u00e9l\u00e9phone<\/h3>\n<\/div>\n<div id=\"cmsmasters_heading_69e13973b4b117_62237342\" class=\"cmsmasters_heading_wrap cmsmasters_heading_align_left\">\n\t<h5 class=\"cmsmasters_heading\">+225 07 59 00 10 98<\/h5>\n<\/div>\n<div id=\"cmsmasters_heading_69e13973b4d631_20876115\" class=\"cmsmasters_heading_wrap cmsmasters_heading_align_left\">\n\t<h3 class=\"cmsmasters_heading\">R\u00e9seaux sociaux<\/h3>\n<\/div><div class=\"custom_html\">\n<div class=\"social_wrap\">\n<div class=\"social_wrap_inner\" >\n<ul>\n<li>\n\t\t\t\t<a href=\"https:\/\/www.facebook.com\/Idealopticpageofficielle\" class=\"cmsmasters_social_icon cmsmasters_social_icon_1 cmsmasters-icon-facebook-1\" title=\"Facebook\" target=\"_blank\"><\/a>\n\t\t\t<\/li>\n<li>\n\t\t\t\t<a href=\"https:\/\/www.instagram.com\/idealoptic225\/\" class=\"cmsmasters_social_icon cmsmasters_social_icon_2 cmsmasters-icon-instagram\" title=\"Instagram\" target=\"_blank\"><\/a>\n\t\t\t<\/li>\n<\/ul><\/div>\n<\/div>\n<\/div>\n<\/div>\n<div class=\"cmsmasters_column three_fourth\">\n\n<div id=\"cmsmasters_heading_69e13973b52a53_24662831\" class=\"cmsmasters_heading_wrap cmsmasters_heading_align_left\">\n\t<h1 class=\"cmsmasters_heading\">Id\u00e9al Optic<\/h1>\n<\/div>\n\n<div id=\"cmsmasters_divider_69e13973b552b0_13292326\" class=\"cmsmasters_divider cmsmasters_divider_width_long cmsmasters_divider_pos_center\"><\/div>\n<div class=\"cmsmasters_text\">\n<p><em>Avec nous, vous verrez toujours plus claire.<\/em><\/p>\n<p>Depuis 1998, Ideal Optic f\u00e9d\u00e8re des sp\u00e9cialistes de l\u2019optique partageant des valeurs de professionnalisme, conseil et savoir-faire avec pour seul objectif le bien voir des porteurs de lunettes.<\/p>\n<p>L\u2019enseigne coop\u00e9rative propose son esprit pionnier, solidaire et une exp\u00e9rience de l\u2019optique innovante et de qualit\u00e9 dans plusieurs points de vente en C\u00f4te d&#8217;Ivoire.<\/p>\n<\/div>\n\n\n<div id=\"cmsmasters_divider_69e13973b57ad9_44487435\" class=\"cl\"><\/div>\n<div id=\"cmsmasters_gallery_69e13973b5a214_02369569\" class=\"cmsmasters_gallery_wrap\"><ul class=\"cmsmasters_gallery cmsmasters_3 cmsmasters_more_items_loader\"><li class=\"cmsmasters_gallery_item\"><figure><a href=\"https:\/\/ivoiretradecenter.com\/wp-content\/uploads\/2021\/10\/IDEAL-OPTIC_ITC-4.png\" rel=\"ilightbox[69e13973b5a214_02369569]\"><img loading=\"lazy\" decoding=\"async\" width=\"580\" height=\"375\" src=\"https:\/\/ivoiretradecenter.com\/wp-content\/uploads\/2021\/10\/IDEAL-OPTIC_ITC-4-580x375.png\" class=\"attachment-blog-masonry-thumb size-blog-masonry-thumb\" alt=\"Ideal Optic Abidjan\" srcset=\"https:\/\/ivoiretradecenter.com\/wp-content\/uploads\/2021\/10\/IDEAL-OPTIC_ITC-4-580x375.png 580w, https:\/\/ivoiretradecenter.com\/wp-content\/uploads\/2021\/10\/IDEAL-OPTIC_ITC-4-1160x750.png 1160w\" sizes=\"auto, (max-width: 580px) 100vw, 580px\" \/><\/a><\/figure><\/li><li class=\"cmsmasters_gallery_item\"><figure><a href=\"https:\/\/ivoiretradecenter.com\/wp-content\/uploads\/2021\/10\/IDEAL-OPTIC_ITC-1.png\" rel=\"ilightbox[69e13973b5a214_02369569]\"><img loading=\"lazy\" decoding=\"async\" width=\"580\" height=\"375\" src=\"https:\/\/ivoiretradecenter.com\/wp-content\/uploads\/2021\/10\/IDEAL-OPTIC_ITC-1-580x375.png\" class=\"attachment-blog-masonry-thumb size-blog-masonry-thumb\" alt=\"ideal Optic ITC Abidjan\" srcset=\"https:\/\/ivoiretradecenter.com\/wp-content\/uploads\/2021\/10\/IDEAL-OPTIC_ITC-1-580x375.png 580w, https:\/\/ivoiretradecenter.com\/wp-content\/uploads\/2021\/10\/IDEAL-OPTIC_ITC-1-1160x750.png 1160w\" sizes=\"auto, (max-width: 580px) 100vw, 580px\" \/><\/a><\/figure><\/li><li class=\"cmsmasters_gallery_item\"><figure><a href=\"https:\/\/ivoiretradecenter.com\/wp-content\/uploads\/2021\/10\/IDEAL-OPTIC_ITC-3.png\" rel=\"ilightbox[69e13973b5a214_02369569]\"><img loading=\"lazy\" decoding=\"async\" width=\"580\" height=\"375\" src=\"https:\/\/ivoiretradecenter.com\/wp-content\/uploads\/2021\/10\/IDEAL-OPTIC_ITC-3-580x375.png\" class=\"attachment-blog-masonry-thumb size-blog-masonry-thumb\" alt=\"Opticien Abidjan ITC\" srcset=\"https:\/\/ivoiretradecenter.com\/wp-content\/uploads\/2021\/10\/IDEAL-OPTIC_ITC-3-580x375.png 580w, https:\/\/ivoiretradecenter.com\/wp-content\/uploads\/2021\/10\/IDEAL-OPTIC_ITC-3-1160x750.png 1160w\" sizes=\"auto, (max-width: 580px) 100vw, 580px\" \/><\/a><\/figure><\/li><li class=\"cmsmasters_gallery_item\"><figure><a href=\"https:\/\/ivoiretradecenter.com\/wp-content\/uploads\/2021\/10\/IDEAL-OPTIC_ITC-6.png\" rel=\"ilightbox[69e13973b5a214_02369569]\"><img loading=\"lazy\" decoding=\"async\" width=\"580\" height=\"375\" src=\"https:\/\/ivoiretradecenter.com\/wp-content\/uploads\/2021\/10\/IDEAL-OPTIC_ITC-6-580x375.png\" class=\"attachment-blog-masonry-thumb size-blog-masonry-thumb\" alt=\"ITC Optique\" srcset=\"https:\/\/ivoiretradecenter.com\/wp-content\/uploads\/2021\/10\/IDEAL-OPTIC_ITC-6-580x375.png 580w, https:\/\/ivoiretradecenter.com\/wp-content\/uploads\/2021\/10\/IDEAL-OPTIC_ITC-6-1160x750.png 1160w\" sizes=\"auto, (max-width: 580px) 100vw, 580px\" \/><\/a><\/figure><\/li><li class=\"cmsmasters_gallery_item\"><figure><a href=\"https:\/\/ivoiretradecenter.com\/wp-content\/uploads\/2022\/11\/optic01.jpg\" rel=\"ilightbox[69e13973b5a214_02369569]\"><img loading=\"lazy\" decoding=\"async\" width=\"580\" height=\"375\" src=\"https:\/\/ivoiretradecenter.com\/wp-content\/uploads\/2022\/11\/optic01-580x375.jpg\" class=\"attachment-blog-masonry-thumb size-blog-masonry-thumb\" alt=\"\" srcset=\"https:\/\/ivoiretradecenter.com\/wp-content\/uploads\/2022\/11\/optic01-580x375.jpg 580w, https:\/\/ivoiretradecenter.com\/wp-content\/uploads\/2022\/11\/optic01-1160x750.jpg 1160w\" sizes=\"auto, (max-width: 580px) 100vw, 580px\" \/><\/a><\/figure><\/li><li class=\"cmsmasters_gallery_item\"><figure><a href=\"https:\/\/ivoiretradecenter.com\/wp-content\/uploads\/2022\/11\/optic02.jpg\" rel=\"ilightbox[69e13973b5a214_02369569]\"><img loading=\"lazy\" decoding=\"async\" width=\"580\" height=\"375\" src=\"https:\/\/ivoiretradecenter.com\/wp-content\/uploads\/2022\/11\/optic02-580x375.jpg\" class=\"attachment-blog-masonry-thumb size-blog-masonry-thumb\" alt=\"\" srcset=\"https:\/\/ivoiretradecenter.com\/wp-content\/uploads\/2022\/11\/optic02-580x375.jpg 580w, https:\/\/ivoiretradecenter.com\/wp-content\/uploads\/2022\/11\/optic02-1160x750.jpg 1160w\" sizes=\"auto, (max-width: 580px) 100vw, 580px\" \/><\/a><\/figure><\/li><\/ul><script type=\"text\/javascript\">\r\n\t\t\t\tjQuery(document).ready(function () {\r\n\t\t\t\t\t(function ($) {\r\n\t\t\t\t\t\tif ($('#cmsmasters_gallery_69e13973b5a214_02369569').find('.cmsmasters_gallery_item').length == '0') {\r\n\t\t\t\t\t\t\treturn false;\r\n\t\t\t\t\t\t}\r\n\t\t\t\t\t\t\r\n\t\t\t\t\t\t\r\n\t\t\t\t\t\tstartGallery( \r\n\t\t\t\t\t\t\t'69e13973b5a214_02369569', \r\n\t\t\t\t\t\t\t'grid', \r\n\t\t\t\t\t\t\t'6', \r\n\t\t\t\t\t\t\t'false' \r\n\t\t\t\t\t\t);\r\n\t\t\t\t\t} )(jQuery);\r\n\t\t\t\t} );\r\n\t\t\t<\/script>\r\n\t\t\t<\/div>\n<\/div>\n<\/div>\n<\/div>\n<\/div>\n<\/div>\n<\/div>\n<div id=\"cmsmasters_row_69e13973b7ae18_86549750\" class=\"cmsmasters_row cmsmasters_color_scheme_default cmsmasters_row_top_default cmsmasters_row_bot_default cmsmasters_row_boxed\">\n<div class=\"cmsmasters_row_outer_parent\">\n<div class=\"cmsmasters_row_outer\">\n<div class=\"cmsmasters_row_inner\">\n<div class=\"cmsmasters_row_margin\">\n<div class=\"cmsmasters_column one_fourth\">\n<\/div>\n<div class=\"cmsmasters_column three_fourth\">\n\n<div id=\"cmsmasters_heading_69e13973b7e3c3_82156176\" class=\"cmsmasters_heading_wrap cmsmasters_heading_align_left\">\n\t<h2 class=\"cmsmasters_heading\">D\u00c9COUVREZ LES AUTRES BOUTIQUES<\/h2>\n<\/div>\n\n<div id=\"cmsmasters_divider_69e13973b80a31_78067358\" class=\"cmsmasters_divider cmsmasters_divider_width_long cmsmasters_divider_pos_center\"><\/div>\n<\/div>\n<\/div>\n<\/div>\n<\/div>\n<\/div>\n<\/div>\n<div id=\"cmsmasters_row_69e13973b80c80_56097978\" class=\"cmsmasters_row cmsmasters_color_scheme_default cmsmasters_row_top_default cmsmasters_row_bot_default cmsmasters_row_boxed\">\n<div class=\"cmsmasters_row_outer_parent\">\n<div class=\"cmsmasters_row_outer\">\n<div class=\"cmsmasters_row_inner\">\n<div class=\"cmsmasters_row_margin\">\n<div class=\"cmsmasters_column one_fourth\">\n<\/div>\n<div class=\"cmsmasters_column one_fourth\">\n<div class=\"custom_html\">\n<p><a href=\"https:\/\/ivoiretradecenter.com\/aby\/\">ABY<\/a><br \/>\n<a href=\"https:\/\/ivoiretradecenter.com\/africa-guest-services\/\">Africa Guest Services<\/a> <br \/>\n<a href=\"https:\/\/ivoiretradecenter.com\/air-france\/\">Air France<\/a><br \/>\n<a href=\"https:\/\/ivoiretradecenter.com\/franck-provost-itc\/\">Franck Provost<\/a><\/p>\n<\/div>\n<\/div>\n<div class=\"cmsmasters_column one_fourth\">\n<div class=\"custom_html\">\n<p><a href=\"https:\/\/ivoiretradecenter.com\/monop-ivoire\/\">Monop'Ivoire<\/a> <br \/>\n<a href=\"https:\/\/ivoiretradecenter.com\/morebelli\/\">Morebelli<\/a><br \/>\n<a href=\"https:\/\/ivoiretradecenter.com\/oclean\/\">O'Clean<\/a><\/p>\n<\/div>\n<\/div>\n<div class=\"cmsmasters_column one_fourth\">\n<div class=\"custom_html\">\n<p><a href=\"https:\/\/ivoiretradecenter.com\/paraone\/\">Paraone<\/a> <br \/>\n<a href=\"https:\/\/ivoiretradecenter.com\/racines\/\">Racines<\/a><br \/>\n<a href=\"https:\/\/ivoiretradecenter.com\/saphir-voyages\/\">Saphir Voyages<\/a><\/p>\n<\/div>\n<\/div>\n<\/div>\n<\/div>\n<\/div>\n<\/div>\n<\/div>\n\n","protected":false},"excerpt":{"rendered":"","protected":false},"author":5,"featured_media":0,"parent":0,"menu_order":0,"comment_status":"closed","ping_status":"closed","template":"","meta":{"footnotes":""},"class_list":["post-10228","page","type-page","status-publish","hentry"],"_links":{"self":[{"href":"https:\/\/ivoiretradecenter.com\/en\/wp-json\/wp\/v2\/pages\/10228","targetHints":{"allow":["GET"]}}],"collection":[{"href":"https:\/\/ivoiretradecenter.com\/en\/wp-json\/wp\/v2\/pages"}],"about":[{"href":"https:\/\/ivoiretradecenter.com\/en\/wp-json\/wp\/v2\/types\/page"}],"author":[{"embeddable":true,"href":"https:\/\/ivoiretradecenter.com\/en\/wp-json\/wp\/v2\/users\/5"}],"replies":[{"embeddable":true,"href":"https:\/\/ivoiretradecenter.com\/en\/wp-json\/wp\/v2\/comments?post=10228"}],"version-history":[{"count":0,"href":"https:\/\/ivoiretradecenter.com\/en\/wp-json\/wp\/v2\/pages\/10228\/revisions"}],"wp:attachment":[{"href":"https:\/\/ivoiretradecenter.com\/en\/wp-json\/wp\/v2\/media?parent=10228"}],"curies":[{"name":"wp","href":"https:\/\/api.w.org\/{rel}","templated":true}]}}