{"id":10232,"date":"2021-10-13T09:17:02","date_gmt":"2021-10-13T09:17:02","guid":{"rendered":"http:\/\/ivoiretradecenter.com\/?page_id=10232"},"modified":"2024-12-06T14:25:59","modified_gmt":"2024-12-06T14:25:59","slug":"racines","status":"publish","type":"page","link":"https:\/\/ivoiretradecenter.com\/en\/racines\/","title":{"rendered":"RACINES \u2013 Vins, Spiritueux &#038; Cigares"},"content":{"rendered":"<style type=\"text\/css\"> \n#cmsmasters_row_69e12d4f4d91a9_97261506 .cmsmasters_row_outer_parent { \n\tpadding-top: 50px; \n} \n\n#cmsmasters_row_69e12d4f4d91a9_97261506 .cmsmasters_row_outer_parent { \n\tpadding-bottom: 55px; \n} \n\n \n#cmsmasters_divider_69e12d4f4e8366_21838615 { \n\tborder-bottom-width:1px; \n\tborder-bottom-style:solid; \n\tpadding-top:0px; \n\tmargin-bottom:0px; \n} \n \n#cmsmasters_heading_69e12d4f4eab87_43353186 { \n\ttext-align:left; \n\tmargin-top:45px; \n\tmargin-bottom:10px; \n} \n\n#cmsmasters_heading_69e12d4f4eab87_43353186 .cmsmasters_heading { \n\ttext-align:left; \n} \n\n#cmsmasters_heading_69e12d4f4eab87_43353186 .cmsmasters_heading, #cmsmasters_heading_69e12d4f4eab87_43353186 .cmsmasters_heading a { \n\tfont-weight:700; \n\tfont-style:normal; \n} \n\n#cmsmasters_heading_69e12d4f4eab87_43353186 .cmsmasters_heading_divider { \n} \n\n \n#cmsmasters_heading_69e12d4f4ed294_64396793 { \n\ttext-align:left; \n\tmargin-top:0px; \n\tmargin-bottom:30px; \n} \n\n#cmsmasters_heading_69e12d4f4ed294_64396793 .cmsmasters_heading { \n\ttext-align:left; \n} \n\n#cmsmasters_heading_69e12d4f4ed294_64396793 .cmsmasters_heading, #cmsmasters_heading_69e12d4f4ed294_64396793 .cmsmasters_heading a { \n\tfont-weight:700; \n\tfont-style:normal; \n} \n\n#cmsmasters_heading_69e12d4f4ed294_64396793 .cmsmasters_heading_divider { \n} \n\n \n#cmsmasters_heading_69e12d4f4ef7b7_51249782 { \n\ttext-align:left; \n\tmargin-top:0px; \n\tmargin-bottom:10px; \n} \n\n#cmsmasters_heading_69e12d4f4ef7b7_51249782 .cmsmasters_heading { \n\ttext-align:left; \n} \n\n#cmsmasters_heading_69e12d4f4ef7b7_51249782 .cmsmasters_heading, #cmsmasters_heading_69e12d4f4ef7b7_51249782 .cmsmasters_heading a { \n\tfont-weight:700; \n\tfont-style:normal; \n} \n\n#cmsmasters_heading_69e12d4f4ef7b7_51249782 .cmsmasters_heading_divider { \n} \n\n \n#cmsmasters_heading_69e12d4f4f1d78_12385862 { \n\ttext-align:left; \n\tmargin-top:0px; \n\tmargin-bottom:30px; \n} \n\n#cmsmasters_heading_69e12d4f4f1d78_12385862 .cmsmasters_heading { \n\ttext-align:left; \n} \n\n#cmsmasters_heading_69e12d4f4f1d78_12385862 .cmsmasters_heading, #cmsmasters_heading_69e12d4f4f1d78_12385862 .cmsmasters_heading a { \n\tfont-weight:700; \n\tfont-style:normal; \n} \n\n#cmsmasters_heading_69e12d4f4f1d78_12385862 .cmsmasters_heading_divider { \n} \n\n \n#cmsmasters_heading_69e12d4f4f4245_12702132 { \n\ttext-align:left; \n\tmargin-top:0px; \n\tmargin-bottom:10px; \n} \n\n#cmsmasters_heading_69e12d4f4f4245_12702132 .cmsmasters_heading { \n\ttext-align:left; \n} \n\n#cmsmasters_heading_69e12d4f4f4245_12702132 .cmsmasters_heading, #cmsmasters_heading_69e12d4f4f4245_12702132 .cmsmasters_heading a { \n\tfont-weight:700; \n\tfont-style:normal; \n} \n\n#cmsmasters_heading_69e12d4f4f4245_12702132 .cmsmasters_heading_divider { \n} \n\n \n#cmsmasters_heading_69e12d4f4f9756_27853418 { \n\ttext-align:left; \n\tmargin-top:0px; \n\tmargin-bottom:20px; \n} \n\n#cmsmasters_heading_69e12d4f4f9756_27853418 .cmsmasters_heading { \n\ttext-align:left; \n} \n\n#cmsmasters_heading_69e12d4f4f9756_27853418 .cmsmasters_heading, #cmsmasters_heading_69e12d4f4f9756_27853418 .cmsmasters_heading a { \n\tfont-weight:700; \n\tfont-style:normal; \n} \n\n#cmsmasters_heading_69e12d4f4f9756_27853418 .cmsmasters_heading_divider { \n} \n\n \n#cmsmasters_divider_69e12d4f4fbe50_67822258 { \n\tborder-bottom-width:1px; \n\tborder-bottom-style:solid; \n\tpadding-top:0px; \n\tmargin-bottom:30px; \n} \n \n#cmsmasters_divider_69e12d4f4fe6f3_80098238 { \n\tborder-bottom-width:0px; \n\tborder-bottom-style:solid; \n\tpadding-top:0px; \n\tmargin-bottom:20px; \n} \n\r\n\t\t\t\t#cmsmasters_gallery_69e12d4f500cb5_37336125 .cmsmasters_gallery {\r\n\t\t\t\t\tmargin:0 0 0 -15px;\r\n\t\t\t\t}\r\n\t\t\t\t\r\n\t\t\t\t#cmsmasters_gallery_69e12d4f500cb5_37336125 .cmsmasters_gallery .cmsmasters_gallery_item {\r\n\t\t\t\t\tpadding:0 0 15px 15px;\r\n\t\t\t\t}\r\n\t\t\t \n#cmsmasters_row_69e12d4f5221a2_87424435 .cmsmasters_row_outer_parent { \n\tpadding-top: 0px; \n} \n\n#cmsmasters_row_69e12d4f5221a2_87424435 .cmsmasters_row_outer_parent { \n\tpadding-bottom: 0px; \n} \n\n \n#cmsmasters_heading_69e12d4f5257a9_94564529 { \n\ttext-align:left; \n\tmargin-top:0px; \n\tmargin-bottom:20px; \n} \n\n#cmsmasters_heading_69e12d4f5257a9_94564529 .cmsmasters_heading { \n\ttext-align:left; \n} \n\n#cmsmasters_heading_69e12d4f5257a9_94564529 .cmsmasters_heading, #cmsmasters_heading_69e12d4f5257a9_94564529 .cmsmasters_heading a { \n\tfont-weight:700; \n\tfont-style:normal; \n} \n\n#cmsmasters_heading_69e12d4f5257a9_94564529 .cmsmasters_heading_divider { \n} \n\n \n#cmsmasters_divider_69e12d4f527d82_69708535 { \n\tborder-bottom-width:1px; \n\tborder-bottom-style:solid; \n\tpadding-top:0px; \n\tmargin-bottom:30px; \n} \n \n#cmsmasters_row_69e12d4f528017_34969276 .cmsmasters_row_outer_parent { \n\tpadding-top: 0px; \n} \n\n#cmsmasters_row_69e12d4f528017_34969276 .cmsmasters_row_outer_parent { \n\tpadding-bottom: 50px; \n} \n\n<\/style><div id=\"cmsmasters_row_69e12d4f4d91a9_97261506\" class=\"cmsmasters_row cmsmasters_color_scheme_default cmsmasters_row_top_default cmsmasters_row_bot_default cmsmasters_row_boxed\">\n<div class=\"cmsmasters_row_outer_parent\">\n<div class=\"cmsmasters_row_outer\">\n<div class=\"cmsmasters_row_inner\">\n<div class=\"cmsmasters_row_margin\">\n<div class=\"cmsmasters_column one_fourth\">\n<div class=\"cmsmasters_img  cmsmasters_image_n white-backgroud\">\n<a href=\"http:\/\/ivoiretradecenter.com\/wp-content\/uploads\/2021\/10\/ITC_racines-2.png\"><img decoding=\"async\" src=\"https:\/\/ivoiretradecenter.com\/wp-content\/uploads\/2021\/10\/ITC_racines-2.png\" alt=\"Racines ITC Abidjan\" \/><\/a>\n<\/div>\n\n<div id=\"cmsmasters_divider_69e12d4f4e8366_21838615\" class=\"cmsmasters_divider cmsmasters_divider_width_long cmsmasters_divider_pos_center\"><\/div>\n\n<div id=\"cmsmasters_heading_69e12d4f4eab87_43353186\" class=\"cmsmasters_heading_wrap cmsmasters_heading_align_left\">\n\t<h3 class=\"cmsmasters_heading\">Horaires<\/h3>\n<\/div>\n<div id=\"cmsmasters_heading_69e12d4f4ed294_64396793\" class=\"cmsmasters_heading_wrap cmsmasters_heading_align_left\">\n\t<h5 class=\"cmsmasters_heading\">Dimanche \u00e0 Lundi : 11h \u00e0 17h30 &#8211; Mardi \u00e0 Mercredi : 10h \u00e0 19h &#8211; Jeudi \u00e0 Samedi : 10h \u00e0 20h30<\/h5>\n<\/div>\n<div id=\"cmsmasters_heading_69e12d4f4ef7b7_51249782\" class=\"cmsmasters_heading_wrap cmsmasters_heading_align_left\">\n\t<h3 class=\"cmsmasters_heading\">T\u00e9l\u00e9phone<\/h3>\n<\/div>\n<div id=\"cmsmasters_heading_69e12d4f4f1d78_12385862\" class=\"cmsmasters_heading_wrap cmsmasters_heading_align_left\">\n\t<h5 class=\"cmsmasters_heading\">+225 07 04 75 06 50 +225 27 22 20 38 79<\/h5>\n<\/div>\n<div id=\"cmsmasters_heading_69e12d4f4f4245_12702132\" class=\"cmsmasters_heading_wrap cmsmasters_heading_align_left\">\n\t<h3 class=\"cmsmasters_heading\">R\u00e9seaux sociaux<\/h3>\n<\/div><div class=\"custom_html\">\n<div class=\"social_wrap\">\n<div class=\"social_wrap_inner\" >\n<ul>\n<li>\n\t\t\t\t<a href=\"https:\/\/www.instagram.com\/racinesci\/\" class=\"cmsmasters_social_icon cmsmasters_social_icon_2 cmsmasters-icon-instagram\" title=\"Instagram\" target=\"_blank\"><\/a>\n\t\t\t<\/li>\n<li>\n<a href=\"https:\/\/www.racines-ci.com\/\" class=\"cmsmasters_social_icon cmsmasters_social_icon_2 cmsmasters-icon-globe\" title=\"Web\" target=\"_blank\"><\/a>\n<\/li>\n<\/ul><\/div>\n<\/div>\n<\/div>\n<\/div>\n<div class=\"cmsmasters_column three_fourth\">\n\n<div id=\"cmsmasters_heading_69e12d4f4f9756_27853418\" class=\"cmsmasters_heading_wrap cmsmasters_heading_align_left\">\n\t<h1 class=\"cmsmasters_heading\">Racines \u2013 Vins, Spiritueux &#038; Cigares<\/h1>\n<\/div>\n\n<div id=\"cmsmasters_divider_69e12d4f4fbe50_67822258\" class=\"cmsmasters_divider cmsmasters_divider_width_long cmsmasters_divider_pos_center\"><\/div>\n<div class=\"cmsmasters_text\">\n<p><em>H\u00e9ritage, Passion et Excellence\u00a0<\/em><\/p>\n<p>RACINES est un \u00e9crin moderne au design industriel, qui a pour simple but d\u2019\u00eatre le lieu de passage et de rencontre des passionn\u00e9s du plaisir de la d\u00e9gustation.<\/p>\n<p>D\u2019une grande bulle \u00e0 un vignoble confidentiel de France ou d\u2019Italie, nos \u00e9quipes vous accompagnent dans un voyage \u00e0 travers une s\u00e9lection de plus de 350 r\u00e9f\u00e9rences de vins et spiritueux parmi les plus rares qu\u2019il soit.<\/p>\n<p>Les plus aventuriers d\u2019entre vous y d\u00e9couvrent une s\u00e9lection de cigares tri\u00e9s sur le volet par Manu Harit, Master Of Havana Cigars, ainsi que tout l\u2019univers d\u2019accessoires autour.<\/p>\n<p>Notre \u00e9quipe d\u2019experts est \u00e0 votre disposition pour tout type de commandes : une soir\u00e9e entre ami(e)s, un cadeau ou une envie de se faire plaisir tout simplement.<\/p>\n<\/div>\n\n\n<div id=\"cmsmasters_divider_69e12d4f4fe6f3_80098238\" class=\"cl\"><\/div>\n<div id=\"cmsmasters_gallery_69e12d4f500cb5_37336125\" class=\"cmsmasters_gallery_wrap\"><ul class=\"cmsmasters_gallery cmsmasters_3 cmsmasters_more_items_loader\"><li class=\"cmsmasters_gallery_item\"><figure><a href=\"https:\/\/ivoiretradecenter.com\/wp-content\/uploads\/2022\/11\/racine.jpg\" rel=\"ilightbox[69e12d4f500cb5_37336125]\"><img loading=\"lazy\" decoding=\"async\" width=\"580\" height=\"375\" src=\"https:\/\/ivoiretradecenter.com\/wp-content\/uploads\/2022\/11\/racine-580x375.jpg\" class=\"attachment-blog-masonry-thumb size-blog-masonry-thumb\" alt=\"\" srcset=\"https:\/\/ivoiretradecenter.com\/wp-content\/uploads\/2022\/11\/racine-580x375.jpg 580w, https:\/\/ivoiretradecenter.com\/wp-content\/uploads\/2022\/11\/racine-1160x750.jpg 1160w\" sizes=\"auto, (max-width: 580px) 100vw, 580px\" \/><\/a><\/figure><\/li><li class=\"cmsmasters_gallery_item\"><figure><a href=\"https:\/\/ivoiretradecenter.com\/wp-content\/uploads\/2022\/01\/racines_ITC-vins.jpg\" rel=\"ilightbox[69e12d4f500cb5_37336125]\"><img loading=\"lazy\" decoding=\"async\" width=\"580\" height=\"375\" src=\"https:\/\/ivoiretradecenter.com\/wp-content\/uploads\/2022\/01\/racines_ITC-vins-580x375.jpg\" class=\"attachment-blog-masonry-thumb size-blog-masonry-thumb\" alt=\"Racines Cave ITC Abidjan\" srcset=\"https:\/\/ivoiretradecenter.com\/wp-content\/uploads\/2022\/01\/racines_ITC-vins-580x375.jpg 580w, https:\/\/ivoiretradecenter.com\/wp-content\/uploads\/2022\/01\/racines_ITC-vins-1160x750.jpg 1160w\" sizes=\"auto, (max-width: 580px) 100vw, 580px\" \/><\/a><\/figure><\/li><li class=\"cmsmasters_gallery_item\"><figure><a href=\"https:\/\/ivoiretradecenter.com\/wp-content\/uploads\/2022\/01\/racines_ITC-whiskies.jpg\" rel=\"ilightbox[69e12d4f500cb5_37336125]\"><img loading=\"lazy\" decoding=\"async\" width=\"580\" height=\"375\" src=\"https:\/\/ivoiretradecenter.com\/wp-content\/uploads\/2022\/01\/racines_ITC-whiskies-580x375.jpg\" class=\"attachment-blog-masonry-thumb size-blog-masonry-thumb\" alt=\"Racines Cave \u00e0 whiskies ITC Abidjan\" srcset=\"https:\/\/ivoiretradecenter.com\/wp-content\/uploads\/2022\/01\/racines_ITC-whiskies-580x375.jpg 580w, https:\/\/ivoiretradecenter.com\/wp-content\/uploads\/2022\/01\/racines_ITC-whiskies-1160x750.jpg 1160w\" sizes=\"auto, (max-width: 580px) 100vw, 580px\" \/><\/a><\/figure><\/li><li class=\"cmsmasters_gallery_item\"><figure><a href=\"https:\/\/ivoiretradecenter.com\/wp-content\/uploads\/2022\/01\/racines_ITC-cigares.jpg\" rel=\"ilightbox[69e12d4f500cb5_37336125]\"><img loading=\"lazy\" decoding=\"async\" width=\"580\" height=\"375\" src=\"https:\/\/ivoiretradecenter.com\/wp-content\/uploads\/2022\/01\/racines_ITC-cigares-580x375.jpg\" class=\"attachment-blog-masonry-thumb size-blog-masonry-thumb\" alt=\"Racines Cave \u00e0 cigares ITC Abidjan\" srcset=\"https:\/\/ivoiretradecenter.com\/wp-content\/uploads\/2022\/01\/racines_ITC-cigares-580x375.jpg 580w, https:\/\/ivoiretradecenter.com\/wp-content\/uploads\/2022\/01\/racines_ITC-cigares-1160x750.jpg 1160w\" sizes=\"auto, (max-width: 580px) 100vw, 580px\" \/><\/a><\/figure><\/li><li class=\"cmsmasters_gallery_item\"><figure><a href=\"https:\/\/ivoiretradecenter.com\/wp-content\/uploads\/2022\/01\/racines_ITC-champagnes.jpg\" rel=\"ilightbox[69e12d4f500cb5_37336125]\"><img loading=\"lazy\" decoding=\"async\" width=\"580\" height=\"375\" src=\"https:\/\/ivoiretradecenter.com\/wp-content\/uploads\/2022\/01\/racines_ITC-champagnes-580x375.jpg\" class=\"attachment-blog-masonry-thumb size-blog-masonry-thumb\" alt=\"Racines Cave \u00e0 champagne ITC Abidjan\" srcset=\"https:\/\/ivoiretradecenter.com\/wp-content\/uploads\/2022\/01\/racines_ITC-champagnes-580x375.jpg 580w, https:\/\/ivoiretradecenter.com\/wp-content\/uploads\/2022\/01\/racines_ITC-champagnes-1160x750.jpg 1160w\" sizes=\"auto, (max-width: 580px) 100vw, 580px\" \/><\/a><\/figure><\/li><li class=\"cmsmasters_gallery_item\"><figure><a href=\"https:\/\/ivoiretradecenter.com\/wp-content\/uploads\/2022\/01\/racines_ITC-cave.jpg\" rel=\"ilightbox[69e12d4f500cb5_37336125]\"><img loading=\"lazy\" decoding=\"async\" width=\"580\" height=\"375\" src=\"https:\/\/ivoiretradecenter.com\/wp-content\/uploads\/2022\/01\/racines_ITC-cave-580x375.jpg\" class=\"attachment-blog-masonry-thumb size-blog-masonry-thumb\" alt=\"Racines Cave \u00e0 vin ITC Abidjan\" srcset=\"https:\/\/ivoiretradecenter.com\/wp-content\/uploads\/2022\/01\/racines_ITC-cave-580x375.jpg 580w, https:\/\/ivoiretradecenter.com\/wp-content\/uploads\/2022\/01\/racines_ITC-cave-1160x750.jpg 1160w\" sizes=\"auto, (max-width: 580px) 100vw, 580px\" \/><\/a><\/figure><\/li><\/ul><script type=\"text\/javascript\">\r\n\t\t\t\tjQuery(document).ready(function () {\r\n\t\t\t\t\t(function ($) {\r\n\t\t\t\t\t\tif ($('#cmsmasters_gallery_69e12d4f500cb5_37336125').find('.cmsmasters_gallery_item').length == '0') {\r\n\t\t\t\t\t\t\treturn false;\r\n\t\t\t\t\t\t}\r\n\t\t\t\t\t\t\r\n\t\t\t\t\t\t\r\n\t\t\t\t\t\tstartGallery( \r\n\t\t\t\t\t\t\t'69e12d4f500cb5_37336125', \r\n\t\t\t\t\t\t\t'grid', \r\n\t\t\t\t\t\t\t'false', \r\n\t\t\t\t\t\t\t'false' \r\n\t\t\t\t\t\t);\r\n\t\t\t\t\t} )(jQuery);\r\n\t\t\t\t} );\r\n\t\t\t<\/script>\r\n\t\t\t<\/div>\n<\/div>\n<\/div>\n<\/div>\n<\/div>\n<\/div>\n<\/div>\n<div id=\"cmsmasters_row_69e12d4f5221a2_87424435\" class=\"cmsmasters_row cmsmasters_color_scheme_default cmsmasters_row_top_default cmsmasters_row_bot_default cmsmasters_row_boxed\">\n<div class=\"cmsmasters_row_outer_parent\">\n<div class=\"cmsmasters_row_outer\">\n<div class=\"cmsmasters_row_inner\">\n<div class=\"cmsmasters_row_margin\">\n<div class=\"cmsmasters_column one_fourth\">\n<\/div>\n<div class=\"cmsmasters_column three_fourth\">\n\n<div id=\"cmsmasters_heading_69e12d4f5257a9_94564529\" class=\"cmsmasters_heading_wrap cmsmasters_heading_align_left\">\n\t<h2 class=\"cmsmasters_heading\">DECOUVREZ LES AUTRES BOUTIQUES<\/h2>\n<\/div>\n\n<div id=\"cmsmasters_divider_69e12d4f527d82_69708535\" class=\"cmsmasters_divider cmsmasters_divider_width_long cmsmasters_divider_pos_center\"><\/div>\n<\/div>\n<\/div>\n<\/div>\n<\/div>\n<\/div>\n<\/div>\n<div id=\"cmsmasters_row_69e12d4f528017_34969276\" class=\"cmsmasters_row cmsmasters_color_scheme_default cmsmasters_row_top_default cmsmasters_row_bot_default cmsmasters_row_boxed\">\n<div class=\"cmsmasters_row_outer_parent\">\n<div class=\"cmsmasters_row_outer\">\n<div class=\"cmsmasters_row_inner\">\n<div class=\"cmsmasters_row_margin\">\n<div class=\"cmsmasters_column one_fourth\">\n<\/div>\n<div class=\"cmsmasters_column one_fourth\">\n<div class=\"custom_html\">\n<p><a href=\"https:\/\/ivoiretradecenter.com\/aby\/\">ABY<\/a> <br \/>\n<a href=\"https:\/\/ivoiretradecenter.com\/africa-guest-services\/\">Africa Guest Services<\/a> <br \/>\n<a href=\"https:\/\/ivoiretradecenter.com\/air-france\/\">Air France<\/a><br \/>\n<a href=\"https:\/\/ivoiretradecenter.com\/doo\/\">Doo<\/a><\/p>\n<\/div>\n<\/div>\n<div class=\"cmsmasters_column one_fourth\">\n<div class=\"custom_html\">\n<p><a href=\"https:\/\/ivoiretradecenter.com\/franck-provost-itc\/\">Franck Provost<\/a><br \/>\n<a href=\"https:\/\/ivoiretradecenter.com\/ideal-optic\/\">Id\u00e9al Optic<\/a><br \/>\n<a href=\"https:\/\/ivoiretradecenter.com\/monop-ivoire\/\">Monop'Ivoire<\/a> <br \/>\n<a href=\"https:\/\/ivoiretradecenter.com\/morebelli\/\">Morebelli<\/a><\/p>\n<\/div>\n<\/div>\n<div class=\"cmsmasters_column one_fourth\">\n<div class=\"custom_html\">\n<p><a href=\"https:\/\/ivoiretradecenter.com\/oclean\/\">O'Clean<\/a><br \/>\n<a href=\"https:\/\/ivoiretradecenter.com\/paraone\/\">Paraone<\/a> <br \/>\n<a href=\"https:\/\/ivoiretradecenter.com\/saphir-voyages\/\">Saphir Voyages<\/a><\/p>\n<\/div>\n<\/div>\n<\/div>\n<\/div>\n<\/div>\n<\/div>\n<\/div>\n\n","protected":false},"excerpt":{"rendered":"","protected":false},"author":5,"featured_media":0,"parent":0,"menu_order":0,"comment_status":"closed","ping_status":"closed","template":"","meta":{"footnotes":""},"class_list":["post-10232","page","type-page","status-publish","hentry"],"_links":{"self":[{"href":"https:\/\/ivoiretradecenter.com\/en\/wp-json\/wp\/v2\/pages\/10232","targetHints":{"allow":["GET"]}}],"collection":[{"href":"https:\/\/ivoiretradecenter.com\/en\/wp-json\/wp\/v2\/pages"}],"about":[{"href":"https:\/\/ivoiretradecenter.com\/en\/wp-json\/wp\/v2\/types\/page"}],"author":[{"embeddable":true,"href":"https:\/\/ivoiretradecenter.com\/en\/wp-json\/wp\/v2\/users\/5"}],"replies":[{"embeddable":true,"href":"https:\/\/ivoiretradecenter.com\/en\/wp-json\/wp\/v2\/comments?post=10232"}],"version-history":[{"count":0,"href":"https:\/\/ivoiretradecenter.com\/en\/wp-json\/wp\/v2\/pages\/10232\/revisions"}],"wp:attachment":[{"href":"https:\/\/ivoiretradecenter.com\/en\/wp-json\/wp\/v2\/media?parent=10232"}],"curies":[{"name":"wp","href":"https:\/\/api.w.org\/{rel}","templated":true}]}}