{"id":10234,"date":"2021-10-13T10:11:38","date_gmt":"2021-10-13T10:11:38","guid":{"rendered":"http:\/\/ivoiretradecenter.com\/?page_id=10234"},"modified":"2023-12-07T12:48:22","modified_gmt":"2023-12-07T12:48:22","slug":"saphir-voyages","status":"publish","type":"page","link":"https:\/\/ivoiretradecenter.com\/en\/saphir-voyages\/","title":{"rendered":"Saphir Voyages"},"content":{"rendered":"<style type=\"text\/css\"> \n#cmsmasters_row_69f43cc866e671_27162664 .cmsmasters_row_outer_parent { \n\tpadding-top: 50px; \n} \n\n#cmsmasters_row_69f43cc866e671_27162664 .cmsmasters_row_outer_parent { \n\tpadding-bottom: 55px; \n} \n\n \n#cmsmasters_divider_69f43cc867e610_91801747 { \n\tborder-bottom-width:1px; \n\tborder-bottom-style:solid; \n\tpadding-top:0px; \n\tmargin-bottom:0px; \n} \n \n#cmsmasters_heading_69f43cc8680d34_86719701 { \n\ttext-align:left; \n\tmargin-top:30px; \n\tmargin-bottom:10px; \n} \n\n#cmsmasters_heading_69f43cc8680d34_86719701 .cmsmasters_heading { \n\ttext-align:left; \n} \n\n#cmsmasters_heading_69f43cc8680d34_86719701 .cmsmasters_heading, #cmsmasters_heading_69f43cc8680d34_86719701 .cmsmasters_heading a { \n\tfont-weight:700; \n\tfont-style:normal; \n} \n\n#cmsmasters_heading_69f43cc8680d34_86719701 .cmsmasters_heading_divider { \n} \n\n \n#cmsmasters_heading_69f43cc86832a2_22151071 { \n\ttext-align:left; \n\tmargin-top:0px; \n\tmargin-bottom:30px; \n} \n\n#cmsmasters_heading_69f43cc86832a2_22151071 .cmsmasters_heading { \n\ttext-align:left; \n} \n\n#cmsmasters_heading_69f43cc86832a2_22151071 .cmsmasters_heading, #cmsmasters_heading_69f43cc86832a2_22151071 .cmsmasters_heading a { \n\tfont-weight:700; \n\tfont-style:normal; \n} \n\n#cmsmasters_heading_69f43cc86832a2_22151071 .cmsmasters_heading_divider { \n} \n\n \n#cmsmasters_heading_69f43cc8685890_29211205 { \n\ttext-align:left; \n\tmargin-top:0px; \n\tmargin-bottom:10px; \n} \n\n#cmsmasters_heading_69f43cc8685890_29211205 .cmsmasters_heading { \n\ttext-align:left; \n} \n\n#cmsmasters_heading_69f43cc8685890_29211205 .cmsmasters_heading, #cmsmasters_heading_69f43cc8685890_29211205 .cmsmasters_heading a { \n\tfont-weight:700; \n\tfont-style:normal; \n} \n\n#cmsmasters_heading_69f43cc8685890_29211205 .cmsmasters_heading_divider { \n} \n\n \n#cmsmasters_heading_69f43cc8687f56_48950993 { \n\ttext-align:left; \n\tmargin-top:0px; \n\tmargin-bottom:30px; \n} \n\n#cmsmasters_heading_69f43cc8687f56_48950993 .cmsmasters_heading { \n\ttext-align:left; \n} \n\n#cmsmasters_heading_69f43cc8687f56_48950993 .cmsmasters_heading, #cmsmasters_heading_69f43cc8687f56_48950993 .cmsmasters_heading a { \n\tfont-weight:700; \n\tfont-style:normal; \n} \n\n#cmsmasters_heading_69f43cc8687f56_48950993 .cmsmasters_heading_divider { \n} \n\n \n#cmsmasters_heading_69f43cc868a4d6_78784957 { \n\ttext-align:left; \n\tmargin-top:0px; \n\tmargin-bottom:10px; \n} \n\n#cmsmasters_heading_69f43cc868a4d6_78784957 .cmsmasters_heading { \n\ttext-align:left; \n} \n\n#cmsmasters_heading_69f43cc868a4d6_78784957 .cmsmasters_heading, #cmsmasters_heading_69f43cc868a4d6_78784957 .cmsmasters_heading a { \n\tfont-weight:700; \n\tfont-style:normal; \n} \n\n#cmsmasters_heading_69f43cc868a4d6_78784957 .cmsmasters_heading_divider { \n} \n\n \n#cmsmasters_heading_69f43cc868fa18_12492112 { \n\ttext-align:left; \n\tmargin-top:0px; \n\tmargin-bottom:20px; \n} \n\n#cmsmasters_heading_69f43cc868fa18_12492112 .cmsmasters_heading { \n\ttext-align:left; \n} \n\n#cmsmasters_heading_69f43cc868fa18_12492112 .cmsmasters_heading, #cmsmasters_heading_69f43cc868fa18_12492112 .cmsmasters_heading a { \n\tline-height:75px; \n\tfont-weight:700; \n\tfont-style:normal; \n} \n\n#cmsmasters_heading_69f43cc868fa18_12492112 .cmsmasters_heading_divider { \n} \n\n \n#cmsmasters_divider_69f43cc86928b4_41401900 { \n\tborder-bottom-width:1px; \n\tborder-bottom-style:solid; \n\tpadding-top:0px; \n\tmargin-bottom:30px; \n} \n \n#cmsmasters_divider_69f43cc86951c7_55135977 { \n\tborder-bottom-width:0px; \n\tborder-bottom-style:solid; \n\tpadding-top:0px; \n\tmargin-bottom:20px; \n} \n\r\n\t\t\t\t#cmsmasters_gallery_69f43cc86977c0_14372415 .cmsmasters_gallery {\r\n\t\t\t\t\tmargin:0 0 0 -15px;\r\n\t\t\t\t}\r\n\t\t\t\t\r\n\t\t\t\t#cmsmasters_gallery_69f43cc86977c0_14372415 .cmsmasters_gallery .cmsmasters_gallery_item {\r\n\t\t\t\t\tpadding:0 0 15px 15px;\r\n\t\t\t\t}\r\n\t\t\t \n#cmsmasters_row_69f43cc86a9b41_83654632 .cmsmasters_row_outer_parent { \n\tpadding-top: 0px; \n} \n\n#cmsmasters_row_69f43cc86a9b41_83654632 .cmsmasters_row_outer_parent { \n\tpadding-bottom: 0px; \n} \n\n \n#cmsmasters_heading_69f43cc86ad041_96418437 { \n\ttext-align:left; \n\tmargin-top:0px; \n\tmargin-bottom:20px; \n} \n\n#cmsmasters_heading_69f43cc86ad041_96418437 .cmsmasters_heading { \n\ttext-align:left; \n} \n\n#cmsmasters_heading_69f43cc86ad041_96418437 .cmsmasters_heading, #cmsmasters_heading_69f43cc86ad041_96418437 .cmsmasters_heading a { \n\tfont-weight:700; \n\tfont-style:normal; \n} \n\n#cmsmasters_heading_69f43cc86ad041_96418437 .cmsmasters_heading_divider { \n} \n\n \n#cmsmasters_divider_69f43cc86af6c7_30025992 { \n\tborder-bottom-width:1px; \n\tborder-bottom-style:solid; \n\tpadding-top:0px; \n\tmargin-bottom:30px; \n} \n \n#cmsmasters_row_69f43cc86af925_43726104 .cmsmasters_row_outer_parent { \n\tpadding-top: 0px; \n} \n\n#cmsmasters_row_69f43cc86af925_43726104 .cmsmasters_row_outer_parent { \n\tpadding-bottom: 50px; \n} \n\n<\/style><div id=\"cmsmasters_row_69f43cc866e671_27162664\" class=\"cmsmasters_row cmsmasters_color_scheme_default cmsmasters_row_top_default cmsmasters_row_bot_default cmsmasters_row_boxed\">\n<div class=\"cmsmasters_row_outer_parent\">\n<div class=\"cmsmasters_row_outer\">\n<div class=\"cmsmasters_row_inner\">\n<div class=\"cmsmasters_row_margin\">\n<div class=\"cmsmasters_column one_fourth\">\n<div class=\"cmsmasters_img  cmsmasters_image_n white-backgroud\">\n<a href=\"http:\/\/ivoiretradecenter.com\/wp-content\/uploads\/2021\/10\/ITC_saphir_voyages-2.png\"><img decoding=\"async\" src=\"https:\/\/ivoiretradecenter.com\/wp-content\/uploads\/2021\/10\/ITC_saphir_voyages-2.png\" alt=\"Saphir Voyages ITC Abidjan\" \/><\/a>\n<\/div>\n\n<div id=\"cmsmasters_divider_69f43cc867e610_91801747\" class=\"cmsmasters_divider cmsmasters_divider_width_long cmsmasters_divider_pos_center\"><\/div>\n\n<div id=\"cmsmasters_heading_69f43cc8680d34_86719701\" class=\"cmsmasters_heading_wrap cmsmasters_heading_align_left\">\n\t<h3 class=\"cmsmasters_heading\">Horaires<\/h3>\n<\/div>\n<div id=\"cmsmasters_heading_69f43cc86832a2_22151071\" class=\"cmsmasters_heading_wrap cmsmasters_heading_align_left\">\n\t<h5 class=\"cmsmasters_heading\">Du Lundi au Vendredi de 8h \u00e0 18h Samedi de 10h \u00e0 14h<\/h5>\n<\/div>\n<div id=\"cmsmasters_heading_69f43cc8685890_29211205\" class=\"cmsmasters_heading_wrap cmsmasters_heading_align_left\">\n\t<h3 class=\"cmsmasters_heading\">T\u00e9l\u00e9phone<\/h3>\n<\/div>\n<div id=\"cmsmasters_heading_69f43cc8687f56_48950993\" class=\"cmsmasters_heading_wrap cmsmasters_heading_align_left\">\n\t<h5 class=\"cmsmasters_heading\">+225 27 22 21 92 51<\/h5>\n<\/div>\n<div id=\"cmsmasters_heading_69f43cc868a4d6_78784957\" class=\"cmsmasters_heading_wrap cmsmasters_heading_align_left\">\n\t<h3 class=\"cmsmasters_heading\">R\u00e9seaux Sociaux<\/h3>\n<\/div><div class=\"custom_html\">\n<div class=\"social_wrap\">\n<div class=\"social_wrap_inner\" >\n<ul>\n<li>\n\t\t\t\t<a href=\"https:\/\/www.facebook.com\/IVOIRETRADECENTER\" class=\"cmsmasters_social_icon cmsmasters_social_icon_1 cmsmasters-icon-facebook-1\" title=\"Facebook\" target=\"_blank\"><\/a>\n\t\t\t<\/li>\n<li>\n\t\t\t\t<a href=\"https:\/\/www.instagram.com\/ivoire_trade_center\/\" class=\"cmsmasters_social_icon cmsmasters_social_icon_2 cmsmasters-icon-instagram\" title=\"Instagram\" target=\"_blank\"><\/a>\n\t\t\t<\/li>\n<\/ul><\/div>\n<\/div>\n<\/div>\n<\/div>\n<div class=\"cmsmasters_column three_fourth\">\n\n<div id=\"cmsmasters_heading_69f43cc868fa18_12492112\" class=\"cmsmasters_heading_wrap cmsmasters_heading_align_left\">\n\t<h1 class=\"cmsmasters_heading\">Saphir Voyages et Services<\/h1>\n<\/div>\n\n<div id=\"cmsmasters_divider_69f43cc86928b4_41401900\" class=\"cmsmasters_divider cmsmasters_divider_width_long cmsmasters_divider_pos_center\"><\/div>\n<div class=\"cmsmasters_text\">\n<p><em>Tout est simple avec nous <\/em><\/p>\n<p>Agence de voyage agr\u00e9ee IATA.<br \/>\nDepuis 2013, nous vous accompagnons en toute simplicit\u00e9 vers toutes les destinations. Avec nous d\u00e9couvrez aussi les tr\u00e9sors touristiques de notre sublime C\u00f4te d&#8217;Ivoire.<\/p>\n<\/div>\n\n\n<div id=\"cmsmasters_divider_69f43cc86951c7_55135977\" class=\"cl\"><\/div>\n<div id=\"cmsmasters_gallery_69f43cc86977c0_14372415\" class=\"cmsmasters_gallery_wrap\"><ul class=\"cmsmasters_gallery cmsmasters_3 cmsmasters_more_items_loader\"><li class=\"cmsmasters_gallery_item\"><figure><a href=\"https:\/\/ivoiretradecenter.com\/wp-content\/uploads\/2022\/11\/safir03.jpg\" rel=\"ilightbox[69f43cc86977c0_14372415]\"><img loading=\"lazy\" decoding=\"async\" width=\"580\" height=\"375\" src=\"https:\/\/ivoiretradecenter.com\/wp-content\/uploads\/2022\/11\/safir03-580x375.jpg\" class=\"attachment-blog-masonry-thumb size-blog-masonry-thumb\" alt=\"\" srcset=\"https:\/\/ivoiretradecenter.com\/wp-content\/uploads\/2022\/11\/safir03-580x375.jpg 580w, https:\/\/ivoiretradecenter.com\/wp-content\/uploads\/2022\/11\/safir03-1160x750.jpg 1160w\" sizes=\"auto, (max-width: 580px) 100vw, 580px\" \/><\/a><\/figure><\/li><li class=\"cmsmasters_gallery_item\"><figure><a href=\"https:\/\/ivoiretradecenter.com\/wp-content\/uploads\/2022\/11\/safir02.jpg\" rel=\"ilightbox[69f43cc86977c0_14372415]\"><img loading=\"lazy\" decoding=\"async\" width=\"580\" height=\"375\" src=\"https:\/\/ivoiretradecenter.com\/wp-content\/uploads\/2022\/11\/safir02-580x375.jpg\" class=\"attachment-blog-masonry-thumb size-blog-masonry-thumb\" alt=\"\" srcset=\"https:\/\/ivoiretradecenter.com\/wp-content\/uploads\/2022\/11\/safir02-580x375.jpg 580w, https:\/\/ivoiretradecenter.com\/wp-content\/uploads\/2022\/11\/safir02-1160x750.jpg 1160w\" sizes=\"auto, (max-width: 580px) 100vw, 580px\" \/><\/a><\/figure><\/li><li class=\"cmsmasters_gallery_item\"><figure><a href=\"https:\/\/ivoiretradecenter.com\/wp-content\/uploads\/2022\/11\/safir01.jpg\" rel=\"ilightbox[69f43cc86977c0_14372415]\"><img loading=\"lazy\" decoding=\"async\" width=\"580\" height=\"375\" src=\"https:\/\/ivoiretradecenter.com\/wp-content\/uploads\/2022\/11\/safir01-580x375.jpg\" class=\"attachment-blog-masonry-thumb size-blog-masonry-thumb\" alt=\"\" srcset=\"https:\/\/ivoiretradecenter.com\/wp-content\/uploads\/2022\/11\/safir01-580x375.jpg 580w, https:\/\/ivoiretradecenter.com\/wp-content\/uploads\/2022\/11\/safir01-1160x750.jpg 1160w\" sizes=\"auto, (max-width: 580px) 100vw, 580px\" \/><\/a><\/figure><\/li><\/ul><script type=\"text\/javascript\">\r\n\t\t\t\tjQuery(document).ready(function () {\r\n\t\t\t\t\t(function ($) {\r\n\t\t\t\t\t\tif ($('#cmsmasters_gallery_69f43cc86977c0_14372415').find('.cmsmasters_gallery_item').length == '0') {\r\n\t\t\t\t\t\t\treturn false;\r\n\t\t\t\t\t\t}\r\n\t\t\t\t\t\t\r\n\t\t\t\t\t\t\r\n\t\t\t\t\t\tstartGallery( \r\n\t\t\t\t\t\t\t'69f43cc86977c0_14372415', \r\n\t\t\t\t\t\t\t'grid', \r\n\t\t\t\t\t\t\t'false', \r\n\t\t\t\t\t\t\t'false' \r\n\t\t\t\t\t\t);\r\n\t\t\t\t\t} )(jQuery);\r\n\t\t\t\t} );\r\n\t\t\t<\/script>\r\n\t\t\t<\/div>\n<\/div>\n<\/div>\n<\/div>\n<\/div>\n<\/div>\n<\/div>\n<div id=\"cmsmasters_row_69f43cc86a9b41_83654632\" class=\"cmsmasters_row cmsmasters_color_scheme_default cmsmasters_row_top_default cmsmasters_row_bot_default cmsmasters_row_boxed\">\n<div class=\"cmsmasters_row_outer_parent\">\n<div class=\"cmsmasters_row_outer\">\n<div class=\"cmsmasters_row_inner\">\n<div class=\"cmsmasters_row_margin\">\n<div class=\"cmsmasters_column one_fourth\">\n<\/div>\n<div class=\"cmsmasters_column three_fourth\">\n\n<div id=\"cmsmasters_heading_69f43cc86ad041_96418437\" class=\"cmsmasters_heading_wrap cmsmasters_heading_align_left\">\n\t<h1 class=\"cmsmasters_heading\">Saphir Voyages et Services<\/h1>\n<\/div>\n\n<div id=\"cmsmasters_divider_69f43cc86af6c7_30025992\" class=\"cmsmasters_divider cmsmasters_divider_width_long cmsmasters_divider_pos_center\"><\/div>\n<\/div>\n<\/div>\n<\/div>\n<\/div>\n<\/div>\n<\/div>\n<div id=\"cmsmasters_row_69f43cc86af925_43726104\" class=\"cmsmasters_row cmsmasters_color_scheme_default cmsmasters_row_top_default cmsmasters_row_bot_default cmsmasters_row_boxed\">\n<div class=\"cmsmasters_row_outer_parent\">\n<div class=\"cmsmasters_row_outer\">\n<div class=\"cmsmasters_row_inner\">\n<div class=\"cmsmasters_row_margin\">\n<div class=\"cmsmasters_column one_fourth\">\n<\/div>\n<div class=\"cmsmasters_column one_fourth\">\n<div class=\"custom_html\">\n<p><a href=\"https:\/\/ivoiretradecenter.com\/aby\/\">ABY<\/a> <br \/>\n<a href=\"https:\/\/ivoiretradecenter.com\/africa-guest-services\/\">Africa Guest Services<\/a> <br \/>\n<a href=\"https:\/\/ivoiretradecenter.com\/air-france\/\">Air France<\/a><br \/>\n<a href=\"https:\/\/ivoiretradecenter.com\/franck-provost-itc\/\">Franck Provost<\/a><\/p>\n<\/div>\n<\/div>\n<div class=\"cmsmasters_column one_fourth\">\n<div class=\"custom_html\">\n<p><a href=\"https:\/\/ivoiretradecenter.com\/ideal-optic\/\">Id\u00e9al Optic<\/a><br \/>\n<a href=\"https:\/\/ivoiretradecenter.com\/monop-ivoire\/\">Monop'Ivoire<\/a> <br \/>\n<a href=\"https:\/\/ivoiretradecenter.com\/morebelli\/\">Morebelli<\/a><\/p>\n<\/div>\n<\/div>\n<div class=\"cmsmasters_column one_fourth\">\n<div class=\"custom_html\">\n<p><a href=\"https:\/\/ivoiretradecenter.com\/oclean\/\">O'Clean<\/a><br \/>\n<a href=\"https:\/\/ivoiretradecenter.com\/paraone\/\">Paraone<\/a> <br \/>\n<a href=\"https:\/\/ivoiretradecenter.com\/racines\/\">Racines<\/a><\/p>\n<\/div>\n<\/div>\n<\/div>\n<\/div>\n<\/div>\n<\/div>\n<\/div>\n\n","protected":false},"excerpt":{"rendered":"","protected":false},"author":5,"featured_media":0,"parent":0,"menu_order":0,"comment_status":"closed","ping_status":"closed","template":"","meta":{"footnotes":""},"class_list":["post-10234","page","type-page","status-publish","hentry"],"_links":{"self":[{"href":"https:\/\/ivoiretradecenter.com\/en\/wp-json\/wp\/v2\/pages\/10234","targetHints":{"allow":["GET"]}}],"collection":[{"href":"https:\/\/ivoiretradecenter.com\/en\/wp-json\/wp\/v2\/pages"}],"about":[{"href":"https:\/\/ivoiretradecenter.com\/en\/wp-json\/wp\/v2\/types\/page"}],"author":[{"embeddable":true,"href":"https:\/\/ivoiretradecenter.com\/en\/wp-json\/wp\/v2\/users\/5"}],"replies":[{"embeddable":true,"href":"https:\/\/ivoiretradecenter.com\/en\/wp-json\/wp\/v2\/comments?post=10234"}],"version-history":[{"count":0,"href":"https:\/\/ivoiretradecenter.com\/en\/wp-json\/wp\/v2\/pages\/10234\/revisions"}],"wp:attachment":[{"href":"https:\/\/ivoiretradecenter.com\/en\/wp-json\/wp\/v2\/media?parent=10234"}],"curies":[{"name":"wp","href":"https:\/\/api.w.org\/{rel}","templated":true}]}}