{"id":10241,"date":"2021-10-13T11:36:15","date_gmt":"2021-10-13T11:36:15","guid":{"rendered":"http:\/\/ivoiretradecenter.com\/?page_id=10241"},"modified":"2023-12-07T12:49:27","modified_gmt":"2023-12-07T12:49:27","slug":"paraone","status":"publish","type":"page","link":"https:\/\/ivoiretradecenter.com\/en\/paraone\/","title":{"rendered":"Paraone"},"content":{"rendered":"<style type=\"text\/css\"> \n#cmsmasters_row_69e15a51c85869_03763606 .cmsmasters_row_outer_parent { \n\tpadding-top: 50px; \n} \n\n#cmsmasters_row_69e15a51c85869_03763606 .cmsmasters_row_outer_parent { \n\tpadding-bottom: 55px; \n} \n\n \n#cmsmasters_divider_69e15a51c98d75_40332935 { \n\tborder-bottom-width:1px; \n\tborder-bottom-style:solid; \n\tpadding-top:0px; \n\tmargin-bottom:0px; \n} \n \n#cmsmasters_heading_69e15a51c9b6c8_33037536 { \n\ttext-align:left; \n\tmargin-top:45px; \n\tmargin-bottom:10px; \n} \n\n#cmsmasters_heading_69e15a51c9b6c8_33037536 .cmsmasters_heading { \n\ttext-align:left; \n} \n\n#cmsmasters_heading_69e15a51c9b6c8_33037536 .cmsmasters_heading, #cmsmasters_heading_69e15a51c9b6c8_33037536 .cmsmasters_heading a { \n\tfont-weight:700; \n\tfont-style:normal; \n} \n\n#cmsmasters_heading_69e15a51c9b6c8_33037536 .cmsmasters_heading_divider { \n} \n\n \n#cmsmasters_heading_69e15a51c9dcd7_87488128 { \n\ttext-align:left; \n\tmargin-top:0px; \n\tmargin-bottom:30px; \n} \n\n#cmsmasters_heading_69e15a51c9dcd7_87488128 .cmsmasters_heading { \n\ttext-align:left; \n} \n\n#cmsmasters_heading_69e15a51c9dcd7_87488128 .cmsmasters_heading, #cmsmasters_heading_69e15a51c9dcd7_87488128 .cmsmasters_heading a { \n\tfont-weight:700; \n\tfont-style:normal; \n} \n\n#cmsmasters_heading_69e15a51c9dcd7_87488128 .cmsmasters_heading_divider { \n} \n\n \n#cmsmasters_heading_69e15a51ca01a8_26119868 { \n\ttext-align:left; \n\tmargin-top:0px; \n\tmargin-bottom:10px; \n} \n\n#cmsmasters_heading_69e15a51ca01a8_26119868 .cmsmasters_heading { \n\ttext-align:left; \n} \n\n#cmsmasters_heading_69e15a51ca01a8_26119868 .cmsmasters_heading, #cmsmasters_heading_69e15a51ca01a8_26119868 .cmsmasters_heading a { \n\tfont-weight:700; \n\tfont-style:normal; \n} \n\n#cmsmasters_heading_69e15a51ca01a8_26119868 .cmsmasters_heading_divider { \n} \n\n \n#cmsmasters_heading_69e15a51ca26b4_48674549 { \n\ttext-align:left; \n\tmargin-top:0px; \n\tmargin-bottom:30px; \n} \n\n#cmsmasters_heading_69e15a51ca26b4_48674549 .cmsmasters_heading { \n\ttext-align:left; \n} \n\n#cmsmasters_heading_69e15a51ca26b4_48674549 .cmsmasters_heading, #cmsmasters_heading_69e15a51ca26b4_48674549 .cmsmasters_heading a { \n\tfont-weight:700; \n\tfont-style:normal; \n} \n\n#cmsmasters_heading_69e15a51ca26b4_48674549 .cmsmasters_heading_divider { \n} \n\n \n#cmsmasters_heading_69e15a51ca4b20_28403209 { \n\ttext-align:left; \n\tmargin-top:0px; \n\tmargin-bottom:10px; \n} \n\n#cmsmasters_heading_69e15a51ca4b20_28403209 .cmsmasters_heading { \n\ttext-align:left; \n} \n\n#cmsmasters_heading_69e15a51ca4b20_28403209 .cmsmasters_heading, #cmsmasters_heading_69e15a51ca4b20_28403209 .cmsmasters_heading a { \n\tfont-weight:700; \n\tfont-style:normal; \n} \n\n#cmsmasters_heading_69e15a51ca4b20_28403209 .cmsmasters_heading_divider { \n} \n\n \n#cmsmasters_heading_69e15a51caa1d5_25345443 { \n\ttext-align:left; \n\tmargin-top:0px; \n\tmargin-bottom:20px; \n} \n\n#cmsmasters_heading_69e15a51caa1d5_25345443 .cmsmasters_heading { \n\ttext-align:left; \n} \n\n#cmsmasters_heading_69e15a51caa1d5_25345443 .cmsmasters_heading, #cmsmasters_heading_69e15a51caa1d5_25345443 .cmsmasters_heading a { \n\tfont-weight:700; \n\tfont-style:normal; \n} \n\n#cmsmasters_heading_69e15a51caa1d5_25345443 .cmsmasters_heading_divider { \n} \n\n \n#cmsmasters_divider_69e15a51cac769_88409239 { \n\tborder-bottom-width:1px; \n\tborder-bottom-style:solid; \n\tpadding-top:0px; \n\tmargin-bottom:30px; \n} \n \n#cmsmasters_divider_69e15a51caef77_00293142 { \n\tborder-bottom-width:0px; \n\tborder-bottom-style:solid; \n\tpadding-top:0px; \n\tmargin-bottom:20px; \n} \n\r\n\t\t\t\t#cmsmasters_gallery_69e15a51cb1739_72340707 .cmsmasters_gallery {\r\n\t\t\t\t\tmargin:0 0 0 -15px;\r\n\t\t\t\t}\r\n\t\t\t\t\r\n\t\t\t\t#cmsmasters_gallery_69e15a51cb1739_72340707 .cmsmasters_gallery .cmsmasters_gallery_item {\r\n\t\t\t\t\tpadding:0 0 15px 15px;\r\n\t\t\t\t}\r\n\t\t\t \n#cmsmasters_row_69e15a51cca3f8_43338054 .cmsmasters_row_outer_parent { \n\tpadding-top: 0px; \n} \n\n#cmsmasters_row_69e15a51cca3f8_43338054 .cmsmasters_row_outer_parent { \n\tpadding-bottom: 0px; \n} \n\n \n#cmsmasters_heading_69e15a51ccd917_09887599 { \n\ttext-align:left; \n\tmargin-top:0px; \n\tmargin-bottom:20px; \n} \n\n#cmsmasters_heading_69e15a51ccd917_09887599 .cmsmasters_heading { \n\ttext-align:left; \n} \n\n#cmsmasters_heading_69e15a51ccd917_09887599 .cmsmasters_heading, #cmsmasters_heading_69e15a51ccd917_09887599 .cmsmasters_heading a { \n\tfont-weight:700; \n\tfont-style:normal; \n} \n\n#cmsmasters_heading_69e15a51ccd917_09887599 .cmsmasters_heading_divider { \n} \n\n \n#cmsmasters_divider_69e15a51ccfe31_27339517 { \n\tborder-bottom-width:1px; \n\tborder-bottom-style:solid; \n\tpadding-top:0px; \n\tmargin-bottom:30px; \n} \n \n#cmsmasters_row_69e15a51cd00c2_14604456 .cmsmasters_row_outer_parent { \n\tpadding-top: 0px; \n} \n\n#cmsmasters_row_69e15a51cd00c2_14604456 .cmsmasters_row_outer_parent { \n\tpadding-bottom: 50px; \n} \n\n<\/style><div id=\"cmsmasters_row_69e15a51c85869_03763606\" class=\"cmsmasters_row cmsmasters_color_scheme_default cmsmasters_row_top_default cmsmasters_row_bot_default cmsmasters_row_boxed\">\n<div class=\"cmsmasters_row_outer_parent\">\n<div class=\"cmsmasters_row_outer\">\n<div class=\"cmsmasters_row_inner\">\n<div class=\"cmsmasters_row_margin\">\n<div class=\"cmsmasters_column one_fourth\">\n<div class=\"cmsmasters_img  cmsmasters_image_n white-backgroud\">\n<a href=\"http:\/\/ivoiretradecenter.com\/wp-content\/uploads\/2021\/10\/ITC_paraone-2.png\"><img decoding=\"async\" src=\"https:\/\/ivoiretradecenter.com\/wp-content\/uploads\/2021\/10\/ITC_paraone-2.png\" alt=\"ParaOne ITC Abidjan\" \/><\/a>\n<\/div>\n\n<div id=\"cmsmasters_divider_69e15a51c98d75_40332935\" class=\"cmsmasters_divider cmsmasters_divider_width_long cmsmasters_divider_pos_center\"><\/div>\n\n<div id=\"cmsmasters_heading_69e15a51c9b6c8_33037536\" class=\"cmsmasters_heading_wrap cmsmasters_heading_align_left\">\n\t<h3 class=\"cmsmasters_heading\">Horaires<\/h3>\n<\/div>\n<div id=\"cmsmasters_heading_69e15a51c9dcd7_87488128\" class=\"cmsmasters_heading_wrap cmsmasters_heading_align_left\">\n\t<h5 class=\"cmsmasters_heading\">Du lundi au Samedi de 9h \u00e0 20h &#8211; Dimanche de 12h \u00e0 19h<\/h5>\n<\/div>\n<div id=\"cmsmasters_heading_69e15a51ca01a8_26119868\" class=\"cmsmasters_heading_wrap cmsmasters_heading_align_left\">\n\t<h3 class=\"cmsmasters_heading\">T\u00e9l\u00e9phone<\/h3>\n<\/div>\n<div id=\"cmsmasters_heading_69e15a51ca26b4_48674549\" class=\"cmsmasters_heading_wrap cmsmasters_heading_align_left\">\n\t<h5 class=\"cmsmasters_heading\">+225 07 97 27 20 14<\/h5>\n<\/div>\n<div id=\"cmsmasters_heading_69e15a51ca4b20_28403209\" class=\"cmsmasters_heading_wrap cmsmasters_heading_align_left\">\n\t<h3 class=\"cmsmasters_heading\">R\u00e9seaux sociaux<\/h3>\n<\/div><div class=\"custom_html\">\n<div class=\"social_wrap\">\n<div class=\"social_wrap_inner\" >\n<ul>\n<li>\n\t\t\t\t<a href=\"https:\/\/www.facebook.com\/ParaOne-100510849075199\" class=\"cmsmasters_social_icon cmsmasters_social_icon_1 cmsmasters-icon-facebook-1\" title=\"Facebook\" target=\"_blank\"><\/a>\n\t\t\t<\/li>\n<li>\n\t\t\t\t<a href=\"https:\/\/www.instagram.com\/para_one_cocody\/\" class=\"cmsmasters_social_icon cmsmasters_social_icon_2 cmsmasters-icon-instagram\" title=\"Instagram\" target=\"_blank\"><\/a>\n\t\t\t<\/li>\n<\/ul><\/div>\n<\/div>\n<\/div>\n<\/div>\n<div class=\"cmsmasters_column three_fourth\">\n\n<div id=\"cmsmasters_heading_69e15a51caa1d5_25345443\" class=\"cmsmasters_heading_wrap cmsmasters_heading_align_left\">\n\t<h1 class=\"cmsmasters_heading\">Paraone<\/h1>\n<\/div>\n\n<div id=\"cmsmasters_divider_69e15a51cac769_88409239\" class=\"cmsmasters_divider cmsmasters_divider_width_long cmsmasters_divider_pos_center\"><\/div>\n<div class=\"cmsmasters_text\">\n<p style=\"font-weight: 400;\"><em>Para One.\u00a0Votre bien-\u00eatre, notre priorit\u00e9.<\/em><\/p>\n<p style=\"font-weight: 400;\">Para-One est votre parapharmacie de choix, o\u00f9 vous pourrez trouver votre bonheur parmi les produits de dermo-cosm\u00e9tiques, de phytoth\u00e9rapie et d&#8217;aromath\u00e9rapie. Nos conseill\u00e8res sp\u00e9cialis\u00e9es vous recevront avec le sourire et seront \u00e0 votre \u00e9coute afin de vous proposer le produit qui correspond le mieux \u00e0 votre besoin. Plus qu\u2019une parapharmacie, Para One se veut \u00eatre un lieu exceptionnel proposant des produits exceptionnels.<\/p>\n<p>&nbsp;<\/p>\n<\/div>\n\n\n<div id=\"cmsmasters_divider_69e15a51caef77_00293142\" class=\"cl\"><\/div>\n<div id=\"cmsmasters_gallery_69e15a51cb1739_72340707\" class=\"cmsmasters_gallery_wrap\"><ul class=\"cmsmasters_gallery cmsmasters_3 cmsmasters_more_items_loader\"><li class=\"cmsmasters_gallery_item\"><figure><a href=\"https:\/\/ivoiretradecenter.com\/wp-content\/uploads\/2022\/11\/paraone.jpg\" rel=\"ilightbox[69e15a51cb1739_72340707]\"><img loading=\"lazy\" decoding=\"async\" width=\"580\" height=\"375\" src=\"https:\/\/ivoiretradecenter.com\/wp-content\/uploads\/2022\/11\/paraone-580x375.jpg\" class=\"attachment-blog-masonry-thumb size-blog-masonry-thumb\" alt=\"\" srcset=\"https:\/\/ivoiretradecenter.com\/wp-content\/uploads\/2022\/11\/paraone-580x375.jpg 580w, https:\/\/ivoiretradecenter.com\/wp-content\/uploads\/2022\/11\/paraone-1160x750.jpg 1160w\" sizes=\"auto, (max-width: 580px) 100vw, 580px\" \/><\/a><\/figure><\/li><li class=\"cmsmasters_gallery_item\"><figure><a href=\"https:\/\/ivoiretradecenter.com\/wp-content\/uploads\/2021\/10\/paraone_ITC-4.png\" rel=\"ilightbox[69e15a51cb1739_72340707]\"><img loading=\"lazy\" decoding=\"async\" width=\"580\" height=\"375\" src=\"https:\/\/ivoiretradecenter.com\/wp-content\/uploads\/2021\/10\/paraone_ITC-4-580x375.png\" class=\"attachment-blog-masonry-thumb size-blog-masonry-thumb\" alt=\"Espace beaut\u00e9 Paraone ITC\" srcset=\"https:\/\/ivoiretradecenter.com\/wp-content\/uploads\/2021\/10\/paraone_ITC-4-580x375.png 580w, https:\/\/ivoiretradecenter.com\/wp-content\/uploads\/2021\/10\/paraone_ITC-4-1160x750.png 1160w\" sizes=\"auto, (max-width: 580px) 100vw, 580px\" \/><\/a><\/figure><\/li><li class=\"cmsmasters_gallery_item\"><figure><a href=\"https:\/\/ivoiretradecenter.com\/wp-content\/uploads\/2021\/10\/paraone_ITC-3.png\" rel=\"ilightbox[69e15a51cb1739_72340707]\"><img loading=\"lazy\" decoding=\"async\" width=\"580\" height=\"375\" src=\"https:\/\/ivoiretradecenter.com\/wp-content\/uploads\/2021\/10\/paraone_ITC-3-580x375.png\" class=\"attachment-blog-masonry-thumb size-blog-masonry-thumb\" alt=\"Paraone ITC Abidjan\" srcset=\"https:\/\/ivoiretradecenter.com\/wp-content\/uploads\/2021\/10\/paraone_ITC-3-580x375.png 580w, https:\/\/ivoiretradecenter.com\/wp-content\/uploads\/2021\/10\/paraone_ITC-3-1160x750.png 1160w\" sizes=\"auto, (max-width: 580px) 100vw, 580px\" \/><\/a><\/figure><\/li><li class=\"cmsmasters_gallery_item\"><figure><a href=\"https:\/\/ivoiretradecenter.com\/wp-content\/uploads\/2021\/10\/paraone_ITC.png\" rel=\"ilightbox[69e15a51cb1739_72340707]\"><img loading=\"lazy\" decoding=\"async\" width=\"580\" height=\"375\" src=\"https:\/\/ivoiretradecenter.com\/wp-content\/uploads\/2021\/10\/paraone_ITC-580x375.png\" class=\"attachment-blog-masonry-thumb size-blog-masonry-thumb\" alt=\"Espace Bio Paraone ITC\" srcset=\"https:\/\/ivoiretradecenter.com\/wp-content\/uploads\/2021\/10\/paraone_ITC-580x375.png 580w, https:\/\/ivoiretradecenter.com\/wp-content\/uploads\/2021\/10\/paraone_ITC-1160x750.png 1160w\" sizes=\"auto, (max-width: 580px) 100vw, 580px\" \/><\/a><\/figure><\/li><\/ul><script type=\"text\/javascript\">\r\n\t\t\t\tjQuery(document).ready(function () {\r\n\t\t\t\t\t(function ($) {\r\n\t\t\t\t\t\tif ($('#cmsmasters_gallery_69e15a51cb1739_72340707').find('.cmsmasters_gallery_item').length == '0') {\r\n\t\t\t\t\t\t\treturn false;\r\n\t\t\t\t\t\t}\r\n\t\t\t\t\t\t\r\n\t\t\t\t\t\t\r\n\t\t\t\t\t\tstartGallery( \r\n\t\t\t\t\t\t\t'69e15a51cb1739_72340707', \r\n\t\t\t\t\t\t\t'grid', \r\n\t\t\t\t\t\t\t'false', \r\n\t\t\t\t\t\t\t'false' \r\n\t\t\t\t\t\t);\r\n\t\t\t\t\t} )(jQuery);\r\n\t\t\t\t} );\r\n\t\t\t<\/script>\r\n\t\t\t<\/div>\n<\/div>\n<\/div>\n<\/div>\n<\/div>\n<\/div>\n<\/div>\n<div id=\"cmsmasters_row_69e15a51cca3f8_43338054\" class=\"cmsmasters_row cmsmasters_color_scheme_default cmsmasters_row_top_default cmsmasters_row_bot_default cmsmasters_row_boxed\">\n<div class=\"cmsmasters_row_outer_parent\">\n<div class=\"cmsmasters_row_outer\">\n<div class=\"cmsmasters_row_inner\">\n<div class=\"cmsmasters_row_margin\">\n<div class=\"cmsmasters_column one_fourth\">\n<\/div>\n<div class=\"cmsmasters_column three_fourth\">\n\n<div id=\"cmsmasters_heading_69e15a51ccd917_09887599\" class=\"cmsmasters_heading_wrap cmsmasters_heading_align_left\">\n\t<h2 class=\"cmsmasters_heading\">DECOUVREZ LES AUTRES BOUTIQUES<\/h2>\n<\/div>\n\n<div id=\"cmsmasters_divider_69e15a51ccfe31_27339517\" class=\"cmsmasters_divider cmsmasters_divider_width_long cmsmasters_divider_pos_center\"><\/div>\n<\/div>\n<\/div>\n<\/div>\n<\/div>\n<\/div>\n<\/div>\n<div id=\"cmsmasters_row_69e15a51cd00c2_14604456\" class=\"cmsmasters_row cmsmasters_color_scheme_default cmsmasters_row_top_default cmsmasters_row_bot_default cmsmasters_row_boxed\">\n<div class=\"cmsmasters_row_outer_parent\">\n<div class=\"cmsmasters_row_outer\">\n<div class=\"cmsmasters_row_inner\">\n<div class=\"cmsmasters_row_margin\">\n<div class=\"cmsmasters_column one_fourth\">\n<\/div>\n<div class=\"cmsmasters_column one_fourth\">\n<div class=\"custom_html\">\n<p><a href=\"https:\/\/ivoiretradecenter.com\/aby\/\">ABY<\/a> <br \/>\n<a href=\"https:\/\/ivoiretradecenter.com\/africa-guest-services\/\">Africa Guest Services<\/a> <br \/>\n<a href=\"https:\/\/ivoiretradecenter.com\/air-france\/\">Air France<\/a><br \/>\n<a href=\"https:\/\/ivoiretradecenter.com\/franck-provost-itc\/\">Franck Provost<\/a><\/p>\n<\/div>\n<\/div>\n<div class=\"cmsmasters_column one_fourth\">\n<div class=\"custom_html\">\n<p><a href=\"https:\/\/ivoiretradecenter.com\/ideal-optic\/\">Id\u00e9al Optic<\/a><br \/>\n<a href=\"https:\/\/ivoiretradecenter.com\/monop-ivoire\/\">Monop'Ivoire<\/a> <br \/>\n<a href=\"https:\/\/ivoiretradecenter.com\/morebelli\/\">Morebelli<\/a><\/p>\n<\/div>\n<\/div>\n<div class=\"cmsmasters_column one_fourth\">\n<div class=\"custom_html\">\n<p><a href=\"https:\/\/ivoiretradecenter.com\/oclean\/\">O'Clean<\/a><br \/>\n<a href=\"https:\/\/ivoiretradecenter.com\/racines\/\">Racines<\/a><br \/>\n<a href=\"https:\/\/ivoiretradecenter.com\/saphir-voyages\/\">Saphir Voyages<\/a><\/p>\n<\/div>\n<\/div>\n<\/div>\n<\/div>\n<\/div>\n<\/div>\n<\/div>\n\n","protected":false},"excerpt":{"rendered":"","protected":false},"author":5,"featured_media":0,"parent":0,"menu_order":0,"comment_status":"closed","ping_status":"closed","template":"","meta":{"footnotes":""},"class_list":["post-10241","page","type-page","status-publish","hentry"],"_links":{"self":[{"href":"https:\/\/ivoiretradecenter.com\/en\/wp-json\/wp\/v2\/pages\/10241","targetHints":{"allow":["GET"]}}],"collection":[{"href":"https:\/\/ivoiretradecenter.com\/en\/wp-json\/wp\/v2\/pages"}],"about":[{"href":"https:\/\/ivoiretradecenter.com\/en\/wp-json\/wp\/v2\/types\/page"}],"author":[{"embeddable":true,"href":"https:\/\/ivoiretradecenter.com\/en\/wp-json\/wp\/v2\/users\/5"}],"replies":[{"embeddable":true,"href":"https:\/\/ivoiretradecenter.com\/en\/wp-json\/wp\/v2\/comments?post=10241"}],"version-history":[{"count":0,"href":"https:\/\/ivoiretradecenter.com\/en\/wp-json\/wp\/v2\/pages\/10241\/revisions"}],"wp:attachment":[{"href":"https:\/\/ivoiretradecenter.com\/en\/wp-json\/wp\/v2\/media?parent=10241"}],"curies":[{"name":"wp","href":"https:\/\/api.w.org\/{rel}","templated":true}]}}