{"id":10383,"date":"2021-10-21T09:48:38","date_gmt":"2021-10-21T09:48:38","guid":{"rendered":"http:\/\/ivoiretradecenter.com\/?page_id=10383"},"modified":"2023-12-21T16:27:07","modified_gmt":"2023-12-21T16:27:07","slug":"le-comptoir","status":"publish","type":"page","link":"https:\/\/ivoiretradecenter.com\/en\/le-comptoir\/","title":{"rendered":"Le Comptoir"},"content":{"rendered":"<style type=\"text\/css\"> \n#cmsmasters_row_69f25ba68b1e55_44042653 .cmsmasters_row_outer_parent { \n\tpadding-top: 50px; \n} \n\n#cmsmasters_row_69f25ba68b1e55_44042653 .cmsmasters_row_outer_parent { \n\tpadding-bottom: 55px; \n} \n\n \n#cmsmasters_divider_69f25ba68c8ba1_42555073 { \n\tborder-bottom-width:1px; \n\tborder-bottom-style:solid; \n\tpadding-top:0px; \n\tmargin-bottom:0px; \n} \n \n#cmsmasters_heading_69f25ba68cb5a6_92411015 { \n\ttext-align:left; \n\tmargin-top:45px; \n\tmargin-bottom:10px; \n} \n\n#cmsmasters_heading_69f25ba68cb5a6_92411015 .cmsmasters_heading { \n\ttext-align:left; \n} \n\n#cmsmasters_heading_69f25ba68cb5a6_92411015 .cmsmasters_heading, #cmsmasters_heading_69f25ba68cb5a6_92411015 .cmsmasters_heading a { \n\tfont-weight:700; \n\tfont-style:normal; \n} \n\n#cmsmasters_heading_69f25ba68cb5a6_92411015 .cmsmasters_heading_divider { \n} \n\n \n#cmsmasters_heading_69f25ba68cdd10_68285903 { \n\ttext-align:left; \n\tmargin-top:0px; \n\tmargin-bottom:30px; \n} \n\n#cmsmasters_heading_69f25ba68cdd10_68285903 .cmsmasters_heading { \n\ttext-align:left; \n} \n\n#cmsmasters_heading_69f25ba68cdd10_68285903 .cmsmasters_heading, #cmsmasters_heading_69f25ba68cdd10_68285903 .cmsmasters_heading a { \n\tfont-weight:700; \n\tfont-style:normal; \n} \n\n#cmsmasters_heading_69f25ba68cdd10_68285903 .cmsmasters_heading_divider { \n} \n\n \n#cmsmasters_heading_69f25ba68d02a8_38556355 { \n\ttext-align:left; \n\tmargin-top:0px; \n\tmargin-bottom:10px; \n} \n\n#cmsmasters_heading_69f25ba68d02a8_38556355 .cmsmasters_heading { \n\ttext-align:left; \n} \n\n#cmsmasters_heading_69f25ba68d02a8_38556355 .cmsmasters_heading, #cmsmasters_heading_69f25ba68d02a8_38556355 .cmsmasters_heading a { \n\tfont-weight:700; \n\tfont-style:normal; \n} \n\n#cmsmasters_heading_69f25ba68d02a8_38556355 .cmsmasters_heading_divider { \n} \n\n \n#cmsmasters_heading_69f25ba68d29f9_93737169 { \n\ttext-align:left; \n\tmargin-top:0px; \n\tmargin-bottom:30px; \n} \n\n#cmsmasters_heading_69f25ba68d29f9_93737169 .cmsmasters_heading { \n\ttext-align:left; \n} \n\n#cmsmasters_heading_69f25ba68d29f9_93737169 .cmsmasters_heading, #cmsmasters_heading_69f25ba68d29f9_93737169 .cmsmasters_heading a { \n\tfont-weight:700; \n\tfont-style:normal; \n} \n\n#cmsmasters_heading_69f25ba68d29f9_93737169 .cmsmasters_heading_divider { \n} \n\n \n#cmsmasters_heading_69f25ba68d5096_46948572 { \n\ttext-align:left; \n\tmargin-top:0px; \n\tmargin-bottom:10px; \n} \n\n#cmsmasters_heading_69f25ba68d5096_46948572 .cmsmasters_heading { \n\ttext-align:left; \n} \n\n#cmsmasters_heading_69f25ba68d5096_46948572 .cmsmasters_heading, #cmsmasters_heading_69f25ba68d5096_46948572 .cmsmasters_heading a { \n\tfont-weight:700; \n\tfont-style:normal; \n} \n\n#cmsmasters_heading_69f25ba68d5096_46948572 .cmsmasters_heading_divider { \n} \n\n \n#cmsmasters_heading_69f25ba68da610_97237845 { \n\ttext-align:left; \n\tmargin-top:0px; \n\tmargin-bottom:20px; \n} \n\n#cmsmasters_heading_69f25ba68da610_97237845 .cmsmasters_heading { \n\ttext-align:left; \n} \n\n#cmsmasters_heading_69f25ba68da610_97237845 .cmsmasters_heading, #cmsmasters_heading_69f25ba68da610_97237845 .cmsmasters_heading a { \n\tfont-weight:700; \n\tfont-style:normal; \n} \n\n#cmsmasters_heading_69f25ba68da610_97237845 .cmsmasters_heading_divider { \n} \n\n \n#cmsmasters_divider_69f25ba68dd024_40048980 { \n\tborder-bottom-width:1px; \n\tborder-bottom-style:solid; \n\tpadding-top:0px; \n\tmargin-bottom:30px; \n} \n \n#cmsmasters_divider_69f25ba68dfbb7_08603218 { \n\tborder-bottom-width:0px; \n\tborder-bottom-style:solid; \n\tpadding-top:0px; \n\tmargin-bottom:20px; \n} \n\r\n\t\t\t\t#cmsmasters_gallery_69f25ba68e2432_14460023 .cmsmasters_gallery {\r\n\t\t\t\t\tmargin:0 0 0 -15px;\r\n\t\t\t\t}\r\n\t\t\t\t\r\n\t\t\t\t#cmsmasters_gallery_69f25ba68e2432_14460023 .cmsmasters_gallery .cmsmasters_gallery_item {\r\n\t\t\t\t\tpadding:0 0 15px 15px;\r\n\t\t\t\t}\r\n\t\t\t \n#cmsmasters_row_69f25ba68fa6d9_36260743 .cmsmasters_row_outer_parent { \n\tpadding-top: 0px; \n} \n\n#cmsmasters_row_69f25ba68fa6d9_36260743 .cmsmasters_row_outer_parent { \n\tpadding-bottom: 0px; \n} \n\n \n#cmsmasters_heading_69f25ba68fdfe4_74700530 { \n\ttext-align:left; \n\tmargin-top:0px; \n\tmargin-bottom:20px; \n} \n\n#cmsmasters_heading_69f25ba68fdfe4_74700530 .cmsmasters_heading { \n\ttext-align:left; \n} \n\n#cmsmasters_heading_69f25ba68fdfe4_74700530 .cmsmasters_heading, #cmsmasters_heading_69f25ba68fdfe4_74700530 .cmsmasters_heading a { \n\tfont-weight:700; \n\tfont-style:normal; \n} \n\n#cmsmasters_heading_69f25ba68fdfe4_74700530 .cmsmasters_heading_divider { \n} \n\n \n#cmsmasters_divider_69f25ba69005e2_49352030 { \n\tborder-bottom-width:1px; \n\tborder-bottom-style:solid; \n\tpadding-top:0px; \n\tmargin-bottom:30px; \n} \n \n#cmsmasters_row_69f25ba6900849_37674375 .cmsmasters_row_outer_parent { \n\tpadding-top: 0px; \n} \n\n#cmsmasters_row_69f25ba6900849_37674375 .cmsmasters_row_outer_parent { \n\tpadding-bottom: 50px; \n} \n\n<\/style><div id=\"cmsmasters_row_69f25ba68b1e55_44042653\" class=\"cmsmasters_row cmsmasters_color_scheme_default cmsmasters_row_top_default cmsmasters_row_bot_default cmsmasters_row_boxed\">\n<div class=\"cmsmasters_row_outer_parent\">\n<div class=\"cmsmasters_row_outer\">\n<div class=\"cmsmasters_row_inner\">\n<div class=\"cmsmasters_row_margin\">\n<div class=\"cmsmasters_column one_fourth\">\n<div class=\"cmsmasters_img  cmsmasters_image_n\">\n<a href=\"http:\/\/ivoiretradecenter.com\/wp-content\/uploads\/2021\/10\/ITC_le-comptoir-2.png\"><img decoding=\"async\" src=\"https:\/\/ivoiretradecenter.com\/wp-content\/uploads\/2021\/10\/ITC_le-comptoir-2.png\" alt=\"Le Comptoir ITC Abidjan\" \/><\/a>\n<\/div>\n\n<div id=\"cmsmasters_divider_69f25ba68c8ba1_42555073\" class=\"cmsmasters_divider cmsmasters_divider_width_long cmsmasters_divider_pos_center\"><\/div>\n\n<div id=\"cmsmasters_heading_69f25ba68cb5a6_92411015\" class=\"cmsmasters_heading_wrap cmsmasters_heading_align_left\">\n\t<h3 class=\"cmsmasters_heading\">Horaires<\/h3>\n<\/div>\n<div id=\"cmsmasters_heading_69f25ba68cdd10_68285903\" class=\"cmsmasters_heading_wrap cmsmasters_heading_align_left\">\n\t<h5 class=\"cmsmasters_heading\">Tous les jours De 10h \u00e0 01h du matin<\/h5>\n<\/div>\n<div id=\"cmsmasters_heading_69f25ba68d02a8_38556355\" class=\"cmsmasters_heading_wrap cmsmasters_heading_align_left\">\n\t<h3 class=\"cmsmasters_heading\">T\u00e9l\u00e9phone<\/h3>\n<\/div>\n<div id=\"cmsmasters_heading_69f25ba68d29f9_93737169\" class=\"cmsmasters_heading_wrap cmsmasters_heading_align_left\">\n\t<h5 class=\"cmsmasters_heading\">+225 07 98 97 46 07<\/h5>\n<\/div>\n<div id=\"cmsmasters_heading_69f25ba68d5096_46948572\" class=\"cmsmasters_heading_wrap cmsmasters_heading_align_left\">\n\t<h3 class=\"cmsmasters_heading\">R\u00e9seaux sociaux<\/h3>\n<\/div><div class=\"custom_html\">\n<div class=\"social_wrap\">\n<div class=\"social_wrap_inner\" >\n<ul>\n<li>\n\t\t\t\t<a href=\"https:\/\/www.facebook.com\/Le-Comptoir-Cocody-Bar-Restaurant-101225199009994\" class=\"cmsmasters_social_icon cmsmasters_social_icon_1 cmsmasters-icon-facebook-1\" title=\"Facebook\" target=\"_blank\"><\/a>\n\t\t\t<\/li>\n<li>\n\t\t\t\t<a href=\"https:\/\/www.instagram.com\/lecomptoircocody\/\" class=\"cmsmasters_social_icon cmsmasters_social_icon_2 cmsmasters-icon-instagram\" title=\"Instagram\" target=\"_blank\"><\/a>\n\t\t\t<\/li>\n<\/ul><\/div>\n<\/div>\n<\/div>\n<\/div>\n<div class=\"cmsmasters_column three_fourth\">\n\n<div id=\"cmsmasters_heading_69f25ba68da610_97237845\" class=\"cmsmasters_heading_wrap cmsmasters_heading_align_left\">\n\t<h1 class=\"cmsmasters_heading\">Le Comptoir<\/h1>\n<\/div>\n\n<div id=\"cmsmasters_divider_69f25ba68dd024_40048980\" class=\"cmsmasters_divider cmsmasters_divider_width_long cmsmasters_divider_pos_center\"><\/div>\n<div class=\"cmsmasters_text\">\n<p><em>Des go\u00fbts, des sensations, des images et une exp\u00e9rience qui marqueront les esprits.<\/em><\/p>\n<p>Bar &amp; Restaurant au c\u0153ur de Cocody.<\/p>\n<p>Posez-vous dans le calme et l&#8217;ambiance intimiste de notre restaurant avec vos proches ou vos partenaires d&#8217;affaires et savourez un moment agr\u00e9able et tranquille !<\/p>\n<p>De l&#8217;entr\u00e9e au dessert, d\u00e9lectez-vous de saveurs sublimes et d\u00e9licates !<\/p>\n<\/div>\n\n\n<div id=\"cmsmasters_divider_69f25ba68dfbb7_08603218\" class=\"cl\"><\/div>\n<div id=\"cmsmasters_gallery_69f25ba68e2432_14460023\" class=\"cmsmasters_gallery_wrap\"><ul class=\"cmsmasters_gallery cmsmasters_3 cmsmasters_more_items_loader\"><li class=\"cmsmasters_gallery_item\"><figure><a href=\"https:\/\/ivoiretradecenter.com\/wp-content\/uploads\/2022\/11\/comptoir3-1.jpg\" rel=\"ilightbox[69f25ba68e2432_14460023]\"><img loading=\"lazy\" decoding=\"async\" width=\"580\" height=\"375\" src=\"https:\/\/ivoiretradecenter.com\/wp-content\/uploads\/2022\/11\/comptoir3-1-580x375.jpg\" class=\"attachment-blog-masonry-thumb size-blog-masonry-thumb\" alt=\"\" srcset=\"https:\/\/ivoiretradecenter.com\/wp-content\/uploads\/2022\/11\/comptoir3-1-580x375.jpg 580w, https:\/\/ivoiretradecenter.com\/wp-content\/uploads\/2022\/11\/comptoir3-1-1160x750.jpg 1160w\" sizes=\"auto, (max-width: 580px) 100vw, 580px\" \/><\/a><\/figure><\/li><li class=\"cmsmasters_gallery_item\"><figure><a href=\"https:\/\/ivoiretradecenter.com\/wp-content\/uploads\/2022\/11\/comptoir4-1.jpg\" rel=\"ilightbox[69f25ba68e2432_14460023]\"><img loading=\"lazy\" decoding=\"async\" width=\"580\" height=\"375\" src=\"https:\/\/ivoiretradecenter.com\/wp-content\/uploads\/2022\/11\/comptoir4-1-580x375.jpg\" class=\"attachment-blog-masonry-thumb size-blog-masonry-thumb\" alt=\"\" srcset=\"https:\/\/ivoiretradecenter.com\/wp-content\/uploads\/2022\/11\/comptoir4-1-580x375.jpg 580w, https:\/\/ivoiretradecenter.com\/wp-content\/uploads\/2022\/11\/comptoir4-1-1160x750.jpg 1160w\" sizes=\"auto, (max-width: 580px) 100vw, 580px\" \/><\/a><\/figure><\/li><li class=\"cmsmasters_gallery_item\"><figure><a href=\"https:\/\/ivoiretradecenter.com\/wp-content\/uploads\/2022\/11\/comptoir1-1.jpg\" rel=\"ilightbox[69f25ba68e2432_14460023]\"><img loading=\"lazy\" decoding=\"async\" width=\"580\" height=\"375\" src=\"https:\/\/ivoiretradecenter.com\/wp-content\/uploads\/2022\/11\/comptoir1-1-580x375.jpg\" class=\"attachment-blog-masonry-thumb size-blog-masonry-thumb\" alt=\"\" srcset=\"https:\/\/ivoiretradecenter.com\/wp-content\/uploads\/2022\/11\/comptoir1-1-580x375.jpg 580w, https:\/\/ivoiretradecenter.com\/wp-content\/uploads\/2022\/11\/comptoir1-1-1160x750.jpg 1160w\" sizes=\"auto, (max-width: 580px) 100vw, 580px\" \/><\/a><\/figure><\/li><li class=\"cmsmasters_gallery_item\"><figure><a href=\"https:\/\/ivoiretradecenter.com\/wp-content\/uploads\/2022\/11\/comptoir2-1.jpg\" rel=\"ilightbox[69f25ba68e2432_14460023]\"><img loading=\"lazy\" decoding=\"async\" width=\"580\" height=\"375\" src=\"https:\/\/ivoiretradecenter.com\/wp-content\/uploads\/2022\/11\/comptoir2-1-580x375.jpg\" class=\"attachment-blog-masonry-thumb size-blog-masonry-thumb\" alt=\"\" srcset=\"https:\/\/ivoiretradecenter.com\/wp-content\/uploads\/2022\/11\/comptoir2-1-580x375.jpg 580w, https:\/\/ivoiretradecenter.com\/wp-content\/uploads\/2022\/11\/comptoir2-1-1160x750.jpg 1160w\" sizes=\"auto, (max-width: 580px) 100vw, 580px\" \/><\/a><\/figure><\/li><\/ul><script type=\"text\/javascript\">\r\n\t\t\t\tjQuery(document).ready(function () {\r\n\t\t\t\t\t(function ($) {\r\n\t\t\t\t\t\tif ($('#cmsmasters_gallery_69f25ba68e2432_14460023').find('.cmsmasters_gallery_item').length == '0') {\r\n\t\t\t\t\t\t\treturn false;\r\n\t\t\t\t\t\t}\r\n\t\t\t\t\t\t\r\n\t\t\t\t\t\t\r\n\t\t\t\t\t\tstartGallery( \r\n\t\t\t\t\t\t\t'69f25ba68e2432_14460023', \r\n\t\t\t\t\t\t\t'grid', \r\n\t\t\t\t\t\t\t'false', \r\n\t\t\t\t\t\t\t'false' \r\n\t\t\t\t\t\t);\r\n\t\t\t\t\t} )(jQuery);\r\n\t\t\t\t} );\r\n\t\t\t<\/script>\r\n\t\t\t<\/div>\n<\/div>\n<\/div>\n<\/div>\n<\/div>\n<\/div>\n<\/div>\n<div id=\"cmsmasters_row_69f25ba68fa6d9_36260743\" class=\"cmsmasters_row cmsmasters_color_scheme_default cmsmasters_row_top_default cmsmasters_row_bot_default cmsmasters_row_boxed\">\n<div class=\"cmsmasters_row_outer_parent\">\n<div class=\"cmsmasters_row_outer\">\n<div class=\"cmsmasters_row_inner\">\n<div class=\"cmsmasters_row_margin\">\n<div class=\"cmsmasters_column one_fourth\">\n<\/div>\n<div class=\"cmsmasters_column three_fourth\">\n\n<div id=\"cmsmasters_heading_69f25ba68fdfe4_74700530\" class=\"cmsmasters_heading_wrap cmsmasters_heading_align_left\">\n\t<h2 class=\"cmsmasters_heading\">DECOUVREZ LES AUTRES ETABLISSEMENTS<\/h2>\n<\/div>\n\n<div id=\"cmsmasters_divider_69f25ba69005e2_49352030\" class=\"cmsmasters_divider cmsmasters_divider_width_long cmsmasters_divider_pos_center\"><\/div>\n<\/div>\n<\/div>\n<\/div>\n<\/div>\n<\/div>\n<\/div>\n<div id=\"cmsmasters_row_69f25ba6900849_37674375\" class=\"cmsmasters_row cmsmasters_color_scheme_default cmsmasters_row_top_default cmsmasters_row_bot_default cmsmasters_row_boxed\">\n<div class=\"cmsmasters_row_outer_parent\">\n<div class=\"cmsmasters_row_outer\">\n<div class=\"cmsmasters_row_inner\">\n<div class=\"cmsmasters_row_margin\">\n<div class=\"cmsmasters_column one_fourth\">\n<\/div>\n<div class=\"cmsmasters_column one_fourth\">\n<div class=\"custom_html\">\n<p><a href=\"https:\/\/ivoiretradecenter.com\/africafe\/\">Africaf\u00e9<\/a> <br \/>\n<a href=\"https:\/\/ivoiretradecenter.com\/cheese-restaurant\/\">Cheese<\/a><\/p>\n<\/div>\n<\/div>\n<div class=\"cmsmasters_column one_fourth\">\n<div class=\"custom_html\">\n<p><a href=\"https:\/\/ivoiretradecenter.com\/atelier-mechoui\/\">L'Atelier du M\u00e9choui<\/a> <br \/>\n<a href=\"https:\/\/ivoiretradecenter.com\/nougatine\/\">Nougatine<\/a> <\/p>\n<\/div>\n<\/div>\n<div class=\"cmsmasters_column one_fourth\">\n<div class=\"custom_html\">\n<p><a href=\"https:\/\/ivoiretradecenter.com\/uchico\/\">Uchico<\/a> <br \/>\n<a href=\"https:\/\/ivoiretradecenter.com\/kitch-bar\/\">Kitch Bar<\/a> <\/p>\n<\/div>\n<\/div>\n<\/div>\n<\/div>\n<\/div>\n<\/div>\n<\/div>\n\n","protected":false},"excerpt":{"rendered":"","protected":false},"author":5,"featured_media":0,"parent":0,"menu_order":0,"comment_status":"closed","ping_status":"closed","template":"","meta":{"footnotes":""},"class_list":["post-10383","page","type-page","status-publish","hentry"],"_links":{"self":[{"href":"https:\/\/ivoiretradecenter.com\/en\/wp-json\/wp\/v2\/pages\/10383","targetHints":{"allow":["GET"]}}],"collection":[{"href":"https:\/\/ivoiretradecenter.com\/en\/wp-json\/wp\/v2\/pages"}],"about":[{"href":"https:\/\/ivoiretradecenter.com\/en\/wp-json\/wp\/v2\/types\/page"}],"author":[{"embeddable":true,"href":"https:\/\/ivoiretradecenter.com\/en\/wp-json\/wp\/v2\/users\/5"}],"replies":[{"embeddable":true,"href":"https:\/\/ivoiretradecenter.com\/en\/wp-json\/wp\/v2\/comments?post=10383"}],"version-history":[{"count":0,"href":"https:\/\/ivoiretradecenter.com\/en\/wp-json\/wp\/v2\/pages\/10383\/revisions"}],"wp:attachment":[{"href":"https:\/\/ivoiretradecenter.com\/en\/wp-json\/wp\/v2\/media?parent=10383"}],"curies":[{"name":"wp","href":"https:\/\/api.w.org\/{rel}","templated":true}]}}