{"id":10398,"date":"2021-10-21T10:56:48","date_gmt":"2021-10-21T10:56:48","guid":{"rendered":"http:\/\/ivoiretradecenter.com\/?page_id=10398"},"modified":"2024-09-24T12:24:11","modified_gmt":"2024-09-24T12:24:11","slug":"a-propos","status":"publish","type":"page","link":"https:\/\/ivoiretradecenter.com\/en\/a-propos\/","title":{"rendered":"A propos"},"content":{"rendered":"<style type=\"text\/css\"> \n#cmsmasters_row_69e12740c91d73_74408998 .cmsmasters_row_outer_parent { \n\tpadding-top: 0px; \n} \n\n#cmsmasters_row_69e12740c91d73_74408998 .cmsmasters_row_outer_parent { \n\tpadding-bottom: 50px; \n} \n\n \n#cmsmasters_heading_69e12740c95662_44200444 { \n\ttext-align:left; \n\tmargin-top:0px; \n\tmargin-bottom:20px; \n} \n\n#cmsmasters_heading_69e12740c95662_44200444 .cmsmasters_heading { \n\ttext-align:left; \n} \n\n#cmsmasters_heading_69e12740c95662_44200444 .cmsmasters_heading, #cmsmasters_heading_69e12740c95662_44200444 .cmsmasters_heading a { \n\tfont-weight:normal; \n\tfont-style:normal; \n} \n\n#cmsmasters_heading_69e12740c95662_44200444 .cmsmasters_heading_divider { \n} \n\n \n#cmsmasters_row_69e12740c97093_94614355 .cmsmasters_row_outer_parent { \n\tpadding-top: 0px; \n} \n\n#cmsmasters_row_69e12740c97093_94614355 .cmsmasters_row_outer_parent { \n\tpadding-bottom: 50px; \n} \n\n \n#cmsmasters_row_69e12740cfa799_77578388 .cmsmasters_row_outer_parent { \n\tpadding-top: 0px; \n} \n\n#cmsmasters_row_69e12740cfa799_77578388 .cmsmasters_row_outer_parent { \n\tpadding-bottom: 50px; \n} \n\n \n#cmsmasters_heading_69e12740cfe098_89818693 { \n\ttext-align:center; \n\tmargin-top:30px; \n\tmargin-bottom:20px; \n} \n\n#cmsmasters_heading_69e12740cfe098_89818693 .cmsmasters_heading { \n\ttext-align:center; \n} \n\n#cmsmasters_heading_69e12740cfe098_89818693 .cmsmasters_heading, #cmsmasters_heading_69e12740cfe098_89818693 .cmsmasters_heading a { \n\tfont-weight:bold; \n\tfont-style:normal; \n\tcolor:#aca275;\n} \n\n#cmsmasters_heading_69e12740cfe098_89818693 .cmsmasters_heading_divider { \n} \n\n \n#cmsmasters_row_69e12740cfe645_57130535 { \n\tbackground-color:#ffffff;\n} \n\n#cmsmasters_row_69e12740cfe645_57130535 .cmsmasters_row_outer_parent { \n\tpadding-top: 20px; \n} \n\n#cmsmasters_row_69e12740cfe645_57130535 .cmsmasters_row_outer_parent { \n\tpadding-bottom: 35px; \n} \n\n \n#cmsmasters_counters_69e12740d088c .cmsmasters_counter.counter_has_icon .cmsmasters_counter_inner, \n#cmsmasters_counters_69e12740d088c .cmsmasters_counter.counter_has_icon .cmsmasters_counter_inner, #cmsmasters_counters_69e12740d088c .cmsmasters_counter.counter_has_image .cmsmasters_counter_inner { \n\tpadding-top:110px; \n} \n\n#cmsmasters_counters_69e12740d088c .cmsmasters_counter.counter_has_icon .cmsmasters_counter_subtitle, #cmsmasters_counters_69e12740d088c .cmsmasters_counter.counter_has_image .cmsmasters_counter_subtitle { \n\t\n} \n\n#cmsmasters_counters_69e12740d088c.counters_type_vertical .cmsmasters_counter .cmsmasters_counter_inner:before { \n\tmargin-left:-45px; \n} \n\n#cmsmasters_counters_69e12740d088c.counters_type_horizontal .cmsmasters_counter .cmsmasters_counter_inner { \n\theight:90px; \n} \n\n#cmsmasters_counters_69e12740d088c .cmsmasters_counter .cmsmasters_counter_inner:before { \n\tfont-size:30px; \n\tline-height:90px; \n\twidth:90px; \n\theight:90px; \n\tborder-width:0px; \n\t-webkit-border-radius:50%; \n\tborder-radius:50%; \n} \n\n\n#cmsmasters_counter_69e12740d0f0d .cmsmasters_counter_inner:before { \n} \n\n#cmsmasters_counter_69e12740d0f0d .cmsmasters_counter_inner:before { \n\tcontent:''; \n\tbackground-image:url(https:\/\/ivoiretradecenter.com\/wp-content\/uploads\/2022\/08\/bureau-ITC.png); \n} \n\n#cmsmasters_counter_69e12740d1b7e .cmsmasters_counter_inner:before { \n} \n\n#cmsmasters_counter_69e12740d1b7e .cmsmasters_counter_inner:before { \n\tcontent:''; \n\tbackground-image:url(https:\/\/ivoiretradecenter.com\/wp-content\/uploads\/2022\/08\/bureaux-ITC.png); \n} \n\n#cmsmasters_counter_69e12740d23d5 .cmsmasters_counter_inner:before { \n\tbackground-color:#aca275;\n} \n\n#cmsmasters_counter_69e12740d23d5 .cmsmasters_counter_inner:before { \n\tcontent:''; \n\tbackground-image:url(https:\/\/ivoiretradecenter.com\/wp-content\/uploads\/2022\/08\/shopping-ITC.png); \n} \n\n#cmsmasters_counter_69e12740d2ab1 .cmsmasters_counter_inner:before { \n} \n\n#cmsmasters_counter_69e12740d2ab1 .cmsmasters_counter_inner:before { \n\tcontent:''; \n\tbackground-image:url(https:\/\/ivoiretradecenter.com\/wp-content\/uploads\/2022\/08\/cuisine-ITC.png); \n} \n\n#cmsmasters_counter_69e12740d3155 .cmsmasters_counter_inner:before { \n} \n\n#cmsmasters_counter_69e12740d3155 .cmsmasters_counter_inner:before { \n\tcontent:''; \n\tbackground-image:url(https:\/\/ivoiretradecenter.com\/wp-content\/uploads\/2022\/08\/brasserie-ITC.png); \n} \n \n#cmsmasters_row_69e12740d33b23_57112914 .cmsmasters_row_outer_parent { \n\tpadding-top: 0px; \n} \n\n#cmsmasters_row_69e12740d33b23_57112914 .cmsmasters_row_outer_parent { \n\tpadding-bottom: 30px; \n} \n\n \n#cmsmasters_heading_69e12740d36751_42978105 { \n\ttext-align:center; \n\tmargin-top:40px; \n\tmargin-bottom:20px; \n} \n\n#cmsmasters_heading_69e12740d36751_42978105 .cmsmasters_heading { \n\ttext-align:center; \n} \n\n#cmsmasters_heading_69e12740d36751_42978105 .cmsmasters_heading, #cmsmasters_heading_69e12740d36751_42978105 .cmsmasters_heading a { \n\tfont-weight:bold; \n\tfont-style:normal; \n\tcolor:#aca275;\n} \n\n#cmsmasters_heading_69e12740d36751_42978105 .cmsmasters_heading_divider { \n} \n\n \n#cmsmasters_row_69e12740d36bd3_61157127 .cmsmasters_row_outer_parent { \n\tpadding-top: 0px; \n} \n\n#cmsmasters_row_69e12740d36bd3_61157127 .cmsmasters_row_outer_parent { \n\tpadding-bottom: 30px; \n} \n\n \n#cmsmasters_row_69e12740d3ac05_97332344 .cmsmasters_row_outer_parent { \n\tpadding-top: 20px; \n} \n\n#cmsmasters_row_69e12740d3ac05_97332344 .cmsmasters_row_outer_parent { \n\tpadding-bottom: 50px; \n} \n\n \n#cmsmasters_heading_69e12740d3e540_64215739 { \n\ttext-align:left; \n\tmargin-top:0px; \n\tmargin-bottom:20px; \n} \n\n#cmsmasters_heading_69e12740d3e540_64215739 .cmsmasters_heading { \n\ttext-align:left; \n} \n\n#cmsmasters_heading_69e12740d3e540_64215739 .cmsmasters_heading, #cmsmasters_heading_69e12740d3e540_64215739 .cmsmasters_heading a { \n\tfont-weight:bold; \n\tfont-style:normal; \n} \n\n#cmsmasters_heading_69e12740d3e540_64215739 .cmsmasters_heading_divider { \n} \n\n \n#cmsmasters_heading_69e12740d41227_03567619 { \n\ttext-align:left; \n\tmargin-top:0px; \n\tmargin-bottom:20px; \n} \n\n#cmsmasters_heading_69e12740d41227_03567619 .cmsmasters_heading { \n\ttext-align:left; \n} \n\n#cmsmasters_heading_69e12740d41227_03567619 .cmsmasters_heading, #cmsmasters_heading_69e12740d41227_03567619 .cmsmasters_heading a { \n\tfont-weight:bold; \n\tfont-style:normal; \n} \n\n#cmsmasters_heading_69e12740d41227_03567619 .cmsmasters_heading_divider { \n} \n\n \n#cmsmasters_heading_69e12740d44204_02886635 { \n\ttext-align:left; \n\tmargin-top:0px; \n\tmargin-bottom:20px; \n} \n\n#cmsmasters_heading_69e12740d44204_02886635 .cmsmasters_heading { \n\ttext-align:left; \n} \n\n#cmsmasters_heading_69e12740d44204_02886635 .cmsmasters_heading, #cmsmasters_heading_69e12740d44204_02886635 .cmsmasters_heading a { \n\tfont-weight:bold; \n\tfont-style:normal; \n} \n\n#cmsmasters_heading_69e12740d44204_02886635 .cmsmasters_heading_divider { \n} \n\n \n#cmsmasters_heading_69e12740d46e45_47697909 { \n\ttext-align:left; \n\tmargin-top:20px; \n\tmargin-bottom:20px; \n} \n\n#cmsmasters_heading_69e12740d46e45_47697909 .cmsmasters_heading { \n\ttext-align:left; \n} \n\n#cmsmasters_heading_69e12740d46e45_47697909 .cmsmasters_heading, #cmsmasters_heading_69e12740d46e45_47697909 .cmsmasters_heading a { \n\tfont-weight:bold; \n\tfont-style:normal; \n} \n\n#cmsmasters_heading_69e12740d46e45_47697909 .cmsmasters_heading_divider { \n} \n\n<\/style><div id=\"cmsmasters_row_69e12740c91d73_74408998\" class=\"cmsmasters_row cmsmasters_color_scheme_default hide-item cmsmasters_row_top_default cmsmasters_row_bot_default cmsmasters_row_boxed\">\n<div class=\"cmsmasters_row_outer_parent\">\n<div class=\"cmsmasters_row_outer\">\n<div class=\"cmsmasters_row_inner\">\n<div class=\"cmsmasters_row_margin\">\n<div class=\"cmsmasters_column one_first\">\n\n<div id=\"cmsmasters_heading_69e12740c95662_44200444\" class=\"cmsmasters_heading_wrap cmsmasters_heading_align_left\">\n\t<h1 class=\"cmsmasters_heading\">About<\/h1>\n<\/div>\n<\/div>\n<\/div>\n<\/div>\n<\/div>\n<\/div>\n<\/div>\n<div id=\"cmsmasters_row_69e12740c97093_94614355\" class=\"cmsmasters_row cmsmasters_color_scheme_default cmsmasters_row_top_default cmsmasters_row_bot_default cmsmasters_row_boxed\">\n<div class=\"cmsmasters_row_outer_parent\">\n<div class=\"cmsmasters_row_outer\">\n<div class=\"cmsmasters_row_inner\">\n<div class=\"cmsmasters_row_margin\">\n<div class=\"cmsmasters_column one_first\">\n<div class=\"cmsmasters_text\">\n<p><script type=\"text\/javascript\">jQuery(function() { _initLayerSlider( '#layerslider_3_1ghm0v2ba91gk', {createdWith: '6.11.8', sliderVersion: '6.11.8', skin: 'v6', skinsPath: 'https:\/\/ivoiretradecenter.com\/wp-content\/plugins\/LayerSlider\/assets\/static\/layerslider\/skins\/'}); });<\/script><div id=\"layerslider_3_1ghm0v2ba91gk\" class=\"ls-wp-container fitvidsignore\" style=\"width:1280px;height:720px;margin:0 auto;margin-bottom: 0px;\"><div class=\"ls-slide\" data-ls=\"kenburnsscale:1.2;\"><div style=\"top:0px;left:0px;background-size:inherit;background-position:inherit;width:1280px;height:720px;font-size:30px;\" class=\"ls-l\" data-ls=\"autoplay:enabled;loopmedia:enabled;\"><iframe width=\"560\" height=\"315\" frameborder=\"0\" allowfullscreen data-src=\"https:\/\/www.youtube.com\/embed\/PwUX9xJWJls\"><\/iframe><\/div><\/div><\/div>\n<\/div>\n<\/div>\n<\/div>\n<\/div>\n<\/div>\n<\/div>\n<\/div>\n<div id=\"cmsmasters_row_69e12740cfa799_77578388\" class=\"cmsmasters_row cmsmasters_color_scheme_default cmsmasters_row_top_default cmsmasters_row_bot_default cmsmasters_row_boxed\">\n<div class=\"cmsmasters_row_outer_parent\">\n<div class=\"cmsmasters_row_outer\">\n<div class=\"cmsmasters_row_inner\">\n<div class=\"cmsmasters_row_margin\">\n<div class=\"cmsmasters_column one_first\">\n\n<div id=\"cmsmasters_heading_69e12740cfe098_89818693\" class=\"cmsmasters_heading_wrap cmsmasters_heading_align_center\">\n\t<h2 class=\"cmsmasters_heading\">COCODY NEW ADRESS<\/h2>\n<\/div><div class=\"cmsmasters_text\">\n<p><strong>The 30 septembre 2021, Madame Dominique OUATTARA, First Lady of C\u00f4te d\u2019Ivoire a parrain\u00e9 l\u2019inauguration de l\u2019Ivoire Trade Center, le dernier projet de PFO Immobilier \u00e0 Cocody.<\/strong><\/p>\n<p>New adress r\u00e9solument contemporaine, l\u2019Ivoire Trade Center is le nouveau lieu de vie, d\u2019\u00e9change et de rencontre en plein c\u0153ur de Cocody.<\/p>\n<p>Compos\u00e9 de 13\u00a0000m\u00b2 de bureaux accueillant les entreprises ivoiriennes et internationales les plus reconnues dans leur secteur, le b\u00e2timent propose \u00e9galement tous les services pour faciliter le quotidien de ses utilisateurs.<\/p>\n<p>Baign\u00e9e de lumi\u00e8re par sa pyramide de verre, la galerie Ivoire Trade Center a \u00e9t\u00e9 con\u00e7ue pour des visiteurs d\u00e9sireux d\u2019optimiser leur temps. \u00a0La galerie est ouverte de 6h30 \u00e0 23h30.<\/p>\n<\/div>\n<\/div>\n<\/div>\n<\/div>\n<\/div>\n<\/div>\n<\/div>\n<div id=\"cmsmasters_row_69e12740cfe645_57130535\" class=\"cmsmasters_row cmsmasters_color_scheme_default cmsmasters_row_top_default cmsmasters_row_bot_default cmsmasters_row_boxed\">\n<div class=\"cmsmasters_row_outer_parent\">\n<div class=\"cmsmasters_row_outer\">\n<div class=\"cmsmasters_row_inner\">\n<div class=\"cmsmasters_row_margin\">\n<div class=\"cmsmasters_column one_first\">\n \n<div id=\"cmsmasters_counters_69e12740d088c\" class=\"cmsmasters_counters counters_type_vertical\"><div class=\"cmsmasters_counter_wrap one_fifth\">\n<div id=\"cmsmasters_counter_69e12740d0f0d\" class=\"cmsmasters_counter counter_has_image\" data-percent=\"13000\">\n<div class=\"cmsmasters_counter_inner\">\n<span class=\"cmsmasters_counter_title_wrap\"><span class=\"cmsmasters_counter_counter_wrap\">\n<span class=\"cmsmasters_counter_prefix\"><\/span><span class=\"cmsmasters_counter_counter\">0<\/span><span class=\"cmsmasters_counter_suffix\">m\u00b2<\/span>\n<\/span>\n<span class=\"cmsmasters_counter_title\">Bureaux<\/span>\n<\/span><\/div>\n<\/div>\n<\/div><div class=\"cmsmasters_counter_wrap one_fifth\">\n<div id=\"cmsmasters_counter_69e12740d1b7e\" class=\"cmsmasters_counter counter_has_image\" data-percent=\"4000\">\n<div class=\"cmsmasters_counter_inner\">\n<span class=\"cmsmasters_counter_title_wrap\"><span class=\"cmsmasters_counter_counter_wrap\">\n<span class=\"cmsmasters_counter_prefix\"><\/span><span class=\"cmsmasters_counter_counter\">0<\/span><span class=\"cmsmasters_counter_suffix\">m\u00b2<\/span>\n<\/span>\n<span class=\"cmsmasters_counter_title\">Galerie<\/span>\n<\/span><\/div>\n<\/div>\n<\/div><div class=\"cmsmasters_counter_wrap one_fifth\">\n<div id=\"cmsmasters_counter_69e12740d23d5\" class=\"cmsmasters_counter counter_has_image\" data-percent=\"13\">\n<div class=\"cmsmasters_counter_inner\">\n<span class=\"cmsmasters_counter_title_wrap\"><span class=\"cmsmasters_counter_counter_wrap\">\n<span class=\"cmsmasters_counter_prefix\"><\/span><span class=\"cmsmasters_counter_counter\">0<\/span><span class=\"cmsmasters_counter_suffix\"><\/span>\n<\/span>\n<span class=\"cmsmasters_counter_title\">Boutiques<\/span>\n<\/span><\/div>\n<\/div>\n<\/div><div class=\"cmsmasters_counter_wrap one_fifth\">\n<div id=\"cmsmasters_counter_69e12740d2ab1\" class=\"cmsmasters_counter counter_has_image\" data-percent=\"5\">\n<div class=\"cmsmasters_counter_inner\">\n<span class=\"cmsmasters_counter_title_wrap\"><span class=\"cmsmasters_counter_counter_wrap\">\n<span class=\"cmsmasters_counter_prefix\"><\/span><span class=\"cmsmasters_counter_counter\">0<\/span><span class=\"cmsmasters_counter_suffix\"><\/span>\n<\/span>\n<span class=\"cmsmasters_counter_title\">Cuisines<\/span>\n<\/span><\/div>\n<\/div>\n<\/div><div class=\"cmsmasters_counter_wrap one_fifth\">\n<div id=\"cmsmasters_counter_69e12740d3155\" class=\"cmsmasters_counter counter_has_image\" data-percent=\"1\">\n<div class=\"cmsmasters_counter_inner\">\n<span class=\"cmsmasters_counter_title_wrap\"><span class=\"cmsmasters_counter_counter_wrap\">\n<span class=\"cmsmasters_counter_prefix\"><\/span><span class=\"cmsmasters_counter_counter\">0<\/span><span class=\"cmsmasters_counter_suffix\"><\/span>\n<\/span>\n<span class=\"cmsmasters_counter_title\">Brasserie<\/span>\n<\/span><\/div>\n<\/div>\n<\/div><\/div>\n<\/div>\n<\/div>\n<\/div>\n<\/div>\n<\/div>\n<\/div>\n<div id=\"cmsmasters_row_69e12740d33b23_57112914\" class=\"cmsmasters_row cmsmasters_color_scheme_default cmsmasters_row_top_default cmsmasters_row_bot_default cmsmasters_row_boxed\">\n<div class=\"cmsmasters_row_outer_parent\">\n<div class=\"cmsmasters_row_outer\">\n<div class=\"cmsmasters_row_inner\">\n<div class=\"cmsmasters_row_margin\">\n<div class=\"cmsmasters_column one_first\">\n\n<div id=\"cmsmasters_heading_69e12740d36751_42978105\" class=\"cmsmasters_heading_wrap cmsmasters_heading_align_center\">\n\t<h2 class=\"cmsmasters_heading\">UNE OFFRE AVANT-GARDISTE<\/h2>\n<\/div><div class=\"cmsmasters_text\">\n<p><strong>Avec ses <a href=\"http:\/\/ivoiretradecenter.com\/boutiques\/\">boutiques,<\/a> la galerie commerciale pratique et conviviale propose une offre parfaitement cibl\u00e9e avec des enseignes de proximit\u00e9 et une nouvelle g\u00e9n\u00e9ration de marques tr\u00e8s dynamiques \u00e0 Abidjan.<\/strong><\/p>\n<\/div>\n<\/div>\n<\/div>\n<\/div>\n<\/div>\n<\/div>\n<\/div>\n<div id=\"cmsmasters_row_69e12740d36bd3_61157127\" class=\"cmsmasters_row cmsmasters_color_scheme_default cmsmasters_row_top_default cmsmasters_row_bot_default cmsmasters_row_boxed\">\n<div class=\"cmsmasters_row_outer_parent\">\n<div class=\"cmsmasters_row_outer\">\n<div class=\"cmsmasters_row_inner\">\n<div class=\"cmsmasters_row_margin\">\n<div class=\"cmsmasters_column one_half\">\n<div class=\"custom_html\">\n<ul class=\"puces_icon\">\n<li><i class=\"fa-regular fa-star\"><\/i><a href=\"https:\/\/ivoiretradecenter.com\/aby\/\">Concept store : Aby<\/a><\/li>\n<li><i class=\"fa-solid fa-bell-concierge\"><\/i><a href=\"https:\/\/ivoiretradecenter.com\/africa-guest-services\/\">Conciergerie : AGS<\/a><\/li>\n<li><i class=\"fa-solid fa-droplet\"><\/i><a href=\"https:\/\/ivoiretradecenter.com\/oclean\/\">Pressing : O'Clean<\/a><\/li>\n<li><i class=\"fa-solid fa-scissors\"><\/i><a href=\"https:\/\/ivoiretradecenter.com\/franck-provost-itc\/\">Salon de coiffure et de soins : Franck Provost<\/a><\/li>\n<li><i class=\"fa-solid fa-glasses\"><\/i><a href=\"https:\/\/ivoiretradecenter.com\/ideal-optic\/\">Opticien : Ideal Optic<\/a><\/li>\n<li><i class=\"fa-regular fa-gem\"><\/i><a href=\"https:\/\/ivoiretradecenter.com\/morebelli\/\">Joaillerie : Morebelli<\/a><\/li>\n<li><i class=\"fa-solid fa-shirt\"><\/i><a href=\"https:\/\/ivoiretradecenter.com\/nanawax\/\">V\u00eatements : Nanawax<\/a><\/li>\n<\/ul>\n<\/div>\n<\/div>\n<div class=\"cmsmasters_column one_half\">\n<div class=\"custom_html\">\n<ul class=\"puces_icon\">\n<li><i class=\"fa-solid fa-cart-shopping\"><\/i><a href=\"https:\/\/ivoiretradecenter.com\/monop-ivoire\/\">Supermarch\u00e9 : Monop'Ivoire<\/a><\/li>\n<li><i class=\"fa-solid fa-briefcase-medical\"><\/i><a href=https:\/\/ivoiretradecenter.com\/paraone\/\">Parapharmacie : Paraone<\/a><\/li>\n<li><i class=\"fa-solid fa-utensils\"><\/i><a href=\"https:\/\/ivoiretradecenter.com\/le-comptoir\/\">Brasserie : Le Comptoir<\/a><\/li>\n<li><i class=\"fa-solid fa-wine-bottle\"><\/i><a href=\"https:\/\/ivoiretradecenter.com\/africa-guest-services\/\">Cave \u00e0 vin et cigares : Racines<\/a><\/li>\n<li><i class=\"fa-solid fa-earth-africa\"><\/i><a href=\"https:\/\/ivoiretradecenter.com\/saphir-voyages\/\">Voyages : Saphir<\/a><\/li>\n<li><i class=\"fa-solid fa-plane\"><\/i><a href=\"https:\/\/ivoiretradecenter.com\/air-france\/\">Compagnie a\u00e9rienne : Air France<\/a><\/li>\n<li><i class=\"fa-solid fa-building-columns\"><\/i><a href=\"#\">Banque : BGFI et Banque atlantique<\/a><\/li>\n<\/ul>\n<\/div>\n<\/div>\n<\/div>\n<\/div>\n<\/div>\n<\/div>\n<\/div>\n<div id=\"cmsmasters_row_69e12740d397b4_09624160\" class=\"cmsmasters_row cmsmasters_color_scheme_default cmsmasters_row_top_default cmsmasters_row_bot_default cmsmasters_row_boxed\">\n<div class=\"cmsmasters_row_outer_parent\">\n<div class=\"cmsmasters_row_outer\">\n<div class=\"cmsmasters_row_inner\">\n<div class=\"cmsmasters_row_margin\">\n<div class=\"cmsmasters_column one_first\">\n<div class=\"cmsmasters_text\">\n<p><strong>L\u2019\u00e9vasion culinaire et les pauses gourmandes font \u00e9galement partie de la vie dans la galerie de l&#8217;Ivoire Trade Center d&#8217;Abidjan. La Kitchen, un <a href=\"http:\/\/ivoiretradecenter.com\/restaurants\/\">food-hall<\/a> unique avec ses cuisines \u00e9clectiques, a \u00e9t\u00e9 cr\u00e9\u00e9e sur-mesure pour les travailleurs press\u00e9s la semaine ou les familles le week end. La Kitchen vous plonge dans une exp\u00e9rience originale in\u00e9gal\u00e9e \u00e0 tout moment de la journ\u00e9e, le tout anim\u00e9 par un grand bar central ouvert du matin au soir au coeur de Cocody..<\/strong><\/p>\n<\/div>\n<\/div>\n<\/div>\n<\/div>\n<\/div>\n<\/div>\n<\/div>\n<div id=\"cmsmasters_row_69e12740d3ac05_97332344\" class=\"cmsmasters_row cmsmasters_color_scheme_default cmsmasters_row_top_default cmsmasters_row_bot_default cmsmasters_row_boxed\">\n<div class=\"cmsmasters_row_outer_parent\">\n<div class=\"cmsmasters_row_outer\">\n<div class=\"cmsmasters_row_inner\">\n<div class=\"cmsmasters_row_margin\">\n<div class=\"cmsmasters_column one_half\">\n\n<div id=\"cmsmasters_heading_69e12740d3e540_64215739\" class=\"cmsmasters_heading_wrap cmsmasters_heading_align_left\">\n\t<h3 class=\"cmsmasters_heading\">L&#8217;\u00e9vasion culinaire<\/h3>\n<\/div><div class=\"custom_html\">\n<ul class=\"puces_icon\">\n<li><i class=\"fa-solid fa-check\"><\/i><a href=\"https:\/\/ivoiretradecenter.com\/africafe\/\">Africaine : Africaf\u00e9<\/a><\/li>\n<li><i class=\"fa-solid fa-check\"><\/i><a href=\"https:\/\/ivoiretradecenter.com\/atelier-mechoui\/\">M\u00e9diterran\u00e9enne : L\u2019Atelier by le M\u00e9choui<\/a><\/li>\n<li><i class=\"fa-solid fa-check\"><\/i><a href=\"https:\/\/ivoiretradecenter.com\/uchico\/\">Japonaise : Uchico<\/a><\/li>\n<li><i class=\"fa-solid fa-check\"><\/i><a href=\"https:\/\/ivoiretradecenter.com\/cheese-restaurant\/\">Tex Mex : Cheeese<\/a><\/li>\n<\/ul>\n<\/div>\n\n<div id=\"cmsmasters_heading_69e12740d41227_03567619\" class=\"cmsmasters_heading_wrap cmsmasters_heading_align_left\">\n\t<h3 class=\"cmsmasters_heading\">Sport<\/h3>\n<\/div><div class=\"custom_html\">\n<ul class=\"puces_icon\">\n<li><i class=\"fa-solid fa-check\"><\/i><a href=\"https:\/\/ivoiretradecenter.com\/myfitness\/\">My Fitness<\/a><\/li>\n<\/ul>\n<\/div>\n<\/div>\n<div class=\"cmsmasters_column one_half\">\n\n<div id=\"cmsmasters_heading_69e12740d44204_02886635\" class=\"cmsmasters_heading_wrap cmsmasters_heading_align_left\">\n\t<h3 class=\"cmsmasters_heading\">Les pauses plaisir<\/h3>\n<\/div><div class=\"custom_html\">\n<ul class=\"puces_icon\">\n<li><i class=\"fa-solid fa-check\"><\/i><a href=\"https:\/\/ivoiretradecenter.com\/nougatine\/\">Boulangerie-patisserie : Nougatine<\/a><\/li>\n<li><i class=\"fa-solid fa-check\"><\/i><a href=\"#\">Glacier : Pozzeto<\/a><\/li>\n<\/ul>\n<\/div>\n\n<div id=\"cmsmasters_heading_69e12740d46e45_47697909\" class=\"cmsmasters_heading_wrap cmsmasters_heading_align_left\">\n\t<h3 class=\"cmsmasters_heading\">Afterwork<\/h3>\n<\/div><div class=\"custom_html\">\n<ul class=\"puces_icon\">\n<li><i class=\"fa-solid fa-check\"><\/i><a href=\"https:\/\/ivoiretradecenter.com\/kitch-bar\/\">Bar de la Kitchen<\/a><\/li>\n<li><i class=\"fa-solid fa-check\"><\/i><a href=\"#\">Roof top : Mandjaro<\/a><\/li>\n<\/ul>\n<\/div>\n<\/div>\n<\/div>\n<\/div>\n<\/div>\n<\/div>\n<\/div>\n\n","protected":false},"excerpt":{"rendered":"","protected":false},"author":5,"featured_media":0,"parent":0,"menu_order":0,"comment_status":"closed","ping_status":"closed","template":"","meta":{"footnotes":""},"class_list":["post-10398","page","type-page","status-publish","hentry"],"_links":{"self":[{"href":"https:\/\/ivoiretradecenter.com\/en\/wp-json\/wp\/v2\/pages\/10398","targetHints":{"allow":["GET"]}}],"collection":[{"href":"https:\/\/ivoiretradecenter.com\/en\/wp-json\/wp\/v2\/pages"}],"about":[{"href":"https:\/\/ivoiretradecenter.com\/en\/wp-json\/wp\/v2\/types\/page"}],"author":[{"embeddable":true,"href":"https:\/\/ivoiretradecenter.com\/en\/wp-json\/wp\/v2\/users\/5"}],"replies":[{"embeddable":true,"href":"https:\/\/ivoiretradecenter.com\/en\/wp-json\/wp\/v2\/comments?post=10398"}],"version-history":[{"count":0,"href":"https:\/\/ivoiretradecenter.com\/en\/wp-json\/wp\/v2\/pages\/10398\/revisions"}],"wp:attachment":[{"href":"https:\/\/ivoiretradecenter.com\/en\/wp-json\/wp\/v2\/media?parent=10398"}],"curies":[{"name":"wp","href":"https:\/\/api.w.org\/{rel}","templated":true}]}}