{"id":11085,"date":"2022-05-23T20:52:24","date_gmt":"2022-05-23T20:52:24","guid":{"rendered":"http:\/\/ivoiretradecenter.com\/?page_id=11085"},"modified":"2024-12-06T14:27:25","modified_gmt":"2024-12-06T14:27:25","slug":"africa-guest-services","status":"publish","type":"page","link":"https:\/\/ivoiretradecenter.com\/en\/africa-guest-services\/","title":{"rendered":"AFRICA GUEST SERVICES"},"content":{"rendered":"<style type=\"text\/css\"> \n#cmsmasters_row_69f6004c522690_56553870 .cmsmasters_row_outer_parent { \n\tpadding-top: 50px; \n} \n\n#cmsmasters_row_69f6004c522690_56553870 .cmsmasters_row_outer_parent { \n\tpadding-bottom: 55px; \n} \n\n \n#cmsmasters_divider_69f6004c533b22_20222646 { \n\tborder-bottom-width:1px; \n\tborder-bottom-style:solid; \n\tpadding-top:0px; \n\tmargin-bottom:0px; \n} \n \n#cmsmasters_heading_69f6004c5362e7_02199159 { \n\ttext-align:left; \n\tmargin-top:30px; \n\tmargin-bottom:10px; \n} \n\n#cmsmasters_heading_69f6004c5362e7_02199159 .cmsmasters_heading { \n\ttext-align:left; \n} \n\n#cmsmasters_heading_69f6004c5362e7_02199159 .cmsmasters_heading, #cmsmasters_heading_69f6004c5362e7_02199159 .cmsmasters_heading a { \n\tfont-weight:700; \n\tfont-style:normal; \n} \n\n#cmsmasters_heading_69f6004c5362e7_02199159 .cmsmasters_heading_divider { \n} \n\n \n#cmsmasters_heading_69f6004c538904_30905236 { \n\ttext-align:left; \n\tmargin-top:0px; \n\tmargin-bottom:30px; \n} \n\n#cmsmasters_heading_69f6004c538904_30905236 .cmsmasters_heading { \n\ttext-align:left; \n} \n\n#cmsmasters_heading_69f6004c538904_30905236 .cmsmasters_heading, #cmsmasters_heading_69f6004c538904_30905236 .cmsmasters_heading a { \n\tfont-weight:700; \n\tfont-style:normal; \n} \n\n#cmsmasters_heading_69f6004c538904_30905236 .cmsmasters_heading_divider { \n} \n\n \n#cmsmasters_heading_69f6004c53adc1_08637291 { \n\ttext-align:left; \n\tmargin-top:0px; \n\tmargin-bottom:10px; \n} \n\n#cmsmasters_heading_69f6004c53adc1_08637291 .cmsmasters_heading { \n\ttext-align:left; \n} \n\n#cmsmasters_heading_69f6004c53adc1_08637291 .cmsmasters_heading, #cmsmasters_heading_69f6004c53adc1_08637291 .cmsmasters_heading a { \n\tfont-weight:700; \n\tfont-style:normal; \n} \n\n#cmsmasters_heading_69f6004c53adc1_08637291 .cmsmasters_heading_divider { \n} \n\n \n#cmsmasters_heading_69f6004c53d507_36079048 { \n\ttext-align:left; \n\tmargin-top:0px; \n\tmargin-bottom:30px; \n} \n\n#cmsmasters_heading_69f6004c53d507_36079048 .cmsmasters_heading { \n\ttext-align:left; \n} \n\n#cmsmasters_heading_69f6004c53d507_36079048 .cmsmasters_heading, #cmsmasters_heading_69f6004c53d507_36079048 .cmsmasters_heading a { \n\tfont-weight:700; \n\tfont-style:normal; \n} \n\n#cmsmasters_heading_69f6004c53d507_36079048 .cmsmasters_heading_divider { \n} \n\n \n#cmsmasters_heading_69f6004c53fb10_05758271 { \n\ttext-align:left; \n\tmargin-top:0px; \n\tmargin-bottom:10px; \n} \n\n#cmsmasters_heading_69f6004c53fb10_05758271 .cmsmasters_heading { \n\ttext-align:left; \n} \n\n#cmsmasters_heading_69f6004c53fb10_05758271 .cmsmasters_heading, #cmsmasters_heading_69f6004c53fb10_05758271 .cmsmasters_heading a { \n\tfont-weight:700; \n\tfont-style:normal; \n} \n\n#cmsmasters_heading_69f6004c53fb10_05758271 .cmsmasters_heading_divider { \n} \n\n \n#cmsmasters_heading_69f6004c545001_22018428 { \n\ttext-align:left; \n\tmargin-top:0px; \n\tmargin-bottom:20px; \n} \n\n#cmsmasters_heading_69f6004c545001_22018428 .cmsmasters_heading { \n\ttext-align:left; \n} \n\n#cmsmasters_heading_69f6004c545001_22018428 .cmsmasters_heading, #cmsmasters_heading_69f6004c545001_22018428 .cmsmasters_heading a { \n\tfont-weight:700; \n\tfont-style:normal; \n} \n\n#cmsmasters_heading_69f6004c545001_22018428 .cmsmasters_heading_divider { \n} \n\n \n#cmsmasters_divider_69f6004c5475c4_97718665 { \n\tborder-bottom-width:1px; \n\tborder-bottom-style:solid; \n\tpadding-top:0px; \n\tmargin-bottom:30px; \n} \n \n#cmsmasters_divider_69f6004c549ea8_79600771 { \n\tborder-bottom-width:0px; \n\tborder-bottom-style:solid; \n\tpadding-top:0px; \n\tmargin-bottom:20px; \n} \n\r\n\t\t\t\t#cmsmasters_gallery_69f6004c54c542_80704503 .cmsmasters_gallery {\r\n\t\t\t\t\tmargin:0 0 0 -15px;\r\n\t\t\t\t}\r\n\t\t\t\t\r\n\t\t\t\t#cmsmasters_gallery_69f6004c54c542_80704503 .cmsmasters_gallery .cmsmasters_gallery_item {\r\n\t\t\t\t\tpadding:0 0 15px 15px;\r\n\t\t\t\t}\r\n\t\t\t \n#cmsmasters_row_69f6004c570bf9_47144738 .cmsmasters_row_outer_parent { \n\tpadding-top: 0px; \n} \n\n#cmsmasters_row_69f6004c570bf9_47144738 .cmsmasters_row_outer_parent { \n\tpadding-bottom: 0px; \n} \n\n \n#cmsmasters_heading_69f6004c574148_86130610 { \n\ttext-align:left; \n\tmargin-top:0px; \n\tmargin-bottom:20px; \n} \n\n#cmsmasters_heading_69f6004c574148_86130610 .cmsmasters_heading { \n\ttext-align:left; \n} \n\n#cmsmasters_heading_69f6004c574148_86130610 .cmsmasters_heading, #cmsmasters_heading_69f6004c574148_86130610 .cmsmasters_heading a { \n\tfont-weight:700; \n\tfont-style:normal; \n} \n\n#cmsmasters_heading_69f6004c574148_86130610 .cmsmasters_heading_divider { \n} \n\n \n#cmsmasters_divider_69f6004c576762_24843763 { \n\tborder-bottom-width:1px; \n\tborder-bottom-style:solid; \n\tpadding-top:0px; \n\tmargin-bottom:30px; \n} \n \n#cmsmasters_row_69f6004c5769e1_66591236 .cmsmasters_row_outer_parent { \n\tpadding-top: 0px; \n} \n\n#cmsmasters_row_69f6004c5769e1_66591236 .cmsmasters_row_outer_parent { \n\tpadding-bottom: 50px; \n} \n\n<\/style><div id=\"cmsmasters_row_69f6004c522690_56553870\" class=\"cmsmasters_row cmsmasters_color_scheme_default cmsmasters_row_top_default cmsmasters_row_bot_default cmsmasters_row_boxed\">\n<div class=\"cmsmasters_row_outer_parent\">\n<div class=\"cmsmasters_row_outer\">\n<div class=\"cmsmasters_row_inner\">\n<div class=\"cmsmasters_row_margin\">\n<div class=\"cmsmasters_column one_fourth\">\n<div class=\"cmsmasters_img  cmsmasters_image_n white-backgroud\">\n<img decoding=\"async\" src=\"https:\/\/ivoiretradecenter.com\/wp-content\/uploads\/2022\/05\/ITC_ags-conciergerie-2.png\" alt=\"AGS conciergerie Abidjan\" \/>\n<\/div>\n\n<div id=\"cmsmasters_divider_69f6004c533b22_20222646\" class=\"cmsmasters_divider cmsmasters_divider_width_long cmsmasters_divider_pos_center\"><\/div>\n\n<div id=\"cmsmasters_heading_69f6004c5362e7_02199159\" class=\"cmsmasters_heading_wrap cmsmasters_heading_align_left\">\n\t<h3 class=\"cmsmasters_heading\">Horaires<\/h3>\n<\/div>\n<div id=\"cmsmasters_heading_69f6004c538904_30905236\" class=\"cmsmasters_heading_wrap cmsmasters_heading_align_left\">\n\t<h5 class=\"cmsmasters_heading\">Du lundi au samedi De 9h-19h <\/h5>\n<\/div>\n<div id=\"cmsmasters_heading_69f6004c53adc1_08637291\" class=\"cmsmasters_heading_wrap cmsmasters_heading_align_left\">\n\t<h3 class=\"cmsmasters_heading\">T\u00e9l\u00e9phone<\/h3>\n<\/div>\n<div id=\"cmsmasters_heading_69f6004c53d507_36079048\" class=\"cmsmasters_heading_wrap cmsmasters_heading_align_left\">\n\t<h5 class=\"cmsmasters_heading\">+225 07 02 08 43 29 \/ +225 27 20 35 37 05<\/h5>\n<\/div>\n<div id=\"cmsmasters_heading_69f6004c53fb10_05758271\" class=\"cmsmasters_heading_wrap cmsmasters_heading_align_left\">\n\t<h3 class=\"cmsmasters_heading\">R\u00e9seaux sociaux<\/h3>\n<\/div><div class=\"custom_html\">\n<div class=\"social_wrap\">\n<div class=\"social_wrap_inner\" >\n<ul>\n<li>\n\t\t\t\t<a href=\"https:\/\/www.instagram.com\/ags_conciergerie\/\" class=\"cmsmasters_social_icon cmsmasters_social_icon_2 cmsmasters-icon-instagram\" title=\"Instagram\" target=\"_blank\"><\/a>\n\t\t\t<\/li>\n<\/ul><\/div>\n<\/div>\n<\/div>\n<\/div>\n<div class=\"cmsmasters_column three_fourth\">\n\n<div id=\"cmsmasters_heading_69f6004c545001_22018428\" class=\"cmsmasters_heading_wrap cmsmasters_heading_align_left\">\n\t<h1 class=\"cmsmasters_heading\">AFRICA GUEST SERVICES<\/h1>\n<\/div>\n\n<div id=\"cmsmasters_divider_69f6004c5475c4_97718665\" class=\"cmsmasters_divider cmsmasters_divider_width_long cmsmasters_divider_pos_center\"><\/div>\n<div class=\"cmsmasters_text\">\n<p><em>VOTRE CONCIERGERIE D\u2019EXCEPTION !<\/em><\/p>\n<p>AFRICA GUEST SERVICES est une conciergerie priv\u00e9e et de conseil. Fond\u00e9e en 2017, notre principale activit\u00e9 repose sur les services \u00e0 la personne.<br \/>\nParce que chaque client est unique, nous proposons des\u00a0services sur mesure\u00a0pour r\u00e9pondre \u00e0 chacun de vos besoins.<\/p>\n<p>Services propos\u00e9s :<\/p>\n<ul>\n<li>Service voiturier<\/li>\n<li>Lavage \u00e0 sec de vos v\u00e9hicules<\/li>\n<li>Service coursier<\/li>\n<li>Service VHR (voyage, h\u00f4tel, restauration)<\/li>\n<li>\u00a0Service \u00e0 la demande<\/li>\n<\/ul>\n<p>Nos \u00e9quipes de concierges sont disponibles pour traiter toutes vos demandes 24H\/24H et 7J\/7J.<\/p>\n<p>Retrouvez toutes nos prestations sur <a href=\"http:\/\/www.africaguestservices.com\">www.africaguestservices.com<\/a><\/p>\n<\/div>\n\n\n<div id=\"cmsmasters_divider_69f6004c549ea8_79600771\" class=\"cl\"><\/div>\n<div id=\"cmsmasters_gallery_69f6004c54c542_80704503\" class=\"cmsmasters_gallery_wrap\"><ul class=\"cmsmasters_gallery cmsmasters_3 cmsmasters_more_items_loader\"><li class=\"cmsmasters_gallery_item\"><figure><a href=\"https:\/\/ivoiretradecenter.com\/wp-content\/uploads\/2022\/05\/ags_itc-4.jpg\" rel=\"ilightbox[69f6004c54c542_80704503]\"><img loading=\"lazy\" decoding=\"async\" width=\"580\" height=\"375\" src=\"https:\/\/ivoiretradecenter.com\/wp-content\/uploads\/2022\/05\/ags_itc-4-580x375.jpg\" class=\"attachment-blog-masonry-thumb size-blog-masonry-thumb\" alt=\"location de voiture de luxe\" srcset=\"https:\/\/ivoiretradecenter.com\/wp-content\/uploads\/2022\/05\/ags_itc-4-580x375.jpg 580w, https:\/\/ivoiretradecenter.com\/wp-content\/uploads\/2022\/05\/ags_itc-4-1160x750.jpg 1160w\" sizes=\"auto, (max-width: 580px) 100vw, 580px\" \/><\/a><\/figure><\/li><li class=\"cmsmasters_gallery_item\"><figure><a href=\"https:\/\/ivoiretradecenter.com\/wp-content\/uploads\/2022\/05\/ags_itc-6.jpg\" rel=\"ilightbox[69f6004c54c542_80704503]\"><img loading=\"lazy\" decoding=\"async\" width=\"580\" height=\"375\" src=\"https:\/\/ivoiretradecenter.com\/wp-content\/uploads\/2022\/05\/ags_itc-6-580x375.jpg\" class=\"attachment-blog-masonry-thumb size-blog-masonry-thumb\" alt=\"gastronomie\" srcset=\"https:\/\/ivoiretradecenter.com\/wp-content\/uploads\/2022\/05\/ags_itc-6-580x375.jpg 580w, https:\/\/ivoiretradecenter.com\/wp-content\/uploads\/2022\/05\/ags_itc-6-1160x750.jpg 1160w\" sizes=\"auto, (max-width: 580px) 100vw, 580px\" \/><\/a><\/figure><\/li><li class=\"cmsmasters_gallery_item\"><figure><a href=\"https:\/\/ivoiretradecenter.com\/wp-content\/uploads\/2022\/05\/ags_itc-5.jpg\" rel=\"ilightbox[69f6004c54c542_80704503]\"><img loading=\"lazy\" decoding=\"async\" width=\"580\" height=\"375\" src=\"https:\/\/ivoiretradecenter.com\/wp-content\/uploads\/2022\/05\/ags_itc-5-580x375.jpg\" class=\"attachment-blog-masonry-thumb size-blog-masonry-thumb\" alt=\"livraison de bagages Abidjan\" srcset=\"https:\/\/ivoiretradecenter.com\/wp-content\/uploads\/2022\/05\/ags_itc-5-580x375.jpg 580w, https:\/\/ivoiretradecenter.com\/wp-content\/uploads\/2022\/05\/ags_itc-5-1160x750.jpg 1160w\" sizes=\"auto, (max-width: 580px) 100vw, 580px\" \/><\/a><\/figure><\/li><li class=\"cmsmasters_gallery_item\"><figure><a href=\"https:\/\/ivoiretradecenter.com\/wp-content\/uploads\/2022\/05\/ags_itc-2.jpg\" rel=\"ilightbox[69f6004c54c542_80704503]\"><img loading=\"lazy\" decoding=\"async\" width=\"580\" height=\"375\" src=\"https:\/\/ivoiretradecenter.com\/wp-content\/uploads\/2022\/05\/ags_itc-2-580x375.jpg\" class=\"attachment-blog-masonry-thumb size-blog-masonry-thumb\" alt=\"d\u00e9coration d&#039;int\u00e9rieur\" srcset=\"https:\/\/ivoiretradecenter.com\/wp-content\/uploads\/2022\/05\/ags_itc-2-580x375.jpg 580w, https:\/\/ivoiretradecenter.com\/wp-content\/uploads\/2022\/05\/ags_itc-2-1160x750.jpg 1160w\" sizes=\"auto, (max-width: 580px) 100vw, 580px\" \/><\/a><\/figure><\/li><li class=\"cmsmasters_gallery_item\"><figure><a href=\"https:\/\/ivoiretradecenter.com\/wp-content\/uploads\/2022\/05\/ags_itc-3.jpg\" rel=\"ilightbox[69f6004c54c542_80704503]\"><img loading=\"lazy\" decoding=\"async\" width=\"580\" height=\"375\" src=\"https:\/\/ivoiretradecenter.com\/wp-content\/uploads\/2022\/05\/ags_itc-3-580x375.jpg\" class=\"attachment-blog-masonry-thumb size-blog-masonry-thumb\" alt=\"soin et bien-\u00eatre Abidjan\" srcset=\"https:\/\/ivoiretradecenter.com\/wp-content\/uploads\/2022\/05\/ags_itc-3-580x375.jpg 580w, https:\/\/ivoiretradecenter.com\/wp-content\/uploads\/2022\/05\/ags_itc-3-1160x750.jpg 1160w\" sizes=\"auto, (max-width: 580px) 100vw, 580px\" \/><\/a><\/figure><\/li><li class=\"cmsmasters_gallery_item\"><figure><a href=\"https:\/\/ivoiretradecenter.com\/wp-content\/uploads\/2022\/05\/ags_itc-1.jpg\" rel=\"ilightbox[69f6004c54c542_80704503]\"><img loading=\"lazy\" decoding=\"async\" width=\"580\" height=\"375\" src=\"https:\/\/ivoiretradecenter.com\/wp-content\/uploads\/2022\/05\/ags_itc-1-580x375.jpg\" class=\"attachment-blog-masonry-thumb size-blog-masonry-thumb\" alt=\"shopping\" srcset=\"https:\/\/ivoiretradecenter.com\/wp-content\/uploads\/2022\/05\/ags_itc-1-580x375.jpg 580w, https:\/\/ivoiretradecenter.com\/wp-content\/uploads\/2022\/05\/ags_itc-1-1160x750.jpg 1160w\" sizes=\"auto, (max-width: 580px) 100vw, 580px\" \/><\/a><\/figure><\/li><\/ul><script type=\"text\/javascript\">\r\n\t\t\t\tjQuery(document).ready(function () {\r\n\t\t\t\t\t(function ($) {\r\n\t\t\t\t\t\tif ($('#cmsmasters_gallery_69f6004c54c542_80704503').find('.cmsmasters_gallery_item').length == '0') {\r\n\t\t\t\t\t\t\treturn false;\r\n\t\t\t\t\t\t}\r\n\t\t\t\t\t\t\r\n\t\t\t\t\t\t\r\n\t\t\t\t\t\tstartGallery( \r\n\t\t\t\t\t\t\t'69f6004c54c542_80704503', \r\n\t\t\t\t\t\t\t'grid', \r\n\t\t\t\t\t\t\t'false', \r\n\t\t\t\t\t\t\t'false' \r\n\t\t\t\t\t\t);\r\n\t\t\t\t\t} )(jQuery);\r\n\t\t\t\t} );\r\n\t\t\t<\/script>\r\n\t\t\t<\/div>\n<\/div>\n<\/div>\n<\/div>\n<\/div>\n<\/div>\n<\/div>\n<div id=\"cmsmasters_row_69f6004c570bf9_47144738\" class=\"cmsmasters_row cmsmasters_color_scheme_default cmsmasters_row_top_default cmsmasters_row_bot_default cmsmasters_row_boxed\">\n<div class=\"cmsmasters_row_outer_parent\">\n<div class=\"cmsmasters_row_outer\">\n<div class=\"cmsmasters_row_inner\">\n<div class=\"cmsmasters_row_margin\">\n<div class=\"cmsmasters_column one_fourth\">\n<\/div>\n<div class=\"cmsmasters_column three_fourth\">\n\n<div id=\"cmsmasters_heading_69f6004c574148_86130610\" class=\"cmsmasters_heading_wrap cmsmasters_heading_align_left\">\n\t<h2 class=\"cmsmasters_heading\">D\u00c9COUVREZ LES AUTRES BOUTIQUES<\/h2>\n<\/div>\n\n<div id=\"cmsmasters_divider_69f6004c576762_24843763\" class=\"cmsmasters_divider cmsmasters_divider_width_long cmsmasters_divider_pos_center\"><\/div>\n<\/div>\n<\/div>\n<\/div>\n<\/div>\n<\/div>\n<\/div>\n<div id=\"cmsmasters_row_69f6004c5769e1_66591236\" class=\"cmsmasters_row cmsmasters_color_scheme_default cmsmasters_row_top_default cmsmasters_row_bot_default cmsmasters_row_boxed\">\n<div class=\"cmsmasters_row_outer_parent\">\n<div class=\"cmsmasters_row_outer\">\n<div class=\"cmsmasters_row_inner\">\n<div class=\"cmsmasters_row_margin\">\n<div class=\"cmsmasters_column one_fourth\">\n<\/div>\n<div class=\"cmsmasters_column one_fourth\">\n<div class=\"custom_html\">\n<p><a href=\"https:\/\/ivoiretradecenter.com\/aby\/\">Aby<\/a> <br \/>\n<a href=\"https:\/\/ivoiretradecenter.com\/air-france\/\">Air France<\/a><br \/>\n<a href=\"https:\/\/ivoiretradecenter.com\/doo\/\">Doo<\/a><br \/>\n<a href=\"https:\/\/ivoiretradecenter.com\/franck-provost-itc\/\">Franck Provost<\/a><\/p>\n<\/div>\n<\/div>\n<div class=\"cmsmasters_column one_fourth\">\n<div class=\"custom_html\">\n<p><a href=\"https:\/\/ivoiretradecenter.com\/ideal-optic\/\">Id\u00e9al Optic<\/a><br \/>\n<a href=\"https:\/\/ivoiretradecenter.com\/monop-ivoire\/\">Monop'Ivoire<\/a> <br \/>\n<a href=\"https:\/\/ivoiretradecenter.com\/morebelli\/\">Morebelli<\/a><br \/>\n<a href=\"https:\/\/ivoiretradecenter.com\/oclean\/\">O'Clean<\/a><\/p>\n<\/div>\n<\/div>\n<div class=\"cmsmasters_column one_fourth\">\n<div class=\"custom_html\">\n<p><a href=\"https:\/\/ivoiretradecenter.com\/paraone\/\">Paraone<\/a> <br \/>\n<a href=\"https:\/\/ivoiretradecenter.com\/racines\/\">Racines<\/a><br \/>\n<a href=\"https:\/\/ivoiretradecenter.com\/saphir-voyages\/\">Saphir Voyages<\/a><\/p>\n<\/div>\n<\/div>\n<\/div>\n<\/div>\n<\/div>\n<\/div>\n<\/div>\n\n","protected":false},"excerpt":{"rendered":"","protected":false},"author":5,"featured_media":0,"parent":0,"menu_order":0,"comment_status":"closed","ping_status":"closed","template":"","meta":{"footnotes":""},"class_list":["post-11085","page","type-page","status-publish","hentry"],"_links":{"self":[{"href":"https:\/\/ivoiretradecenter.com\/en\/wp-json\/wp\/v2\/pages\/11085","targetHints":{"allow":["GET"]}}],"collection":[{"href":"https:\/\/ivoiretradecenter.com\/en\/wp-json\/wp\/v2\/pages"}],"about":[{"href":"https:\/\/ivoiretradecenter.com\/en\/wp-json\/wp\/v2\/types\/page"}],"author":[{"embeddable":true,"href":"https:\/\/ivoiretradecenter.com\/en\/wp-json\/wp\/v2\/users\/5"}],"replies":[{"embeddable":true,"href":"https:\/\/ivoiretradecenter.com\/en\/wp-json\/wp\/v2\/comments?post=11085"}],"version-history":[{"count":0,"href":"https:\/\/ivoiretradecenter.com\/en\/wp-json\/wp\/v2\/pages\/11085\/revisions"}],"wp:attachment":[{"href":"https:\/\/ivoiretradecenter.com\/en\/wp-json\/wp\/v2\/media?parent=11085"}],"curies":[{"name":"wp","href":"https:\/\/api.w.org\/{rel}","templated":true}]}}