{"id":11815,"date":"2022-12-01T17:14:45","date_gmt":"2022-12-01T17:14:45","guid":{"rendered":"http:\/\/ivoiretradecenter.com\/?page_id=11815"},"modified":"2023-02-07T14:30:08","modified_gmt":"2023-02-07T14:30:08","slug":"le-rooftop","status":"publish","type":"page","link":"https:\/\/ivoiretradecenter.com\/en\/meeting-events\/le-rooftop\/","title":{"rendered":"Le Rooftop"},"content":{"rendered":"<style type=\"text\/css\"> \n#cmsmasters_row_69f25c55ce6d07_88311001 .cmsmasters_row_outer_parent { \n\tpadding-top: 20px; \n} \n\n#cmsmasters_row_69f25c55ce6d07_88311001 .cmsmasters_row_outer_parent { \n\tpadding-bottom: 50px; \n} \n\n\n#cmsmasters_button_69f25c55cfce94_98114820 { \n\ttext-align:center; \n} \n\n#cmsmasters_button_69f25c55cfce94_98114820 .cmsmasters_button:before { \n\tmargin-right:.5em; \n\tmargin-left:0; \n\tvertical-align:baseline; \n} \n\n#cmsmasters_button_69f25c55cfce94_98114820 .cmsmasters_button { \n\tfont-weight:normal; \n\tfont-style:normal; \n\tborder-style:solid; \n} \n#cmsmasters_button_69f25c55cfce94_98114820 .cmsmasters_button:hover { \n} \n \n#cmsmasters_divider_69f25c55d00021_77646516 { \n\tborder-bottom-width:1px; \n\tborder-bottom-style:solid; \n\tpadding-top:50px; \n\tmargin-bottom:50px; \n} \n \n#cmsmasters_row_69f25c55d006e4_19100632 .cmsmasters_row_outer_parent { \n\tpadding-top: 0px; \n} \n\n#cmsmasters_row_69f25c55d006e4_19100632 .cmsmasters_row_outer_parent { \n\tpadding-bottom: 20px; \n} \n\n \n#cmsmasters_row_69f25c55d01781_14828697 .cmsmasters_row_outer_parent { \n\tpadding-top: 0px; \n} \n\n#cmsmasters_row_69f25c55d01781_14828697 .cmsmasters_row_outer_parent { \n\tpadding-bottom: 20px; \n} \n\n<\/style><div id=\"cmsmasters_row_69f25c55ce6d07_88311001\" class=\"cmsmasters_row cmsmasters_color_scheme_default cmsmasters_row_top_default cmsmasters_row_bot_default cmsmasters_row_boxed\">\n<div class=\"cmsmasters_row_outer_parent\">\n<div class=\"cmsmasters_row_outer\">\n<div class=\"cmsmasters_row_inner\">\n<div class=\"cmsmasters_row_margin\">\n<div class=\"cmsmasters_column three_fourth\">\n<div class=\"cmsmasters_content_slider_wrap\" style=\"max-width:px;\">\n<script type=\"text\/javascript\">jQuery(document).ready(function () { jQuery(\"#cmsmasters_slider_69f25c55cea584_00713857.cmsmasters_content_slider\").owlCarousel( { singleItem : true, transitionStyle: false, rewindNav: false, rewindSpeed : 1000, slideSpeed : 600, autoHeight : true, paginationSpeed : \t600, autoPlay : 7000,stopOnHover: true, pagination: false, navigation : true, navigationText : \t[ \"<span class=\\\"cmsmasters_prev_arrow\\\"><span><\/span><\/span>\", \"<span class=\\\"cmsmasters_next_arrow\\\"><span><\/span><\/span>\" ] } );} );<\/script>\n<div id=\"cmsmasters_slider_69f25c55cea584_00713857\" class=\"cmsmasters_content_slider cmsmasters_owl_slider owl-carousel\">\n<div class=\"cmsmasters_content_slider_item\"><img loading=\"lazy\" decoding=\"async\" width=\"1160\" height=\"653\" src=\"https:\/\/ivoiretradecenter.com\/wp-content\/uploads\/2022\/11\/roof02.jpg\" class=\"attachment-full size-full\" alt=\"\" srcset=\"https:\/\/ivoiretradecenter.com\/wp-content\/uploads\/2022\/11\/roof02.jpg 1160w, https:\/\/ivoiretradecenter.com\/wp-content\/uploads\/2022\/11\/roof02-300x169.jpg 300w, https:\/\/ivoiretradecenter.com\/wp-content\/uploads\/2022\/11\/roof02-1024x576.jpg 1024w, https:\/\/ivoiretradecenter.com\/wp-content\/uploads\/2022\/11\/roof02-768x432.jpg 768w, https:\/\/ivoiretradecenter.com\/wp-content\/uploads\/2022\/11\/roof02-580x327.jpg 580w, https:\/\/ivoiretradecenter.com\/wp-content\/uploads\/2022\/11\/roof02-860x484.jpg 860w\" sizes=\"auto, (max-width: 1160px) 100vw, 1160px\" \/><\/div><div class=\"cmsmasters_content_slider_item\"><img loading=\"lazy\" decoding=\"async\" width=\"1160\" height=\"653\" src=\"https:\/\/ivoiretradecenter.com\/wp-content\/uploads\/2022\/11\/roof01.jpg\" class=\"attachment-full size-full\" alt=\"\" srcset=\"https:\/\/ivoiretradecenter.com\/wp-content\/uploads\/2022\/11\/roof01.jpg 1160w, https:\/\/ivoiretradecenter.com\/wp-content\/uploads\/2022\/11\/roof01-300x169.jpg 300w, https:\/\/ivoiretradecenter.com\/wp-content\/uploads\/2022\/11\/roof01-1024x576.jpg 1024w, https:\/\/ivoiretradecenter.com\/wp-content\/uploads\/2022\/11\/roof01-768x432.jpg 768w, https:\/\/ivoiretradecenter.com\/wp-content\/uploads\/2022\/11\/roof01-580x327.jpg 580w, https:\/\/ivoiretradecenter.com\/wp-content\/uploads\/2022\/11\/roof01-860x484.jpg 860w\" sizes=\"auto, (max-width: 1160px) 100vw, 1160px\" \/><\/div><\/div>\n<\/div>\n<\/div>\n<div class=\"cmsmasters_column one_fourth\">\n\n<div id=\"cmsmasters_button_69f25c55cfce94_98114820\" class=\"button_wrap\"><a href=\"http:\/\/ivoiretradecenter.com\/demande-de-salle\/\" class=\"cmsmasters_button cmsmasters_but_clear_styles cmsmasters_but_icon_dark_bg cmsmasters-icon-calendar-1\"><span>Demande de salle<\/span><\/a><\/div>\n\n<div id=\"cmsmasters_divider_69f25c55d00021_77646516\" class=\"cmsmasters_divider cmsmasters_divider_width_long cmsmasters_divider_pos_center\"><\/div>\n<div class=\"cmsmasters_text\">\n<p>Un lieu paisible, un cadre d\u00e9paysant, une ambiance fun, un concept original, C&#8217;est l&#8217;endroit r\u00eav\u00e9 pour l&#8217;organisation d&#8217;une r\u00e9ception en ext\u00e9rieur avec une vue imprenable sur la lagune et un sublime couch\u00e9 de soleil.<\/p>\n<p><strong>Caract\u00e9ristiques et capacit\u00e9 d&#8217;accueil <\/strong>:<\/p>\n<ul>\n<li>200 personnes<\/li>\n<li><img loading=\"lazy\" decoding=\"async\" class=\"alignnone size-full wp-image-11687\" src=\"http:\/\/ivoiretradecenter.com\/wp-content\/uploads\/2022\/11\/Superficie.png\" alt=\"\" width=\"29\" height=\"29\" \/> 166 m\u00b2<\/li>\n<li><img loading=\"lazy\" decoding=\"async\" class=\"alignnone size-full wp-image-11680\" src=\"http:\/\/ivoiretradecenter.com\/wp-content\/uploads\/2022\/11\/Hauteur.png\" alt=\"\" width=\"33\" height=\"33\" \/> Hauteur 2m90<\/li>\n<\/ul>\n<\/div>\n<\/div>\n<\/div>\n<\/div>\n<\/div>\n<\/div>\n<\/div>\n<div id=\"cmsmasters_row_69f25c55d006e4_19100632\" class=\"cmsmasters_row cmsmasters_color_scheme_default cmsmasters_row_top_default cmsmasters_row_bot_default cmsmasters_row_boxed\">\n<div class=\"cmsmasters_row_outer_parent\">\n<div class=\"cmsmasters_row_outer\">\n<div class=\"cmsmasters_row_inner\">\n<div class=\"cmsmasters_row_margin\">\n<div class=\"cmsmasters_column one_first\">\n<div class=\"cmsmasters_text\">\n<h5>Nos autres salles disponibles<\/h5>\n<\/div>\n<\/div>\n<\/div>\n<\/div>\n<\/div>\n<\/div>\n<\/div>\n<div id=\"cmsmasters_row_69f25c55d01781_14828697\" class=\"cmsmasters_row cmsmasters_color_scheme_default cmsmasters_row_top_default cmsmasters_row_bot_default cmsmasters_row_boxed\">\n<div class=\"cmsmasters_row_outer_parent\">\n<div class=\"cmsmasters_row_outer\">\n<div class=\"cmsmasters_row_inner\">\n<div class=\"cmsmasters_row_margin\">\n<div class=\"cmsmasters_column one_fourth\">\n<div class=\"cmsmasters_img  cmsmasters_image_n with_caption\">\n<a href=\"http:\/\/ivoiretradecenter.com\/meeting-events\/la-carree\/\"><img decoding=\"async\" src=\"https:\/\/ivoiretradecenter.com\/wp-content\/uploads\/2022\/11\/carree01-300x169.jpg\" \/><\/a>\n<p class=\"cmsmasters_img_caption\">La carr\u00e9e<\/p><\/div>\n<\/div>\n<div class=\"cmsmasters_column one_fourth\">\n<div class=\"cmsmasters_img  cmsmasters_image_n with_caption\">\n<a href=\"http:\/\/ivoiretradecenter.com\/meeting-events\/la-centrale\"><img decoding=\"async\" src=\"https:\/\/ivoiretradecenter.com\/wp-content\/uploads\/2022\/11\/centrale01-300x169.jpg\" \/><\/a>\n<p class=\"cmsmasters_img_caption\">La centrale<\/p><\/div>\n<\/div>\n<div class=\"cmsmasters_column one_fourth\">\n<div class=\"cmsmasters_img  cmsmasters_image_n with_caption\">\n<a href=\"http:\/\/ivoiretradecenter.com\/meeting-events\/la-rectangle\/\"><img decoding=\"async\" src=\"https:\/\/ivoiretradecenter.com\/wp-content\/uploads\/2022\/11\/rect02-300x169.jpg\" \/><\/a>\n<p class=\"cmsmasters_img_caption\">La rectangle<\/p><\/div>\n<\/div>\n<div class=\"cmsmasters_column one_fourth\">\n<div class=\"cmsmasters_img  cmsmasters_image_n with_caption\">\n<a href=\"http:\/\/ivoiretradecenter.com\/meeting-events\/la-lagune\/\"><img decoding=\"async\" src=\"https:\/\/ivoiretradecenter.com\/wp-content\/uploads\/2022\/11\/lag01-300x169.jpg\" \/><\/a>\n<p class=\"cmsmasters_img_caption\">La lagune<\/p><\/div>\n<\/div>\n<\/div>\n<\/div>\n<\/div>\n<\/div>\n<\/div>\n\n","protected":false},"excerpt":{"rendered":"","protected":false},"author":9,"featured_media":11540,"parent":11903,"menu_order":0,"comment_status":"closed","ping_status":"closed","template":"","meta":{"footnotes":""},"class_list":["post-11815","page","type-page","status-publish","has-post-thumbnail","hentry"],"_links":{"self":[{"href":"https:\/\/ivoiretradecenter.com\/en\/wp-json\/wp\/v2\/pages\/11815","targetHints":{"allow":["GET"]}}],"collection":[{"href":"https:\/\/ivoiretradecenter.com\/en\/wp-json\/wp\/v2\/pages"}],"about":[{"href":"https:\/\/ivoiretradecenter.com\/en\/wp-json\/wp\/v2\/types\/page"}],"author":[{"embeddable":true,"href":"https:\/\/ivoiretradecenter.com\/en\/wp-json\/wp\/v2\/users\/9"}],"replies":[{"embeddable":true,"href":"https:\/\/ivoiretradecenter.com\/en\/wp-json\/wp\/v2\/comments?post=11815"}],"version-history":[{"count":0,"href":"https:\/\/ivoiretradecenter.com\/en\/wp-json\/wp\/v2\/pages\/11815\/revisions"}],"up":[{"embeddable":true,"href":"https:\/\/ivoiretradecenter.com\/en\/wp-json\/wp\/v2\/pages\/11903"}],"wp:featuredmedia":[{"embeddable":true,"href":"https:\/\/ivoiretradecenter.com\/en\/wp-json\/wp\/v2\/media\/11540"}],"wp:attachment":[{"href":"https:\/\/ivoiretradecenter.com\/en\/wp-json\/wp\/v2\/media?parent=11815"}],"curies":[{"name":"wp","href":"https:\/\/api.w.org\/{rel}","templated":true}]}}