{"id":11903,"date":"2022-12-20T14:15:27","date_gmt":"2022-12-20T14:15:27","guid":{"rendered":"http:\/\/ivoiretradecenter.com\/?page_id=11903"},"modified":"2023-02-07T14:37:08","modified_gmt":"2023-02-07T14:37:08","slug":"meeting-events","status":"publish","type":"page","link":"https:\/\/ivoiretradecenter.com\/en\/meeting-events\/","title":{"rendered":"Meeting &#038; events"},"content":{"rendered":"<style type=\"text\/css\"> \n#cmsmasters_row_69d69e81ef9ff6_68640106 { \n\tbackground-image: url(https:\/\/ivoiretradecenter.com\/wp-content\/uploads\/2023\/02\/header_meetings.jpg); \n\tbackground-position: center center; \n\tbackground-repeat: no-repeat; \n\tbackground-attachment: scroll; \n\tbackground-size: cover; \n} \n\n#cmsmasters_row_69d69e81ef9ff6_68640106 .cmsmasters_row_outer_parent { \n\tpadding-top: 200px; \n} \n\n#cmsmasters_row_69d69e81ef9ff6_68640106 .cmsmasters_row_outer_parent { \n\tpadding-bottom: 200px; \n} \n\n#cmsmasters_row_69d69e81ef9ff6_68640106 .cmsmasters_row_overlay { \n\tbackground-color:rgba(0,0,0,0.2);\n} \n\n \n#cmsmasters_heading_69d69e81f03056_53205217 { \n\ttext-align:center; \n\tmargin-top:0px; \n\tmargin-bottom:0px; \n} \n\n#cmsmasters_heading_69d69e81f03056_53205217 .cmsmasters_heading { \n\ttext-align:center; \n} \n\n#cmsmasters_heading_69d69e81f03056_53205217 .cmsmasters_heading, #cmsmasters_heading_69d69e81f03056_53205217 .cmsmasters_heading a { \n\tfont-size:72px; \n\tline-height:90px; \n\tfont-weight:bold; \n\tfont-style:normal; \n\tcolor:#ffffff;\n} \n\n#cmsmasters_heading_69d69e81f03056_53205217 .cmsmasters_heading_divider { \n} \n\n \n#cmsmasters_row_69d69e81f04bd3_17044856 { \n\tbackground-color:#ffffff;\n} \n\n#cmsmasters_row_69d69e81f04bd3_17044856 .cmsmasters_row_outer_parent { \n\tpadding-top: 30px; \n} \n\n#cmsmasters_row_69d69e81f04bd3_17044856 .cmsmasters_row_outer_parent { \n\tpadding-bottom: 70px; \n} \n\n \n#cmsmasters_heading_69d69e81f08334_40418553 { \n\ttext-align:left; \n\tmargin-top:30px; \n\tmargin-bottom:20px; \n} \n\n#cmsmasters_heading_69d69e81f08334_40418553 .cmsmasters_heading { \n\ttext-align:left; \n} \n\n#cmsmasters_heading_69d69e81f08334_40418553 .cmsmasters_heading, #cmsmasters_heading_69d69e81f08334_40418553 .cmsmasters_heading a { \n\tfont-weight:500; \n\tfont-style:normal; \n} \n\n#cmsmasters_heading_69d69e81f08334_40418553 .cmsmasters_heading_divider { \n} \n\n \n#cmsmasters_heading_69d69e81f0a883_07247720 { \n\ttext-align:left; \n\tmargin-top:0px; \n\tmargin-bottom:30px; \n} \n\n#cmsmasters_heading_69d69e81f0a883_07247720 .cmsmasters_heading { \n\ttext-align:left; \n} \n\n#cmsmasters_heading_69d69e81f0a883_07247720 .cmsmasters_heading, #cmsmasters_heading_69d69e81f0a883_07247720 .cmsmasters_heading a { \n\tfont-weight:700; \n\tfont-style:normal; \n} \n\n#cmsmasters_heading_69d69e81f0a883_07247720 .cmsmasters_heading_divider { \n} \n\n \n#cmsmasters_heading_69d69e81f0cf07_45217127 { \n\ttext-align:left; \n\tmargin-top:0px; \n\tmargin-bottom:30px; \n} \n\n#cmsmasters_heading_69d69e81f0cf07_45217127 .cmsmasters_heading { \n\ttext-align:left; \n} \n\n#cmsmasters_heading_69d69e81f0cf07_45217127 .cmsmasters_heading, #cmsmasters_heading_69d69e81f0cf07_45217127 .cmsmasters_heading a { \n\tfont-weight:700; \n\tfont-style:normal; \n} \n\n#cmsmasters_heading_69d69e81f0cf07_45217127 .cmsmasters_heading_divider { \n} \n\n\n#cmsmasters_button_69d69e81f0f849_16066888 { \n\tfloat:left; \n} \n\n#cmsmasters_button_69d69e81f0f849_16066888 .cmsmasters_button:before { \n\tmargin-right:.5em; \n\tmargin-left:0; \n\tvertical-align:baseline; \n} \n\n#cmsmasters_button_69d69e81f0f849_16066888 .cmsmasters_button { \n\tfont-weight:normal; \n\tfont-style:normal; \n\tborder-style:solid; \n} \n#cmsmasters_button_69d69e81f0f849_16066888 .cmsmasters_button:hover { \n} \n \n#cmsmasters_divider_69d69e81f12025_68419256 { \n\tborder-bottom-width:1px; \n\tborder-bottom-style:solid; \n\tpadding-top:10px; \n\tmargin-bottom:30px; \n} \n\n#cmsmasters_button_69d69e81f14685_68711659 { \n\tfloat:left; \n} \n\n#cmsmasters_button_69d69e81f14685_68711659 .cmsmasters_button:before { \n\tmargin-right:.5em; \n\tmargin-left:0; \n\tvertical-align:baseline; \n} \n\n#cmsmasters_button_69d69e81f14685_68711659 .cmsmasters_button { \n\tfont-weight:normal; \n\tfont-style:normal; \n\tborder-style:solid; \n} \n#cmsmasters_button_69d69e81f14685_68711659 .cmsmasters_button:hover { \n} \n\r\n\t\t\t\t#cmsmasters_gallery_69d69e81f19f67_70284159 .cmsmasters_gallery {\r\n\t\t\t\t\tmargin:0 0 0 -10px;\r\n\t\t\t\t}\r\n\t\t\t\t\r\n\t\t\t\t#cmsmasters_gallery_69d69e81f19f67_70284159 .cmsmasters_gallery .cmsmasters_gallery_item {\r\n\t\t\t\t\tpadding:0 0 10px 10px;\r\n\t\t\t\t}\r\n\t\t\t \n#cmsmasters_divider_69d69e81f2cfb3_29553683 { \n\tborder-bottom-width:1px; \n\tborder-bottom-style:solid; \n\tpadding-top:10px; \n\tmargin-bottom:20px; \n} \n \n#cmsmasters_clients_69d69e81f31003_57906380 .cmsmasters_clients_item { height:220px; line-height:220px; } \n#cmsmasters_clients_69d69e81f31003_57906380 .cmsmasters_clients_item a { line-height:220px; } \n<\/style><div id=\"cmsmasters_row_69d69e81ef9ff6_68640106\" class=\"cmsmasters_row cmsmasters_color_scheme_default cmsmasters_row_top_default cmsmasters_row_bot_default cmsmasters_row_boxed\">\n<div class=\"cmsmasters_row_outer_parent\">\n<div class=\"cmsmasters_row_overlay\"><\/div>\n<div class=\"cmsmasters_row_outer\">\n<div class=\"cmsmasters_row_inner\">\n<div class=\"cmsmasters_row_margin\">\n<div class=\"cmsmasters_column one_first\">\n\n<div id=\"cmsmasters_heading_69d69e81f03056_53205217\" class=\"cmsmasters_heading_wrap cmsmasters_heading_align_center\">\n\t<h1 class=\"cmsmasters_heading\">Meetings &amp; Events<\/h1>\n<\/div>\n<\/div>\n<\/div>\n<\/div>\n<\/div>\n<\/div>\n<\/div>\n<div id=\"cmsmasters_row_69d69e81f04bd3_17044856\" class=\"cmsmasters_row cmsmasters_color_scheme_default cmsmasters_row_top_default cmsmasters_row_bot_default cmsmasters_row_boxed\">\n<div class=\"cmsmasters_row_outer_parent\">\n<div class=\"cmsmasters_row_outer\">\n<div class=\"cmsmasters_row_inner\">\n<div class=\"cmsmasters_row_margin\">\n<div class=\"cmsmasters_column one_fourth\">\n\n<div id=\"cmsmasters_heading_69d69e81f08334_40418553\" class=\"cmsmasters_heading_wrap cmsmasters_heading_align_left\">\n\t<h3 class=\"cmsmasters_heading\">Contact<\/h3>\n<\/div>\n<div id=\"cmsmasters_heading_69d69e81f0a883_07247720\" class=\"cmsmasters_heading_wrap cmsmasters_heading_align_left\">\n\t<h5 class=\"cmsmasters_heading\">+225 07 00 13 13 13<\/h5>\n<\/div>\n<div id=\"cmsmasters_heading_69d69e81f0cf07_45217127\" class=\"cmsmasters_heading_wrap cmsmasters_heading_align_left\">\n\t<h5 class=\"cmsmasters_heading\"><a href=\"mailto:meeting@ivoiretradecenter.com\">meeting@ivoiretradecenter.com<\/a><\/h5>\n<\/div>\n<div id=\"cmsmasters_button_69d69e81f0f849_16066888\" class=\"button_wrap\"><a href=\"http:\/\/ivoiretradecenter.com\/demande-de-salle\/\" class=\"cmsmasters_button cmsmasters-icon-clock\"><span>Demande de salle<\/span><\/a><\/div>\n\n<div id=\"cmsmasters_divider_69d69e81f12025_68419256\" class=\"cmsmasters_divider cmsmasters_divider_width_long cmsmasters_divider_pos_center\"><\/div>\n\n<div id=\"cmsmasters_button_69d69e81f14685_68711659\" class=\"button_wrap\"><a href=\"#\" class=\"cmsmasters_button cmsmasters-icon-download-3\"><span>T\u00e9l\u00e9chargements<\/span><\/a><\/div>\n<\/div>\n<div class=\"cmsmasters_column three_fourth\">\n<div class=\"cmsmasters_text\">\n<p>Adresse abidjanaise r\u00e9solument contemporaine, l\u2019Ivoire Trade Center est depuis son ouverture en 2021, le lieu incontournable.<\/p>\n<p>Choisir l&#8217;Ivoire Trade Center pour vos \u00e9v\u00e8nements, c&#8217;est b\u00e9n\u00e9ficier de :<\/p>\n<p>&nbsp;<\/p>\n<\/div>\n<div id=\"cmsmasters_gallery_69d69e81f19f67_70284159\" class=\"cmsmasters_gallery_wrap\"><ul class=\"cmsmasters_gallery cmsmasters_3 cmsmasters_more_items_loader\"><li class=\"cmsmasters_gallery_item\"><figure><img loading=\"lazy\" decoding=\"async\" width=\"260\" height=\"100\" src=\"https:\/\/ivoiretradecenter.com\/wp-content\/uploads\/2023\/02\/01-iconeMeetings-1.jpg\" class=\"attachment-full size-full\" alt=\"\" \/><\/figure><\/li><li class=\"cmsmasters_gallery_item\"><figure><img loading=\"lazy\" decoding=\"async\" width=\"260\" height=\"100\" src=\"https:\/\/ivoiretradecenter.com\/wp-content\/uploads\/2023\/02\/02-iconeMeetings-1.jpg\" class=\"attachment-full size-full\" alt=\"\" \/><\/figure><\/li><li class=\"cmsmasters_gallery_item\"><figure><img loading=\"lazy\" decoding=\"async\" width=\"260\" height=\"100\" src=\"https:\/\/ivoiretradecenter.com\/wp-content\/uploads\/2023\/02\/03-iconeMeetings-1.jpg\" class=\"attachment-full size-full\" alt=\"\" \/><\/figure><\/li><\/ul><script type=\"text\/javascript\">\r\n\t\t\t\tjQuery(document).ready(function () {\r\n\t\t\t\t\t(function ($) {\r\n\t\t\t\t\t\tif ($('#cmsmasters_gallery_69d69e81f19f67_70284159').find('.cmsmasters_gallery_item').length == '0') {\r\n\t\t\t\t\t\t\treturn false;\r\n\t\t\t\t\t\t}\r\n\t\t\t\t\t\t\r\n\t\t\t\t\t\t\r\n\t\t\t\t\t\tstartGallery( \r\n\t\t\t\t\t\t\t'69d69e81f19f67_70284159', \r\n\t\t\t\t\t\t\t'grid', \r\n\t\t\t\t\t\t\t'3', \r\n\t\t\t\t\t\t\t'false' \r\n\t\t\t\t\t\t);\r\n\t\t\t\t\t} )(jQuery);\r\n\t\t\t\t} );\r\n\t\t\t<\/script>\r\n\t\t\t<\/div>\n\n<div id=\"cmsmasters_divider_69d69e81f2cfb3_29553683\" class=\"cmsmasters_divider cmsmasters_divider_width_long cmsmasters_divider_pos_center\"><\/div>\n<div class=\"cmsmasters_text\">\n<p><strong>Une r\u00e9union? Un \u00e9v\u00e8nement?<\/strong><\/p>\n<p>D\u00e9couvrez nos espaces de travail lumineux, confortables, flexibles et ouverts sur l\u2019ext\u00e9rieur.<\/p>\n<p>Nos espaces sont Compos\u00e9s de quatre (4) salles de r\u00e9union et d\u2019un rooftop, qui vous offre une vue imprenable sur Abidjan.<\/p>\n<hr \/>\n<p><strong>Cliquez sur les images ci-dessous pour plus d&#8217;informations.<\/strong><\/p>\n<\/div>\n\n<script type=\"text\/javascript\">jQuery(document).ready(function () { jQuery(\"#cmsmasters_clients_69d69e81f31003_57906380\").owlCarousel( { singleItem : false, items : 3, itemsDesktopSmall : [768,2], itemsTablet: [540,1], slideSpeed : 1000, paginationSpeed : 1000, autoPlay : true, stopOnHover: true, pagination : true, navigation : true, navigationText : \t[ \"<span class=\\\"cmsmasters_prev_arrow\\\"><span><\/span><\/span>\", \"<span class=\\\"cmsmasters_next_arrow\\\"><span><\/span><\/span>\" ] } );} );<\/script>\n<div class=\"cmsmasters_clients_slider_wrap\" data-animation=\"fadeIn\" data-delay=\"0\">\n<div id=\"cmsmasters_clients_69d69e81f31003_57906380\" class=\"cmsmasters_clients_slider cmsmasters_owl_slider owl-carousel\">\n<div class=\"cmsmasters_clients_item item\">\n<a href=\"http:\/\/ivoiretradecenter.com\/meeting-events\/la-carree\/\"><img decoding=\"async\" onmouseover=\"this.src='https:\/\/ivoiretradecenter.com\/wp-content\/uploads\/2023\/01\/carreeOpt-2.jpg';\" onmouseout=\"this.src='https:\/\/ivoiretradecenter.com\/wp-content\/uploads\/2023\/01\/carreeOpt.jpg';\" src=\"https:\/\/ivoiretradecenter.com\/wp-content\/uploads\/2023\/01\/carreeOpt.jpg\" alt=\"La Carr\u00e9e\" \/><span>La Carr\u00e9e<\/span><\/a><\/div>\n<div class=\"cmsmasters_clients_item item\">\n<a href=\"http:\/\/ivoiretradecenter.com\/meeting-events\/la-centrale\/\"><img decoding=\"async\" onmouseover=\"this.src='https:\/\/ivoiretradecenter.com\/wp-content\/uploads\/2023\/01\/centraleOpt-2.jpg';\" onmouseout=\"this.src='https:\/\/ivoiretradecenter.com\/wp-content\/uploads\/2023\/01\/centraleOpt.jpg';\" src=\"https:\/\/ivoiretradecenter.com\/wp-content\/uploads\/2023\/01\/centraleOpt.jpg\" alt=\"La centrale\" \/><span>La centrale<\/span><\/a><\/div>\n<div class=\"cmsmasters_clients_item item\">\n<a href=\"http:\/\/ivoiretradecenter.com\/meeting-events\/la-rectangle\/\"><img decoding=\"async\" onmouseover=\"this.src='https:\/\/ivoiretradecenter.com\/wp-content\/uploads\/2023\/01\/rectangleOpt-2.jpg';\" onmouseout=\"this.src='https:\/\/ivoiretradecenter.com\/wp-content\/uploads\/2023\/01\/rectangleOpt.jpg';\" src=\"https:\/\/ivoiretradecenter.com\/wp-content\/uploads\/2023\/01\/rectangleOpt.jpg\" alt=\"La rectangle\" \/><span>La rectangle<\/span><\/a><\/div>\n<div class=\"cmsmasters_clients_item item\">\n<a href=\"http:\/\/ivoiretradecenter.com\/meeting-events\/la-lagune\/\"><img decoding=\"async\" onmouseover=\"this.src='https:\/\/ivoiretradecenter.com\/wp-content\/uploads\/2023\/01\/laguneOpt-2.jpg';\" onmouseout=\"this.src='https:\/\/ivoiretradecenter.com\/wp-content\/uploads\/2023\/01\/laguneOpt.jpg';\" src=\"https:\/\/ivoiretradecenter.com\/wp-content\/uploads\/2023\/01\/laguneOpt.jpg\" alt=\"La lagune\" \/><span>La lagune<\/span><\/a><\/div>\n<div class=\"cmsmasters_clients_item item\">\n<a href=\"http:\/\/ivoiretradecenter.com\/meeting-events\/le-rooftop\/\"><img decoding=\"async\" onmouseover=\"this.src='https:\/\/ivoiretradecenter.com\/wp-content\/uploads\/2023\/01\/rooftopOpt-2.jpg';\" onmouseout=\"this.src='https:\/\/ivoiretradecenter.com\/wp-content\/uploads\/2023\/01\/rooftopOpt.jpg';\" src=\"https:\/\/ivoiretradecenter.com\/wp-content\/uploads\/2023\/01\/rooftopOpt.jpg\" alt=\"Le rooftop\" \/><span>Le rooftop<\/span><\/a><\/div>\n<\/div>\n<\/div>\n<\/div>\n<\/div>\n<\/div>\n<\/div>\n<\/div>\n<\/div>\n<div id=\"cmsmasters_row_69d69e82014d15_72624763\" class=\"cmsmasters_row cmsmasters_color_scheme_default cmsmasters_row_top_default cmsmasters_row_bot_default cmsmasters_row_boxed\">\n<div class=\"cmsmasters_row_outer_parent\">\n<div class=\"cmsmasters_row_outer\">\n<div class=\"cmsmasters_row_inner\">\n<div class=\"cmsmasters_row_margin\">\n<div class=\"cmsmasters_column one_first\">\n<div class=\"cmsmasters_text\">\n<p>&nbsp;<\/p>\n<\/div>\n<\/div>\n<\/div>\n<\/div>\n<\/div>\n<\/div>\n<\/div>\n\n","protected":false},"excerpt":{"rendered":"","protected":false},"author":9,"featured_media":0,"parent":0,"menu_order":0,"comment_status":"closed","ping_status":"closed","template":"","meta":{"footnotes":""},"class_list":["post-11903","page","type-page","status-publish","hentry"],"_links":{"self":[{"href":"https:\/\/ivoiretradecenter.com\/en\/wp-json\/wp\/v2\/pages\/11903","targetHints":{"allow":["GET"]}}],"collection":[{"href":"https:\/\/ivoiretradecenter.com\/en\/wp-json\/wp\/v2\/pages"}],"about":[{"href":"https:\/\/ivoiretradecenter.com\/en\/wp-json\/wp\/v2\/types\/page"}],"author":[{"embeddable":true,"href":"https:\/\/ivoiretradecenter.com\/en\/wp-json\/wp\/v2\/users\/9"}],"replies":[{"embeddable":true,"href":"https:\/\/ivoiretradecenter.com\/en\/wp-json\/wp\/v2\/comments?post=11903"}],"version-history":[{"count":0,"href":"https:\/\/ivoiretradecenter.com\/en\/wp-json\/wp\/v2\/pages\/11903\/revisions"}],"wp:attachment":[{"href":"https:\/\/ivoiretradecenter.com\/en\/wp-json\/wp\/v2\/media?parent=11903"}],"curies":[{"name":"wp","href":"https:\/\/api.w.org\/{rel}","templated":true}]}}