{"id":11943,"date":"2023-01-16T11:56:57","date_gmt":"2023-01-16T11:56:57","guid":{"rendered":"http:\/\/ivoiretradecenter.com\/?page_id=11943"},"modified":"2023-02-13T14:15:03","modified_gmt":"2023-02-13T14:15:03","slug":"myfitness","status":"publish","type":"page","link":"https:\/\/ivoiretradecenter.com\/en\/myfitness\/","title":{"rendered":"My Fitness"},"content":{"rendered":"<style type=\"text\/css\"> \n#cmsmasters_row_69f210885e0815_65458909 .cmsmasters_row_outer_parent { \n\tpadding-top: 50px; \n} \n\n#cmsmasters_row_69f210885e0815_65458909 .cmsmasters_row_outer_parent { \n\tpadding-bottom: 55px; \n} \n\n \n#cmsmasters_divider_69f210885f1bf3_80539534 { \n\tborder-bottom-width:1px; \n\tborder-bottom-style:solid; \n\tpadding-top:0px; \n\tmargin-bottom:0px; \n} \n \n#cmsmasters_heading_69f210885f4630_79480805 { \n\ttext-align:left; \n\tmargin-top:30px; \n\tmargin-bottom:10px; \n} \n\n#cmsmasters_heading_69f210885f4630_79480805 .cmsmasters_heading { \n\ttext-align:left; \n} \n\n#cmsmasters_heading_69f210885f4630_79480805 .cmsmasters_heading, #cmsmasters_heading_69f210885f4630_79480805 .cmsmasters_heading a { \n\tfont-weight:700; \n\tfont-style:normal; \n} \n\n#cmsmasters_heading_69f210885f4630_79480805 .cmsmasters_heading_divider { \n} \n\n \n#cmsmasters_heading_69f210885f6c97_90530725 { \n\ttext-align:left; \n\tmargin-top:0px; \n\tmargin-bottom:30px; \n} \n\n#cmsmasters_heading_69f210885f6c97_90530725 .cmsmasters_heading { \n\ttext-align:left; \n} \n\n#cmsmasters_heading_69f210885f6c97_90530725 .cmsmasters_heading, #cmsmasters_heading_69f210885f6c97_90530725 .cmsmasters_heading a { \n\tfont-weight:700; \n\tfont-style:normal; \n} \n\n#cmsmasters_heading_69f210885f6c97_90530725 .cmsmasters_heading_divider { \n} \n\n \n#cmsmasters_heading_69f210885f91b6_64205996 { \n\ttext-align:left; \n\tmargin-top:0px; \n\tmargin-bottom:30px; \n} \n\n#cmsmasters_heading_69f210885f91b6_64205996 .cmsmasters_heading { \n\ttext-align:left; \n} \n\n#cmsmasters_heading_69f210885f91b6_64205996 .cmsmasters_heading, #cmsmasters_heading_69f210885f91b6_64205996 .cmsmasters_heading a { \n\tfont-weight:700; \n\tfont-style:normal; \n} \n\n#cmsmasters_heading_69f210885f91b6_64205996 .cmsmasters_heading_divider { \n} \n\n \n#cmsmasters_heading_69f210885fb719_11721926 { \n\ttext-align:left; \n\tmargin-top:0px; \n\tmargin-bottom:30px; \n} \n\n#cmsmasters_heading_69f210885fb719_11721926 .cmsmasters_heading { \n\ttext-align:left; \n} \n\n#cmsmasters_heading_69f210885fb719_11721926 .cmsmasters_heading, #cmsmasters_heading_69f210885fb719_11721926 .cmsmasters_heading a { \n\tfont-weight:700; \n\tfont-style:normal; \n} \n\n#cmsmasters_heading_69f210885fb719_11721926 .cmsmasters_heading_divider { \n} \n\n \n#cmsmasters_heading_69f210885fdb98_33661160 { \n\ttext-align:left; \n\tmargin-top:0px; \n\tmargin-bottom:10px; \n} \n\n#cmsmasters_heading_69f210885fdb98_33661160 .cmsmasters_heading { \n\ttext-align:left; \n} \n\n#cmsmasters_heading_69f210885fdb98_33661160 .cmsmasters_heading, #cmsmasters_heading_69f210885fdb98_33661160 .cmsmasters_heading a { \n\tfont-weight:700; \n\tfont-style:normal; \n} \n\n#cmsmasters_heading_69f210885fdb98_33661160 .cmsmasters_heading_divider { \n} \n\n \n#cmsmasters_heading_69f210886000d5_87974899 { \n\ttext-align:left; \n\tmargin-top:0px; \n\tmargin-bottom:30px; \n} \n\n#cmsmasters_heading_69f210886000d5_87974899 .cmsmasters_heading { \n\ttext-align:left; \n} \n\n#cmsmasters_heading_69f210886000d5_87974899 .cmsmasters_heading, #cmsmasters_heading_69f210886000d5_87974899 .cmsmasters_heading a { \n\tfont-weight:700; \n\tfont-style:normal; \n} \n\n#cmsmasters_heading_69f210886000d5_87974899 .cmsmasters_heading_divider { \n} \n\n \n#cmsmasters_heading_69f21088602640_15043241 { \n\ttext-align:left; \n\tmargin-top:0px; \n\tmargin-bottom:30px; \n} \n\n#cmsmasters_heading_69f21088602640_15043241 .cmsmasters_heading { \n\ttext-align:left; \n} \n\n#cmsmasters_heading_69f21088602640_15043241 .cmsmasters_heading, #cmsmasters_heading_69f21088602640_15043241 .cmsmasters_heading a { \n\tfont-weight:700; \n\tfont-style:normal; \n} \n\n#cmsmasters_heading_69f21088602640_15043241 .cmsmasters_heading_divider { \n} \n\n \n#cmsmasters_heading_69f21088607465_18651450 { \n\ttext-align:left; \n\tmargin-top:0px; \n\tmargin-bottom:20px; \n} \n\n#cmsmasters_heading_69f21088607465_18651450 .cmsmasters_heading { \n\ttext-align:left; \n} \n\n#cmsmasters_heading_69f21088607465_18651450 .cmsmasters_heading, #cmsmasters_heading_69f21088607465_18651450 .cmsmasters_heading a { \n\tfont-weight:700; \n\tfont-style:normal; \n} \n\n#cmsmasters_heading_69f21088607465_18651450 .cmsmasters_heading_divider { \n} \n\n \n#cmsmasters_divider_69f21088609980_92646624 { \n\tborder-bottom-width:1px; \n\tborder-bottom-style:solid; \n\tpadding-top:0px; \n\tmargin-bottom:30px; \n} \n \n#cmsmasters_divider_69f2108860c596_77800837 { \n\tborder-bottom-width:0px; \n\tborder-bottom-style:solid; \n\tpadding-top:0px; \n\tmargin-bottom:20px; \n} \n\r\n\t\t\t\t#cmsmasters_gallery_69f2108860ec30_93181578 .cmsmasters_gallery {\r\n\t\t\t\t\tmargin:0 0 0 -15px;\r\n\t\t\t\t}\r\n\t\t\t\t\r\n\t\t\t\t#cmsmasters_gallery_69f2108860ec30_93181578 .cmsmasters_gallery .cmsmasters_gallery_item {\r\n\t\t\t\t\tpadding:0 0 15px 15px;\r\n\t\t\t\t}\r\n\t\t\t \n#cmsmasters_row_69f21088647a70_03124128 .cmsmasters_row_outer_parent { \n\tpadding-top: 0px; \n} \n\n#cmsmasters_row_69f21088647a70_03124128 .cmsmasters_row_outer_parent { \n\tpadding-bottom: 50px; \n} \n\n<\/style><div id=\"cmsmasters_row_69f210885e0815_65458909\" class=\"cmsmasters_row cmsmasters_color_scheme_default cmsmasters_row_top_default cmsmasters_row_bot_default cmsmasters_row_boxed\">\n<div class=\"cmsmasters_row_outer_parent\">\n<div class=\"cmsmasters_row_outer\">\n<div class=\"cmsmasters_row_inner\">\n<div class=\"cmsmasters_row_margin\">\n<div class=\"cmsmasters_column one_fourth\">\n<div class=\"cmsmasters_img  cmsmasters_image_n white-backgroud\">\n<img decoding=\"async\" src=\"https:\/\/ivoiretradecenter.com\/wp-content\/uploads\/2023\/02\/Fichier-1-300x300.png\" \/>\n<\/div>\n\n<div id=\"cmsmasters_divider_69f210885f1bf3_80539534\" class=\"cmsmasters_divider cmsmasters_divider_width_long cmsmasters_divider_pos_center\"><\/div>\n\n<div id=\"cmsmasters_heading_69f210885f4630_79480805\" class=\"cmsmasters_heading_wrap cmsmasters_heading_align_left\">\n\t<h3 class=\"cmsmasters_heading\">Horaires<\/h3>\n<\/div>\n<div id=\"cmsmasters_heading_69f210885f6c97_90530725\" class=\"cmsmasters_heading_wrap cmsmasters_heading_align_left\">\n\t<h5 class=\"cmsmasters_heading\">Du lundi au vendredi De 6h00 \u00e0 22h<\/h5>\n<\/div>\n<div id=\"cmsmasters_heading_69f210885f91b6_64205996\" class=\"cmsmasters_heading_wrap cmsmasters_heading_align_left\">\n\t<h5 class=\"cmsmasters_heading\">Samedi De 6h00 \u00e0 20h<\/h5>\n<\/div>\n<div id=\"cmsmasters_heading_69f210885fb719_11721926\" class=\"cmsmasters_heading_wrap cmsmasters_heading_align_left\">\n\t<h5 class=\"cmsmasters_heading\">Dimanche De 8h00 \u00e0 18h<\/h5>\n<\/div>\n<div id=\"cmsmasters_heading_69f210885fdb98_33661160\" class=\"cmsmasters_heading_wrap cmsmasters_heading_align_left\">\n\t<h3 class=\"cmsmasters_heading\">CONTACTS<\/h3>\n<\/div>\n<div id=\"cmsmasters_heading_69f210886000d5_87974899\" class=\"cmsmasters_heading_wrap cmsmasters_heading_align_left\">\n\t<h5 class=\"cmsmasters_heading\">T\u00e9l\u00e9phone : +225 27 22 25 98 14<\/h5>\n<\/div>\n<div id=\"cmsmasters_heading_69f21088602640_15043241\" class=\"cmsmasters_heading_wrap cmsmasters_heading_align_left\">\n\t<h5 class=\"cmsmasters_heading\">Email : contact@myfitness.ci<\/h5>\n<\/div>\n<\/div>\n<div class=\"cmsmasters_column three_fourth\">\n\n<div id=\"cmsmasters_heading_69f21088607465_18651450\" class=\"cmsmasters_heading_wrap cmsmasters_heading_align_left\">\n\t<h1 class=\"cmsmasters_heading\">My Fitness<\/h1>\n<\/div>\n\n<div id=\"cmsmasters_divider_69f21088609980_92646624\" class=\"cmsmasters_divider cmsmasters_divider_width_long cmsmasters_divider_pos_center\"><\/div>\n<div class=\"cmsmasters_text\">\n<p style=\"font-weight: 400;\"><strong>UNE SALLE DE SPORT AU SEIN DE L\u2019ITC<\/strong><\/p>\n<p style=\"font-weight: 400;\">L\u2019ITC met a votre disposition sa salle de sport premium, et vous apporte une exp\u00e9rience sportive dans un espace cosy, \u00e9tudi\u00e9 et d\u00e9di\u00e9 \u00e0 l\u2019effort physique.<\/p>\n<p style=\"font-weight: 400;\">\n<p style=\"font-weight: 400;\"><strong>UN CLUB DE SPORT PREMIUM<\/strong><\/p>\n<p style=\"font-weight: 400;\">R\u00e9servez vos instants sportifs dans l\u2019un des plus beaux clubs d\u2019Afrique, dot\u00e9 des \u00e9quipements de pointe et des cours collectifs les plus tendances.<\/p>\n<p style=\"font-weight: 400;\">&#8211; plateau cardio et musculation \u00e9quipements Panatta,<\/p>\n<p style=\"font-weight: 400;\">&#8211; cours collectifs lesmills,<\/p>\n<p style=\"font-weight: 400;\">&#8211; studio cours virtuels<\/p>\n<p style=\"font-weight: 400;\">&#8211; studio biking cin\u00e9ma<\/p>\n<p style=\"font-weight: 400;\">&#8211; studio HBX \u2013 TRX &#8211; CROSSFIT<\/p>\n<p style=\"font-weight: 400;\"><strong>\u00a0<\/strong><\/p>\n<p style=\"font-weight: 400;\"><strong>UN ESPACE SPORTIF REINVENTE ENTRE LUXE ET PERFORMANCE<\/strong><\/p>\n<p style=\"font-weight: 400;\">My Fitness <em>Votre<\/em> rdv sport et sant\u00e9, contribue \u00e0 votre remise en forme. Leader dans la prise en charge du client, nous vous accompagnons dans l\u2019analyse de vos performances sportives.<\/p>\n<ul>\n<li style=\"font-weight: 400;\">circuits sportifs, running en groupe, bilan d\u2019analyse corporel Inbody, programme sur mesure coaching priv\u00e9\u2026<\/li>\n<\/ul>\n<\/div>\n\n\n<div id=\"cmsmasters_divider_69f2108860c596_77800837\" class=\"cl\"><\/div>\n<div id=\"cmsmasters_gallery_69f2108860ec30_93181578\" class=\"cmsmasters_gallery_wrap\"><ul class=\"cmsmasters_gallery cmsmasters_3 cmsmasters_more_items_loader\"><li class=\"cmsmasters_gallery_item\"><figure><a href=\"https:\/\/ivoiretradecenter.com\/wp-content\/uploads\/2023\/01\/MyFit01.jpg\" rel=\"ilightbox[69f2108860ec30_93181578]\"><img loading=\"lazy\" decoding=\"async\" width=\"580\" height=\"375\" src=\"https:\/\/ivoiretradecenter.com\/wp-content\/uploads\/2023\/01\/MyFit01-580x375.jpg\" class=\"attachment-blog-masonry-thumb size-blog-masonry-thumb\" alt=\"\" srcset=\"https:\/\/ivoiretradecenter.com\/wp-content\/uploads\/2023\/01\/MyFit01-580x375.jpg 580w, https:\/\/ivoiretradecenter.com\/wp-content\/uploads\/2023\/01\/MyFit01-1160x750.jpg 1160w\" sizes=\"auto, (max-width: 580px) 100vw, 580px\" \/><\/a><\/figure><\/li><li class=\"cmsmasters_gallery_item\"><figure><a href=\"https:\/\/ivoiretradecenter.com\/wp-content\/uploads\/2023\/01\/MyFit03.jpg\" rel=\"ilightbox[69f2108860ec30_93181578]\"><img loading=\"lazy\" decoding=\"async\" width=\"580\" height=\"375\" src=\"https:\/\/ivoiretradecenter.com\/wp-content\/uploads\/2023\/01\/MyFit03-580x375.jpg\" class=\"attachment-blog-masonry-thumb size-blog-masonry-thumb\" alt=\"\" srcset=\"https:\/\/ivoiretradecenter.com\/wp-content\/uploads\/2023\/01\/MyFit03-580x375.jpg 580w, https:\/\/ivoiretradecenter.com\/wp-content\/uploads\/2023\/01\/MyFit03-1160x750.jpg 1160w\" sizes=\"auto, (max-width: 580px) 100vw, 580px\" \/><\/a><\/figure><\/li><li class=\"cmsmasters_gallery_item\"><figure><a href=\"https:\/\/ivoiretradecenter.com\/wp-content\/uploads\/2023\/01\/MyFit04.jpg\" rel=\"ilightbox[69f2108860ec30_93181578]\"><img loading=\"lazy\" decoding=\"async\" width=\"580\" height=\"375\" src=\"https:\/\/ivoiretradecenter.com\/wp-content\/uploads\/2023\/01\/MyFit04-580x375.jpg\" class=\"attachment-blog-masonry-thumb size-blog-masonry-thumb\" alt=\"\" srcset=\"https:\/\/ivoiretradecenter.com\/wp-content\/uploads\/2023\/01\/MyFit04-580x375.jpg 580w, https:\/\/ivoiretradecenter.com\/wp-content\/uploads\/2023\/01\/MyFit04-1160x750.jpg 1160w\" sizes=\"auto, (max-width: 580px) 100vw, 580px\" \/><\/a><\/figure><\/li><li class=\"cmsmasters_gallery_item\"><figure><a href=\"https:\/\/ivoiretradecenter.com\/wp-content\/uploads\/2023\/01\/MyFit09.jpg\" rel=\"ilightbox[69f2108860ec30_93181578]\"><img loading=\"lazy\" decoding=\"async\" width=\"580\" height=\"375\" src=\"https:\/\/ivoiretradecenter.com\/wp-content\/uploads\/2023\/01\/MyFit09-580x375.jpg\" class=\"attachment-blog-masonry-thumb size-blog-masonry-thumb\" alt=\"\" srcset=\"https:\/\/ivoiretradecenter.com\/wp-content\/uploads\/2023\/01\/MyFit09-580x375.jpg 580w, https:\/\/ivoiretradecenter.com\/wp-content\/uploads\/2023\/01\/MyFit09-1160x750.jpg 1160w\" sizes=\"auto, (max-width: 580px) 100vw, 580px\" \/><\/a><\/figure><\/li><li class=\"cmsmasters_gallery_item\"><figure><a href=\"https:\/\/ivoiretradecenter.com\/wp-content\/uploads\/2023\/01\/MyFit12.jpg\" rel=\"ilightbox[69f2108860ec30_93181578]\"><img loading=\"lazy\" decoding=\"async\" width=\"580\" height=\"375\" src=\"https:\/\/ivoiretradecenter.com\/wp-content\/uploads\/2023\/01\/MyFit12-580x375.jpg\" class=\"attachment-blog-masonry-thumb size-blog-masonry-thumb\" alt=\"\" srcset=\"https:\/\/ivoiretradecenter.com\/wp-content\/uploads\/2023\/01\/MyFit12-580x375.jpg 580w, https:\/\/ivoiretradecenter.com\/wp-content\/uploads\/2023\/01\/MyFit12-1160x750.jpg 1160w\" sizes=\"auto, (max-width: 580px) 100vw, 580px\" \/><\/a><\/figure><\/li><li class=\"cmsmasters_gallery_item\"><figure><a href=\"https:\/\/ivoiretradecenter.com\/wp-content\/uploads\/2023\/01\/MyFit06.jpg\" rel=\"ilightbox[69f2108860ec30_93181578]\"><img loading=\"lazy\" decoding=\"async\" width=\"580\" height=\"375\" src=\"https:\/\/ivoiretradecenter.com\/wp-content\/uploads\/2023\/01\/MyFit06-580x375.jpg\" class=\"attachment-blog-masonry-thumb size-blog-masonry-thumb\" alt=\"\" srcset=\"https:\/\/ivoiretradecenter.com\/wp-content\/uploads\/2023\/01\/MyFit06-580x375.jpg 580w, https:\/\/ivoiretradecenter.com\/wp-content\/uploads\/2023\/01\/MyFit06-1160x750.jpg 1160w\" sizes=\"auto, (max-width: 580px) 100vw, 580px\" \/><\/a><\/figure><\/li><li class=\"cmsmasters_gallery_item\"><figure><a href=\"https:\/\/ivoiretradecenter.com\/wp-content\/uploads\/2023\/01\/MyFit02.jpg\" rel=\"ilightbox[69f2108860ec30_93181578]\"><img loading=\"lazy\" decoding=\"async\" width=\"580\" height=\"375\" src=\"https:\/\/ivoiretradecenter.com\/wp-content\/uploads\/2023\/01\/MyFit02-580x375.jpg\" class=\"attachment-blog-masonry-thumb size-blog-masonry-thumb\" alt=\"\" srcset=\"https:\/\/ivoiretradecenter.com\/wp-content\/uploads\/2023\/01\/MyFit02-580x375.jpg 580w, https:\/\/ivoiretradecenter.com\/wp-content\/uploads\/2023\/01\/MyFit02-1160x750.jpg 1160w\" sizes=\"auto, (max-width: 580px) 100vw, 580px\" \/><\/a><\/figure><\/li><li class=\"cmsmasters_gallery_item\"><figure><a href=\"https:\/\/ivoiretradecenter.com\/wp-content\/uploads\/2023\/01\/MyFit07.jpg\" rel=\"ilightbox[69f2108860ec30_93181578]\"><img loading=\"lazy\" decoding=\"async\" width=\"580\" height=\"375\" src=\"https:\/\/ivoiretradecenter.com\/wp-content\/uploads\/2023\/01\/MyFit07-580x375.jpg\" class=\"attachment-blog-masonry-thumb size-blog-masonry-thumb\" alt=\"\" srcset=\"https:\/\/ivoiretradecenter.com\/wp-content\/uploads\/2023\/01\/MyFit07-580x375.jpg 580w, https:\/\/ivoiretradecenter.com\/wp-content\/uploads\/2023\/01\/MyFit07-1160x750.jpg 1160w\" sizes=\"auto, (max-width: 580px) 100vw, 580px\" \/><\/a><\/figure><\/li><li class=\"cmsmasters_gallery_item\"><figure><a href=\"https:\/\/ivoiretradecenter.com\/wp-content\/uploads\/2023\/01\/MyFit08.jpg\" rel=\"ilightbox[69f2108860ec30_93181578]\"><img loading=\"lazy\" decoding=\"async\" width=\"580\" height=\"375\" src=\"https:\/\/ivoiretradecenter.com\/wp-content\/uploads\/2023\/01\/MyFit08-580x375.jpg\" class=\"attachment-blog-masonry-thumb size-blog-masonry-thumb\" alt=\"\" srcset=\"https:\/\/ivoiretradecenter.com\/wp-content\/uploads\/2023\/01\/MyFit08-580x375.jpg 580w, https:\/\/ivoiretradecenter.com\/wp-content\/uploads\/2023\/01\/MyFit08-1160x750.jpg 1160w\" sizes=\"auto, (max-width: 580px) 100vw, 580px\" \/><\/a><\/figure><\/li><li class=\"cmsmasters_gallery_item\"><figure><a href=\"https:\/\/ivoiretradecenter.com\/wp-content\/uploads\/2023\/01\/MyFit11.jpg\" rel=\"ilightbox[69f2108860ec30_93181578]\"><img loading=\"lazy\" decoding=\"async\" width=\"580\" height=\"375\" src=\"https:\/\/ivoiretradecenter.com\/wp-content\/uploads\/2023\/01\/MyFit11-580x375.jpg\" class=\"attachment-blog-masonry-thumb size-blog-masonry-thumb\" alt=\"\" srcset=\"https:\/\/ivoiretradecenter.com\/wp-content\/uploads\/2023\/01\/MyFit11-580x375.jpg 580w, https:\/\/ivoiretradecenter.com\/wp-content\/uploads\/2023\/01\/MyFit11-1160x750.jpg 1160w\" sizes=\"auto, (max-width: 580px) 100vw, 580px\" \/><\/a><\/figure><\/li><li class=\"cmsmasters_gallery_item\"><figure><a href=\"https:\/\/ivoiretradecenter.com\/wp-content\/uploads\/2023\/01\/MyFit10.jpg\" rel=\"ilightbox[69f2108860ec30_93181578]\"><img loading=\"lazy\" decoding=\"async\" width=\"580\" height=\"375\" src=\"https:\/\/ivoiretradecenter.com\/wp-content\/uploads\/2023\/01\/MyFit10-580x375.jpg\" class=\"attachment-blog-masonry-thumb size-blog-masonry-thumb\" alt=\"\" srcset=\"https:\/\/ivoiretradecenter.com\/wp-content\/uploads\/2023\/01\/MyFit10-580x375.jpg 580w, https:\/\/ivoiretradecenter.com\/wp-content\/uploads\/2023\/01\/MyFit10-1160x750.jpg 1160w\" sizes=\"auto, (max-width: 580px) 100vw, 580px\" \/><\/a><\/figure><\/li><li class=\"cmsmasters_gallery_item\"><figure><a href=\"https:\/\/ivoiretradecenter.com\/wp-content\/uploads\/2023\/01\/MyFit05.jpg\" rel=\"ilightbox[69f2108860ec30_93181578]\"><img loading=\"lazy\" decoding=\"async\" width=\"580\" height=\"375\" src=\"https:\/\/ivoiretradecenter.com\/wp-content\/uploads\/2023\/01\/MyFit05-580x375.jpg\" class=\"attachment-blog-masonry-thumb size-blog-masonry-thumb\" alt=\"\" srcset=\"https:\/\/ivoiretradecenter.com\/wp-content\/uploads\/2023\/01\/MyFit05-580x375.jpg 580w, https:\/\/ivoiretradecenter.com\/wp-content\/uploads\/2023\/01\/MyFit05-1160x750.jpg 1160w\" sizes=\"auto, (max-width: 580px) 100vw, 580px\" \/><\/a><\/figure><\/li><li class=\"cmsmasters_gallery_item\"><figure><a href=\"https:\/\/ivoiretradecenter.com\/wp-content\/uploads\/2023\/01\/MyFit14.jpg\" rel=\"ilightbox[69f2108860ec30_93181578]\"><img loading=\"lazy\" decoding=\"async\" width=\"580\" height=\"375\" src=\"https:\/\/ivoiretradecenter.com\/wp-content\/uploads\/2023\/01\/MyFit14-580x375.jpg\" class=\"attachment-blog-masonry-thumb size-blog-masonry-thumb\" alt=\"\" srcset=\"https:\/\/ivoiretradecenter.com\/wp-content\/uploads\/2023\/01\/MyFit14-580x375.jpg 580w, https:\/\/ivoiretradecenter.com\/wp-content\/uploads\/2023\/01\/MyFit14-1160x750.jpg 1160w\" sizes=\"auto, (max-width: 580px) 100vw, 580px\" \/><\/a><\/figure><\/li><\/ul><script type=\"text\/javascript\">\r\n\t\t\t\tjQuery(document).ready(function () {\r\n\t\t\t\t\t(function ($) {\r\n\t\t\t\t\t\tif ($('#cmsmasters_gallery_69f2108860ec30_93181578').find('.cmsmasters_gallery_item').length == '0') {\r\n\t\t\t\t\t\t\treturn false;\r\n\t\t\t\t\t\t}\r\n\t\t\t\t\t\t\r\n\t\t\t\t\t\t\r\n\t\t\t\t\t\tstartGallery( \r\n\t\t\t\t\t\t\t'69f2108860ec30_93181578', \r\n\t\t\t\t\t\t\t'grid', \r\n\t\t\t\t\t\t\t'false', \r\n\t\t\t\t\t\t\t'false' \r\n\t\t\t\t\t\t);\r\n\t\t\t\t\t} )(jQuery);\r\n\t\t\t\t} );\r\n\t\t\t<\/script>\r\n\t\t\t<\/div>\n<\/div>\n<\/div>\n<\/div>\n<\/div>\n<\/div>\n<\/div>\n<div id=\"cmsmasters_row_69f21088647a70_03124128\" class=\"cmsmasters_row cmsmasters_color_scheme_default cmsmasters_row_top_default cmsmasters_row_bot_default cmsmasters_row_boxed\">\n<div class=\"cmsmasters_row_outer_parent\">\n<div class=\"cmsmasters_row_outer\">\n<div class=\"cmsmasters_row_inner\">\n<div class=\"cmsmasters_row_margin\">\n<div class=\"cmsmasters_column one_fourth\">\n<\/div>\n<div class=\"cmsmasters_column one_fourth\">\n<div class=\"custom_html\">\n<p><a href=\"https:\/\/ivoiretradecenter.com\/aby\/\">ABY<\/a> <br \/>\n<a href=\"https:\/\/ivoiretradecenter.com\/africa-guest-services\/\">Africa Guest Services<\/a> <br \/>\n<a href=\"https:\/\/ivoiretradecenter.com\/air-france\/\">Air France<\/a><br \/>\n<a href=\"https:\/\/ivoiretradecenter.com\/franck-provost-itc\/\">Franck Provost<\/a><\/p>\n<\/div>\n<\/div>\n<div class=\"cmsmasters_column one_fourth\">\n<div class=\"custom_html\">\n<p><a href=\"https:\/\/ivoiretradecenter.com\/ideal-optic\/\">Id\u00e9al Optic<\/a><br \/>\n<a href=\"https:\/\/ivoiretradecenter.com\/morebelli\/\">Morebelli<\/a><br \/>\n<a href=\"https:\/\/ivoiretradecenter.com\/oclean\/\">O'Clean<\/a><\/p>\n<\/div>\n<\/div>\n<div class=\"cmsmasters_column one_fourth\">\n<div class=\"custom_html\">\n<p><a href=\"https:\/\/ivoiretradecenter.com\/paraone\/\">Paraone<\/a> <br \/>\n<a href=\"https:\/\/ivoiretradecenter.com\/racines\/\">Racines<\/a><br \/>\n<a href=\"https:\/\/ivoiretradecenter.com\/saphir-voyages\/\">Saphir Voyages<\/a><\/p>\n<\/div>\n<\/div>\n<\/div>\n<\/div>\n<\/div>\n<\/div>\n<\/div>\n\n","protected":false},"excerpt":{"rendered":"","protected":false},"author":9,"featured_media":0,"parent":0,"menu_order":0,"comment_status":"closed","ping_status":"closed","template":"","meta":{"footnotes":""},"class_list":["post-11943","page","type-page","status-publish","hentry"],"_links":{"self":[{"href":"https:\/\/ivoiretradecenter.com\/en\/wp-json\/wp\/v2\/pages\/11943","targetHints":{"allow":["GET"]}}],"collection":[{"href":"https:\/\/ivoiretradecenter.com\/en\/wp-json\/wp\/v2\/pages"}],"about":[{"href":"https:\/\/ivoiretradecenter.com\/en\/wp-json\/wp\/v2\/types\/page"}],"author":[{"embeddable":true,"href":"https:\/\/ivoiretradecenter.com\/en\/wp-json\/wp\/v2\/users\/9"}],"replies":[{"embeddable":true,"href":"https:\/\/ivoiretradecenter.com\/en\/wp-json\/wp\/v2\/comments?post=11943"}],"version-history":[{"count":0,"href":"https:\/\/ivoiretradecenter.com\/en\/wp-json\/wp\/v2\/pages\/11943\/revisions"}],"wp:attachment":[{"href":"https:\/\/ivoiretradecenter.com\/en\/wp-json\/wp\/v2\/media?parent=11943"}],"curies":[{"name":"wp","href":"https:\/\/api.w.org\/{rel}","templated":true}]}}