{"id":12233,"date":"2024-12-06T10:45:35","date_gmt":"2024-12-06T10:45:35","guid":{"rendered":"http:\/\/ivoiretradecenter.com\/?page_id=12233"},"modified":"2024-12-06T10:49:05","modified_gmt":"2024-12-06T10:49:05","slug":"doo","status":"publish","type":"page","link":"https:\/\/ivoiretradecenter.com\/en\/doo\/","title":{"rendered":"Doo"},"content":{"rendered":"<style type=\"text\/css\"> \n#cmsmasters_row_69e22a7ed50072_96092591 .cmsmasters_row_outer_parent { \n\tpadding-top: 50px; \n} \n\n#cmsmasters_row_69e22a7ed50072_96092591 .cmsmasters_row_outer_parent { \n\tpadding-bottom: 55px; \n} \n\n \n#cmsmasters_divider_69e22a7ed5b7d5_06181986 { \n\tborder-bottom-width:1px; \n\tborder-bottom-style:solid; \n\tpadding-top:0px; \n\tmargin-bottom:0px; \n} \n \n#cmsmasters_heading_69e22a7ed5e123_33210960 { \n\ttext-align:left; \n\tmargin-top:30px; \n\tmargin-bottom:10px; \n} \n\n#cmsmasters_heading_69e22a7ed5e123_33210960 .cmsmasters_heading { \n\ttext-align:left; \n} \n\n#cmsmasters_heading_69e22a7ed5e123_33210960 .cmsmasters_heading, #cmsmasters_heading_69e22a7ed5e123_33210960 .cmsmasters_heading a { \n\tfont-weight:700; \n\tfont-style:normal; \n} \n\n#cmsmasters_heading_69e22a7ed5e123_33210960 .cmsmasters_heading_divider { \n} \n\n \n#cmsmasters_heading_69e22a7ed60908_60841506 { \n\ttext-align:left; \n\tmargin-top:0px; \n\tmargin-bottom:30px; \n} \n\n#cmsmasters_heading_69e22a7ed60908_60841506 .cmsmasters_heading { \n\ttext-align:left; \n} \n\n#cmsmasters_heading_69e22a7ed60908_60841506 .cmsmasters_heading, #cmsmasters_heading_69e22a7ed60908_60841506 .cmsmasters_heading a { \n\tfont-weight:700; \n\tfont-style:normal; \n} \n\n#cmsmasters_heading_69e22a7ed60908_60841506 .cmsmasters_heading_divider { \n} \n\n \n#cmsmasters_heading_69e22a7ed62ef4_78391616 { \n\ttext-align:left; \n\tmargin-top:0px; \n\tmargin-bottom:10px; \n} \n\n#cmsmasters_heading_69e22a7ed62ef4_78391616 .cmsmasters_heading { \n\ttext-align:left; \n} \n\n#cmsmasters_heading_69e22a7ed62ef4_78391616 .cmsmasters_heading, #cmsmasters_heading_69e22a7ed62ef4_78391616 .cmsmasters_heading a { \n\tfont-weight:700; \n\tfont-style:normal; \n} \n\n#cmsmasters_heading_69e22a7ed62ef4_78391616 .cmsmasters_heading_divider { \n} \n\n \n#cmsmasters_heading_69e22a7ed656a9_98505792 { \n\ttext-align:left; \n\tmargin-top:0px; \n\tmargin-bottom:5px; \n} \n\n#cmsmasters_heading_69e22a7ed656a9_98505792 .cmsmasters_heading { \n\ttext-align:left; \n} \n\n#cmsmasters_heading_69e22a7ed656a9_98505792 .cmsmasters_heading, #cmsmasters_heading_69e22a7ed656a9_98505792 .cmsmasters_heading a { \n\tfont-weight:700; \n\tfont-style:normal; \n} \n\n#cmsmasters_heading_69e22a7ed656a9_98505792 .cmsmasters_heading_divider { \n} \n\n \n#cmsmasters_heading_69e22a7ed67ba7_11845857 { \n\ttext-align:left; \n\tmargin-top:0px; \n\tmargin-bottom:30px; \n} \n\n#cmsmasters_heading_69e22a7ed67ba7_11845857 .cmsmasters_heading { \n\ttext-align:left; \n} \n\n#cmsmasters_heading_69e22a7ed67ba7_11845857 .cmsmasters_heading, #cmsmasters_heading_69e22a7ed67ba7_11845857 .cmsmasters_heading a { \n\tfont-weight:700; \n\tfont-style:normal; \n} \n\n#cmsmasters_heading_69e22a7ed67ba7_11845857 .cmsmasters_heading_divider { \n} \n\n \n#cmsmasters_heading_69e22a7ed6c702_68676397 { \n\ttext-align:left; \n\tmargin-top:0px; \n\tmargin-bottom:20px; \n} \n\n#cmsmasters_heading_69e22a7ed6c702_68676397 .cmsmasters_heading { \n\ttext-align:left; \n} \n\n#cmsmasters_heading_69e22a7ed6c702_68676397 .cmsmasters_heading, #cmsmasters_heading_69e22a7ed6c702_68676397 .cmsmasters_heading a { \n\tfont-weight:700; \n\tfont-style:normal; \n} \n\n#cmsmasters_heading_69e22a7ed6c702_68676397 .cmsmasters_heading_divider { \n} \n\n \n#cmsmasters_divider_69e22a7ed6ed65_55538205 { \n\tborder-bottom-width:1px; \n\tborder-bottom-style:solid; \n\tpadding-top:0px; \n\tmargin-bottom:30px; \n} \n \n#cmsmasters_divider_69e22a7ed71946_84248628 { \n\tborder-bottom-width:0px; \n\tborder-bottom-style:solid; \n\tpadding-top:0px; \n\tmargin-bottom:20px; \n} \n \n#cmsmasters_heading_69e22a7ed73e77_12257275 { \n\ttext-align:left; \n\tmargin-top:0px; \n\tmargin-bottom:30px; \n} \n\n#cmsmasters_heading_69e22a7ed73e77_12257275 .cmsmasters_heading { \n\ttext-align:left; \n} \n\n#cmsmasters_heading_69e22a7ed73e77_12257275 .cmsmasters_heading, #cmsmasters_heading_69e22a7ed73e77_12257275 .cmsmasters_heading a { \n\tfont-weight:700; \n\tfont-style:normal; \n} \n\n#cmsmasters_heading_69e22a7ed73e77_12257275 .cmsmasters_heading_divider { \n} \n\n\r\n\t\t\t\t#cmsmasters_gallery_69e22a7ed76592_38187029 .cmsmasters_gallery {\r\n\t\t\t\t\tmargin:0 0 0 -15px;\r\n\t\t\t\t}\r\n\t\t\t\t\r\n\t\t\t\t#cmsmasters_gallery_69e22a7ed76592_38187029 .cmsmasters_gallery .cmsmasters_gallery_item {\r\n\t\t\t\t\tpadding:0 0 15px 15px;\r\n\t\t\t\t}\r\n\t\t\t \n#cmsmasters_row_69e22a7ed891e8_51599410 .cmsmasters_row_outer_parent { \n\tpadding-top: 0px; \n} \n\n#cmsmasters_row_69e22a7ed891e8_51599410 .cmsmasters_row_outer_parent { \n\tpadding-bottom: 50px; \n} \n\n<\/style><div id=\"cmsmasters_row_69e22a7ed50072_96092591\" class=\"cmsmasters_row cmsmasters_color_scheme_default cmsmasters_row_top_default cmsmasters_row_bot_default cmsmasters_row_boxed\">\n<div class=\"cmsmasters_row_outer_parent\">\n<div class=\"cmsmasters_row_outer\">\n<div class=\"cmsmasters_row_inner\">\n<div class=\"cmsmasters_row_margin\">\n<div class=\"cmsmasters_column one_fourth\">\n<div class=\"cmsmasters_img  cmsmasters_image_n white-backgroud\">\n<img decoding=\"async\" src=\"https:\/\/ivoiretradecenter.com\/wp-content\/uploads\/2024\/12\/logo-doo-red.png\" \/>\n<\/div>\n\n<div id=\"cmsmasters_divider_69e22a7ed5b7d5_06181986\" class=\"cmsmasters_divider cmsmasters_divider_width_long cmsmasters_divider_pos_center\"><\/div>\n\n<div id=\"cmsmasters_heading_69e22a7ed5e123_33210960\" class=\"cmsmasters_heading_wrap cmsmasters_heading_align_left\">\n\t<h3 class=\"cmsmasters_heading\">Horaires<\/h3>\n<\/div>\n<div id=\"cmsmasters_heading_69e22a7ed60908_60841506\" class=\"cmsmasters_heading_wrap cmsmasters_heading_align_left\">\n\t<h5 class=\"cmsmasters_heading\">Du lundi au vendredi De 9h-19h<\/h5>\n<\/div>\n<div id=\"cmsmasters_heading_69e22a7ed62ef4_78391616\" class=\"cmsmasters_heading_wrap cmsmasters_heading_align_left\">\n\t<h3 class=\"cmsmasters_heading\">CONTACTS<\/h3>\n<\/div>\n<div id=\"cmsmasters_heading_69e22a7ed656a9_98505792\" class=\"cmsmasters_heading_wrap cmsmasters_heading_align_left\">\n\t<h5 class=\"cmsmasters_heading\">Point de vente : 07 13 60 16 50<\/h5>\n<\/div>\n<div id=\"cmsmasters_heading_69e22a7ed67ba7_11845857\" class=\"cmsmasters_heading_wrap cmsmasters_heading_align_left\">\n\t<h5 class=\"cmsmasters_heading\">Support client\u00e8le : 07 00 20 52 02<\/h5>\n<\/div>\n<\/div>\n<div class=\"cmsmasters_column three_fourth\">\n\n<div id=\"cmsmasters_heading_69e22a7ed6c702_68676397\" class=\"cmsmasters_heading_wrap cmsmasters_heading_align_left\">\n\t<h1 class=\"cmsmasters_heading\">Doo<\/h1>\n<\/div>\n\n<div id=\"cmsmasters_divider_69e22a7ed6ed65_55538205\" class=\"cmsmasters_divider cmsmasters_divider_width_long cmsmasters_divider_pos_center\"><\/div>\n<div class=\"cmsmasters_text\">\n<div class=\"margin-top margin-medium\">\n<div class=\"project-item-content\">\n<div class=\"margin-top margin-small\">\n<div class=\"max-width-medium\">\n<p>Doo! est une plateforme mobile qui r\u00e9volutionne l&#8217;acc\u00e8s aux services essentiels en C\u00f4te d&#8217;Ivoire en rassemblant tous les services dont vous avez besoin \u00e0 travers un r\u00e9seau de points de vente Mobile Money.<\/p>\n<p>Services propos\u00e9s :<\/p>\n<ul>\n<li>Mobile Money<\/li>\n<li>Ventes et rechargements de cartes pr\u00e9pay\u00e9es (DJAMO, PUSH, etc.)<\/li>\n<li>Transfert d&#8217;argent (WU, RIA, MONEY GRAM, etc.)<\/li>\n<li>\u00c9tablissement de documents administratifs (Extrait de naissance, Certificat de Nationalit\u00e9, Casier Judiciaire, Certificat de r\u00e9sidence, etc.)<\/li>\n<li>Assurance automobile<\/li>\n<li>Billeterie\u00a0Ev\u00e8nementiel\u00a0(Sports, Concerts, etc.)<\/li>\n<li>Tickets de voyages (UTB, AVS, etc.)<\/li>\n<li>Achat et rechargement de badges de p\u00e9age<\/li>\n<li>Paiements de factures (Canal\u00a0+, CIE, Amendes routi\u00e8res, Cotisations CMU, etc.)<\/li>\n<li>Pass VIP A\u00e9roport<\/li>\n<li>Et bien d&#8217;autres<\/li>\n<\/ul>\n<\/div>\n<\/div>\n<\/div>\n<\/div>\n<\/div>\n\n\n<div id=\"cmsmasters_divider_69e22a7ed71946_84248628\" class=\"cl\"><\/div>\n\n<div id=\"cmsmasters_heading_69e22a7ed73e77_12257275\" class=\"cmsmasters_heading_wrap cmsmasters_heading_align_left\">\n\t<h5 class=\"cmsmasters_heading\"><\/h5>\n<\/div><div id=\"cmsmasters_gallery_69e22a7ed76592_38187029\" class=\"cmsmasters_gallery_wrap\"><ul class=\"cmsmasters_gallery cmsmasters_3 cmsmasters_more_items_loader\"><li class=\"cmsmasters_gallery_item\"><figure><a href=\"https:\/\/ivoiretradecenter.com\/wp-content\/uploads\/2024\/12\/Kiosque-ITC.jpeg\" rel=\"ilightbox[69e22a7ed76592_38187029]\"><img loading=\"lazy\" decoding=\"async\" width=\"580\" height=\"375\" src=\"https:\/\/ivoiretradecenter.com\/wp-content\/uploads\/2024\/12\/Kiosque-ITC-580x375.jpeg\" class=\"attachment-blog-masonry-thumb size-blog-masonry-thumb\" alt=\"\" srcset=\"https:\/\/ivoiretradecenter.com\/wp-content\/uploads\/2024\/12\/Kiosque-ITC-580x375.jpeg 580w, https:\/\/ivoiretradecenter.com\/wp-content\/uploads\/2024\/12\/Kiosque-ITC-1160x750.jpeg 1160w\" sizes=\"auto, (max-width: 580px) 100vw, 580px\" \/><\/a><\/figure><\/li><li class=\"cmsmasters_gallery_item\"><figure><a href=\"https:\/\/ivoiretradecenter.com\/wp-content\/uploads\/2024\/12\/Kiosque-ITC-1.png\" rel=\"ilightbox[69e22a7ed76592_38187029]\"><img loading=\"lazy\" decoding=\"async\" width=\"580\" height=\"375\" src=\"https:\/\/ivoiretradecenter.com\/wp-content\/uploads\/2024\/12\/Kiosque-ITC-1-580x375.png\" class=\"attachment-blog-masonry-thumb size-blog-masonry-thumb\" alt=\"\" srcset=\"https:\/\/ivoiretradecenter.com\/wp-content\/uploads\/2024\/12\/Kiosque-ITC-1-580x375.png 580w, https:\/\/ivoiretradecenter.com\/wp-content\/uploads\/2024\/12\/Kiosque-ITC-1-1160x750.png 1160w\" sizes=\"auto, (max-width: 580px) 100vw, 580px\" \/><\/a><\/figure><\/li><li class=\"cmsmasters_gallery_item\"><figure><a href=\"https:\/\/ivoiretradecenter.com\/wp-content\/uploads\/2024\/12\/Kiosque-ITC-2.png\" rel=\"ilightbox[69e22a7ed76592_38187029]\"><img loading=\"lazy\" decoding=\"async\" width=\"580\" height=\"375\" src=\"https:\/\/ivoiretradecenter.com\/wp-content\/uploads\/2024\/12\/Kiosque-ITC-2-580x375.png\" class=\"attachment-blog-masonry-thumb size-blog-masonry-thumb\" alt=\"\" srcset=\"https:\/\/ivoiretradecenter.com\/wp-content\/uploads\/2024\/12\/Kiosque-ITC-2-580x375.png 580w, https:\/\/ivoiretradecenter.com\/wp-content\/uploads\/2024\/12\/Kiosque-ITC-2-1160x750.png 1160w\" sizes=\"auto, (max-width: 580px) 100vw, 580px\" \/><\/a><\/figure><\/li><\/ul><script type=\"text\/javascript\">\r\n\t\t\t\tjQuery(document).ready(function () {\r\n\t\t\t\t\t(function ($) {\r\n\t\t\t\t\t\tif ($('#cmsmasters_gallery_69e22a7ed76592_38187029').find('.cmsmasters_gallery_item').length == '0') {\r\n\t\t\t\t\t\t\treturn false;\r\n\t\t\t\t\t\t}\r\n\t\t\t\t\t\t\r\n\t\t\t\t\t\t\r\n\t\t\t\t\t\tstartGallery( \r\n\t\t\t\t\t\t\t'69e22a7ed76592_38187029', \r\n\t\t\t\t\t\t\t'grid', \r\n\t\t\t\t\t\t\t'false', \r\n\t\t\t\t\t\t\t'false' \r\n\t\t\t\t\t\t);\r\n\t\t\t\t\t} )(jQuery);\r\n\t\t\t\t} );\r\n\t\t\t<\/script>\r\n\t\t\t<\/div>\n<\/div>\n<\/div>\n<\/div>\n<\/div>\n<\/div>\n<\/div>\n<div id=\"cmsmasters_row_69e22a7ed891e8_51599410\" class=\"cmsmasters_row cmsmasters_color_scheme_default cmsmasters_row_top_default cmsmasters_row_bot_default cmsmasters_row_boxed\">\n<div class=\"cmsmasters_row_outer_parent\">\n<div class=\"cmsmasters_row_outer\">\n<div class=\"cmsmasters_row_inner\">\n<div class=\"cmsmasters_row_margin\">\n<div class=\"cmsmasters_column one_fourth\">\n<\/div>\n<div class=\"cmsmasters_column one_fourth\">\n<div class=\"custom_html\">\n<p><a href=\"https:\/\/ivoiretradecenter.com\/aby\/\">ABY<\/a> <br \/>\n<a href=\"https:\/\/ivoiretradecenter.com\/africa-guest-services\/\">Africa Guest Services<\/a> <br \/>\n<a href=\"https:\/\/ivoiretradecenter.com\/air-france\/\">Air France<\/a><br \/>\n<a href=\"https:\/\/ivoiretradecenter.com\/franck-provost-itc\/\">Franck Provost<\/a><\/p>\n<\/div>\n<\/div>\n<div class=\"cmsmasters_column one_fourth\">\n<div class=\"custom_html\">\n<p><a href=\"https:\/\/ivoiretradecenter.com\/ideal-optic\/\">Id\u00e9al Optic<\/a><br \/>\n<a href=\"https:\/\/ivoiretradecenter.com\/morebelli\/\">Morebelli<\/a><br \/>\n<a href=\"https:\/\/ivoiretradecenter.com\/oclean\/\">O'Clean<\/a><\/p>\n<\/div>\n<\/div>\n<div class=\"cmsmasters_column one_fourth\">\n<div class=\"custom_html\">\n<p><a href=\"https:\/\/ivoiretradecenter.com\/paraone\/\">Paraone<\/a> <br \/>\n<a href=\"https:\/\/ivoiretradecenter.com\/racines\/\">Racines<\/a><br \/>\n<a href=\"https:\/\/ivoiretradecenter.com\/saphir-voyages\/\">Saphir Voyages<\/a><\/p>\n<\/div>\n<\/div>\n<\/div>\n<\/div>\n<\/div>\n<\/div>\n<\/div>\n\n","protected":false},"excerpt":{"rendered":"","protected":false},"author":8,"featured_media":0,"parent":0,"menu_order":0,"comment_status":"closed","ping_status":"closed","template":"","meta":{"footnotes":""},"class_list":["post-12233","page","type-page","status-publish","hentry"],"_links":{"self":[{"href":"https:\/\/ivoiretradecenter.com\/en\/wp-json\/wp\/v2\/pages\/12233","targetHints":{"allow":["GET"]}}],"collection":[{"href":"https:\/\/ivoiretradecenter.com\/en\/wp-json\/wp\/v2\/pages"}],"about":[{"href":"https:\/\/ivoiretradecenter.com\/en\/wp-json\/wp\/v2\/types\/page"}],"author":[{"embeddable":true,"href":"https:\/\/ivoiretradecenter.com\/en\/wp-json\/wp\/v2\/users\/8"}],"replies":[{"embeddable":true,"href":"https:\/\/ivoiretradecenter.com\/en\/wp-json\/wp\/v2\/comments?post=12233"}],"version-history":[{"count":0,"href":"https:\/\/ivoiretradecenter.com\/en\/wp-json\/wp\/v2\/pages\/12233\/revisions"}],"wp:attachment":[{"href":"https:\/\/ivoiretradecenter.com\/en\/wp-json\/wp\/v2\/media?parent=12233"}],"curies":[{"name":"wp","href":"https:\/\/api.w.org\/{rel}","templated":true}]}}