{"id":60,"date":"2015-04-15T10:57:41","date_gmt":"2015-04-15T10:57:41","guid":{"rendered":"http:\/\/welfare.cmsmasters.net\/?page_id=60"},"modified":"2024-02-06T16:50:41","modified_gmt":"2024-02-06T16:50:41","slug":"meeting-eventstest","status":"publish","type":"page","link":"https:\/\/ivoiretradecenter.com\/en\/meeting-eventstest\/","title":{"rendered":"Meeting"},"content":{"rendered":"<style type=\"text\/css\"> \n#cmsmasters_row_69f3971071ba29_32378012 { \n\tbackground-image: url(https:\/\/ivoiretradecenter.com\/wp-content\/uploads\/2022\/11\/bg_meetings.jpg); \n\tbackground-position: center center; \n\tbackground-repeat: no-repeat; \n\tbackground-attachment: scroll; \n\tbackground-size: cover; \n} \n\n#cmsmasters_row_69f3971071ba29_32378012 .cmsmasters_row_outer_parent { \n\tpadding-top: 200px; \n} \n\n#cmsmasters_row_69f3971071ba29_32378012 .cmsmasters_row_outer_parent { \n\tpadding-bottom: 200px; \n} \n\n#cmsmasters_row_69f3971071ba29_32378012 .cmsmasters_row_overlay { \n\tbackground-color:rgba(0,0,0,0.2);\n} \n\n \n#cmsmasters_heading_69f39710725716_70043693 { \n\ttext-align:center; \n\tmargin-top:0px; \n\tmargin-bottom:0px; \n} \n\n#cmsmasters_heading_69f39710725716_70043693 .cmsmasters_heading { \n\ttext-align:center; \n} \n\n#cmsmasters_heading_69f39710725716_70043693 .cmsmasters_heading, #cmsmasters_heading_69f39710725716_70043693 .cmsmasters_heading a { \n\tfont-size:72px; \n\tline-height:90px; \n\tfont-weight:bold; \n\tfont-style:normal; \n\tcolor:#ffffff;\n} \n\n#cmsmasters_heading_69f39710725716_70043693 .cmsmasters_heading_divider { \n} \n\n \n#cmsmasters_row_69f39710726317_20406594 { \n\tbackground-color:#ffffff;\n} \n\n#cmsmasters_row_69f39710726317_20406594 .cmsmasters_row_outer_parent { \n\tpadding-top: 30px; \n} \n\n#cmsmasters_row_69f39710726317_20406594 .cmsmasters_row_outer_parent { \n\tpadding-bottom: 70px; \n} \n\n \n#cmsmasters_heading_69f39710729e65_76106481 { \n\ttext-align:left; \n\tmargin-top:30px; \n\tmargin-bottom:20px; \n} \n\n#cmsmasters_heading_69f39710729e65_76106481 .cmsmasters_heading { \n\ttext-align:left; \n} \n\n#cmsmasters_heading_69f39710729e65_76106481 .cmsmasters_heading, #cmsmasters_heading_69f39710729e65_76106481 .cmsmasters_heading a { \n\tfont-weight:500; \n\tfont-style:normal; \n} \n\n#cmsmasters_heading_69f39710729e65_76106481 .cmsmasters_heading_divider { \n} \n\n \n#cmsmasters_heading_69f3971072c537_27650007 { \n\ttext-align:left; \n\tmargin-top:0px; \n\tmargin-bottom:30px; \n} \n\n#cmsmasters_heading_69f3971072c537_27650007 .cmsmasters_heading { \n\ttext-align:left; \n} \n\n#cmsmasters_heading_69f3971072c537_27650007 .cmsmasters_heading, #cmsmasters_heading_69f3971072c537_27650007 .cmsmasters_heading a { \n\tfont-weight:700; \n\tfont-style:normal; \n} \n\n#cmsmasters_heading_69f3971072c537_27650007 .cmsmasters_heading_divider { \n} \n\n \n#cmsmasters_heading_69f3971072ec66_16948623 { \n\ttext-align:left; \n\tmargin-top:0px; \n\tmargin-bottom:30px; \n} \n\n#cmsmasters_heading_69f3971072ec66_16948623 .cmsmasters_heading { \n\ttext-align:left; \n} \n\n#cmsmasters_heading_69f3971072ec66_16948623 .cmsmasters_heading, #cmsmasters_heading_69f3971072ec66_16948623 .cmsmasters_heading a { \n\tfont-weight:700; \n\tfont-style:normal; \n} \n\n#cmsmasters_heading_69f3971072ec66_16948623 .cmsmasters_heading_divider { \n} \n\n\n#cmsmasters_button_69f397107316e9_97764379 { \n\tfloat:left; \n} \n\n#cmsmasters_button_69f397107316e9_97764379 .cmsmasters_button:before { \n\tmargin-right:.5em; \n\tmargin-left:0; \n\tvertical-align:baseline; \n} \n\n#cmsmasters_button_69f397107316e9_97764379 .cmsmasters_button { \n\tfont-weight:normal; \n\tfont-style:normal; \n\tborder-style:solid; \n} \n#cmsmasters_button_69f397107316e9_97764379 .cmsmasters_button:hover { \n} \n \n#cmsmasters_divider_69f39710733d24_47050323 { \n\tborder-bottom-width:1px; \n\tborder-bottom-style:solid; \n\tpadding-top:10px; \n\tmargin-bottom:30px; \n} \n \n#cmsmasters_divider_69f39710775d73_89708217 { \n\tborder-bottom-width:1px; \n\tborder-bottom-style:solid; \n\tpadding-top:10px; \n\tmargin-bottom:20px; \n} \n<\/style><div id=\"cmsmasters_row_69f397107192a1_66790736\" class=\"cmsmasters_row cmsmasters_color_scheme_default cmsmasters_row_top_default cmsmasters_row_bot_default cmsmasters_row_boxed\">\n<div class=\"cmsmasters_row_outer_parent\">\n<div class=\"cmsmasters_row_outer\">\n<div class=\"cmsmasters_row_inner\">\n<div class=\"cmsmasters_row_margin\">\n<div class=\"cmsmasters_column one_first\">\n<div class=\"cmsmasters_text\">\n<p>&nbsp;<\/p>\n<\/div>\n<\/div>\n<\/div>\n<\/div>\n<\/div>\n<\/div>\n<\/div>\n<div id=\"cmsmasters_row_69f3971071ba29_32378012\" class=\"cmsmasters_row cmsmasters_color_scheme_default cmsmasters_row_top_default cmsmasters_row_bot_default cmsmasters_row_boxed\">\n<div class=\"cmsmasters_row_outer_parent\">\n<div class=\"cmsmasters_row_overlay\"><\/div>\n<div class=\"cmsmasters_row_outer\">\n<div class=\"cmsmasters_row_inner\">\n<div class=\"cmsmasters_row_margin\">\n<div class=\"cmsmasters_column one_first\">\n\n<div id=\"cmsmasters_heading_69f39710725716_70043693\" class=\"cmsmasters_heading_wrap cmsmasters_heading_align_center\">\n\t<h1 class=\"cmsmasters_heading\">Meetings &amp; events<\/h1>\n<\/div>\n<\/div>\n<\/div>\n<\/div>\n<\/div>\n<\/div>\n<\/div>\n<div id=\"cmsmasters_row_69f39710725a56_73330756\" class=\"cmsmasters_row cmsmasters_color_scheme_default cmsmasters_row_top_default cmsmasters_row_bot_default cmsmasters_row_boxed\">\n<div class=\"cmsmasters_row_outer_parent\">\n<div class=\"cmsmasters_row_outer\">\n<div class=\"cmsmasters_row_inner\">\n<div class=\"cmsmasters_row_margin\">\n<div class=\"cmsmasters_column one_first\">\n<div class=\"cmsmasters_text\">\n<p>&nbsp;<\/p>\n<\/div>\n<\/div>\n<\/div>\n<\/div>\n<\/div>\n<\/div>\n<\/div>\n<div id=\"cmsmasters_row_69f39710726317_20406594\" class=\"cmsmasters_row cmsmasters_color_scheme_default cmsmasters_row_top_default cmsmasters_row_bot_default cmsmasters_row_boxed\">\n<div class=\"cmsmasters_row_outer_parent\">\n<div class=\"cmsmasters_row_outer\">\n<div class=\"cmsmasters_row_inner\">\n<div class=\"cmsmasters_row_margin\">\n<div class=\"cmsmasters_column one_fourth\">\n\n<div id=\"cmsmasters_heading_69f39710729e65_76106481\" class=\"cmsmasters_heading_wrap cmsmasters_heading_align_left\">\n\t<h3 class=\"cmsmasters_heading\">Contact<\/h3>\n<\/div>\n<div id=\"cmsmasters_heading_69f3971072c537_27650007\" class=\"cmsmasters_heading_wrap cmsmasters_heading_align_left\">\n\t<h5 class=\"cmsmasters_heading\">+225 07 00 13 13 13<\/h5>\n<\/div>\n<div id=\"cmsmasters_heading_69f3971072ec66_16948623\" class=\"cmsmasters_heading_wrap cmsmasters_heading_align_left\">\n\t<h5 class=\"cmsmasters_heading\"><a href=\"mailto:meeting@ivoiretradecenter.com\">meeting@ivoiretradecenter.com<\/a><\/h5>\n<\/div>\n<div id=\"cmsmasters_button_69f397107316e9_97764379\" class=\"button_wrap\"><a href=\"#\" class=\"cmsmasters_button cmsmasters-icon-download-3\"><span>T\u00e9l\u00e9chargements<\/span><\/a><\/div>\n\n<div id=\"cmsmasters_divider_69f39710733d24_47050323\" class=\"cmsmasters_divider cmsmasters_divider_width_long cmsmasters_divider_pos_center\"><\/div>\n<div class=\"cmsmasters_text\">\n<div style=\"border: 1px solid #B3A174; padding: 5px;\">\n<h4>Demande de salle<\/h4>\n<div class=\"wpforms-container wpforms-container-full\" id=\"wpforms-11702\"><form id=\"wpforms-form-11702\" class=\"wpforms-validate wpforms-form wpforms-ajax-form\" data-formid=\"11702\" method=\"post\" enctype=\"multipart\/form-data\" action=\"\/en\/wp-json\/wp\/v2\/pages\/60\" data-token=\"d1be5dc27049a2d365b4788978806874\" data-token-time=\"1777571600\"><noscript class=\"wpforms-error-noscript\">Please enable JavaScript in your browser to complete this form.<\/noscript><div class=\"wpforms-field-container\"><div id=\"wpforms-11702-field_1-container\" class=\"wpforms-field wpforms-field-name\" data-field-id=\"1\"><label class=\"wpforms-field-label wpforms-label-hide\" for=\"wpforms-11702-field_1\">Nom <span class=\"wpforms-required-label\">*<\/span><\/label><div class=\"wpforms-field-row wpforms-field-large\"><div class=\"wpforms-field-row-block wpforms-first wpforms-one-half\"><input type=\"text\" id=\"wpforms-11702-field_1\" class=\"wpforms-field-name-first wpforms-field-required\" name=\"wpforms[fields][1][first]\" placeholder=\"Pr\u00e9nom\" required><label for=\"wpforms-11702-field_1\" class=\"wpforms-field-sublabel after wpforms-sublabel-hide\">First<\/label><\/div><div class=\"wpforms-field-row-block wpforms-one-half\"><input type=\"text\" id=\"wpforms-11702-field_1-last\" class=\"wpforms-field-name-last wpforms-field-required\" name=\"wpforms[fields][1][last]\" placeholder=\"Nom\" required><label for=\"wpforms-11702-field_1-last\" class=\"wpforms-field-sublabel after wpforms-sublabel-hide\">Last<\/label><\/div><\/div><\/div><div id=\"wpforms-11702-field_7-container\" class=\"wpforms-field wpforms-field-number\" data-field-id=\"7\"><label class=\"wpforms-field-label wpforms-label-hide\" for=\"wpforms-11702-field_7\">T\u00e9l\u00e9phone <span class=\"wpforms-required-label\">*<\/span><\/label><input type=\"number\" id=\"wpforms-11702-field_7\" class=\"wpforms-field-medium wpforms-field-required\" name=\"wpforms[fields][7]\" placeholder=\"T\u00e9l\u00e9phone\" step=\"any\" required><\/div><div id=\"wpforms-11702-field_2-container\" class=\"wpforms-field wpforms-field-email\" data-field-id=\"2\"><label class=\"wpforms-field-label wpforms-label-hide\" for=\"wpforms-11702-field_2\">Email <span class=\"wpforms-required-label\">*<\/span><\/label><div class=\"wpforms-field-row wpforms-field-large\"><div class=\"wpforms-field-row-block wpforms-one-half wpforms-first\"><input type=\"email\" id=\"wpforms-11702-field_2\" class=\"wpforms-field-required wpforms-field-email-primary\" name=\"wpforms[fields][2][primary]\" placeholder=\"Email\" spellcheck=\"false\" required><label for=\"wpforms-11702-field_2\" class=\"wpforms-field-sublabel after wpforms-sublabel-hide\">Email<\/label><\/div><div class=\"wpforms-field-row-block wpforms-one-half\"><input type=\"email\" id=\"wpforms-11702-field_2-secondary\" class=\"wpforms-field-email-secondary wpforms-field-required\" data-rule-confirm=\"#wpforms-11702-field_2\" name=\"wpforms[fields][2][secondary]\" placeholder=\"Confirmation Email\" spellcheck=\"false\" required><label for=\"wpforms-11702-field_2-secondary\" class=\"wpforms-field-sublabel after wpforms-sublabel-hide\">Confirm Email<\/label><\/div><\/div><\/div><div id=\"wpforms-11702-field_4-container\" class=\"wpforms-field wpforms-field-radio wpforms-list-2-columns\" data-field-id=\"4\"><label class=\"wpforms-field-label\">Type d&#039;\u00e9v\u00e8nement <span class=\"wpforms-required-label\">*<\/span><\/label><ul id=\"wpforms-11702-field_4\" class=\"wpforms-field-required wpforms-image-choices wpforms-image-choices-classic\"><li class=\"choice-1 depth-1 wpforms-image-choices-item\"><label class=\"wpforms-field-label-inline\" for=\"wpforms-11702-field_4_1\" tabindex=\"0\"><span class=\"wpforms-image-choices-image\"><img decoding=\"async\" src=\"http:\/\/ivoiretradecenter.com\/wp-content\/uploads\/2022\/11\/conf.jpg\" alt=\"R\u00e9union\" title=\"R\u00e9union\"><\/span><input type=\"radio\" id=\"wpforms-11702-field_4_1\" class=\"wpforms-screen-reader-element\" name=\"wpforms[fields][4]\" value=\"R\u00e9union\" tabindex=\"-1\" required ><span class=\"wpforms-image-choices-label\">R\u00e9union<\/span><\/label><\/li><li class=\"choice-3 depth-1 wpforms-image-choices-item\"><label class=\"wpforms-field-label-inline\" for=\"wpforms-11702-field_4_3\" tabindex=\"0\"><span class=\"wpforms-image-choices-image\"><img decoding=\"async\" src=\"http:\/\/ivoiretradecenter.com\/wp-content\/uploads\/2022\/11\/plart.jpg\" alt=\"Diner\" title=\"Diner\"><\/span><input type=\"radio\" id=\"wpforms-11702-field_4_3\" class=\"wpforms-screen-reader-element\" name=\"wpforms[fields][4]\" value=\"Diner\" tabindex=\"-1\" required ><span class=\"wpforms-image-choices-label\">Diner<\/span><\/label><\/li><li class=\"choice-2 depth-1 wpforms-image-choices-item\"><label class=\"wpforms-field-label-inline\" for=\"wpforms-11702-field_4_2\" tabindex=\"0\"><span class=\"wpforms-image-choices-image\"><img decoding=\"async\" src=\"http:\/\/ivoiretradecenter.com\/wp-content\/uploads\/2022\/11\/reunion.jpg\" alt=\"S\u00e9minaire\" title=\"S\u00e9minaire\"><\/span><input type=\"radio\" id=\"wpforms-11702-field_4_2\" class=\"wpforms-screen-reader-element\" name=\"wpforms[fields][4]\" value=\"S\u00e9minaire\" tabindex=\"-1\" required ><span class=\"wpforms-image-choices-label\">S\u00e9minaire<\/span><\/label><\/li><li class=\"choice-4 depth-1 wpforms-image-choices-item\"><label class=\"wpforms-field-label-inline\" for=\"wpforms-11702-field_4_4\" tabindex=\"0\"><span class=\"wpforms-image-choices-image\"><img decoding=\"async\" src=\"http:\/\/ivoiretradecenter.com\/wp-content\/uploads\/2022\/11\/son.jpg\" alt=\"Concert\" title=\"Concert\"><\/span><input type=\"radio\" id=\"wpforms-11702-field_4_4\" class=\"wpforms-screen-reader-element\" name=\"wpforms[fields][4]\" value=\"Concert\" tabindex=\"-1\" required ><span class=\"wpforms-image-choices-label\">Concert<\/span><\/label><\/li><\/ul><\/div><div id=\"wpforms-11702-field_8-container\" class=\"wpforms-field wpforms-field-select wpforms-field-select-style-classic\" data-field-id=\"8\"><label class=\"wpforms-field-label\" for=\"wpforms-11702-field_8\">Choisissez votre salle<\/label><select id=\"wpforms-11702-field_8\" class=\"wpforms-field-large\" name=\"wpforms[fields][8]\"><option value=\"La carr\u00e9e - 12 places assises\"  class=\"choice-1 depth-1\"  >La carr\u00e9e - 12 places assises<\/option><option value=\"La centrale - 24 places assises\"  class=\"choice-5 depth-1\"  >La centrale - 24 places assises<\/option><option value=\"La rectangle - 36 places assises\"  class=\"choice-2 depth-1\"  >La rectangle - 36 places assises<\/option><option value=\"La lagune - 50, 80 ou 145 places assises\"  class=\"choice-3 depth-1\"  >La lagune - 50, 80 ou 145 places assises<\/option><option value=\"Le rooftop - 200 personnes\"  class=\"choice-4 depth-1\"  >Le rooftop - 200 personnes<\/option><\/select><\/div><div id=\"wpforms-11702-field_6-container\" class=\"wpforms-field wpforms-field-textarea\" data-field-id=\"6\"><label class=\"wpforms-field-label\" for=\"wpforms-11702-field_6\">Message et besoins<\/label><textarea id=\"wpforms-11702-field_6\" class=\"wpforms-field-small\" name=\"wpforms[fields][6]\" placeholder=\"Entrez ici vos pr\u00e9cisions, la date et le temps dont vous avez besoin...\" ><\/textarea><\/div><div id=\"wpforms-11702-field_9-container\" class=\"wpforms-field wpforms-field-email\" data-field-id=\"9\"><label class=\"wpforms-field-label\" for=\"wpforms-11702-field_9\">E-mail <span class=\"wpforms-required-label\">*<\/span><\/label><input type=\"email\" id=\"wpforms-11702-field_9\" class=\"wpforms-field-medium wpforms-field-required\" name=\"wpforms[fields][9]\" spellcheck=\"false\" required><\/div><\/div><!-- .wpforms-field-container --><div class=\"wpforms-submit-container\" ><input type=\"hidden\" name=\"wpforms[id]\" value=\"11702\"><input type=\"hidden\" name=\"page_title\" value=\"\"><input type=\"hidden\" name=\"page_url\" value=\"https:\/\/ivoiretradecenter.com\/en\/wp-json\/wp\/v2\/pages\/60\"><input type=\"hidden\" name=\"url_referer\" value=\"\"><button type=\"submit\" name=\"wpforms[submit]\" id=\"wpforms-submit-11702\" class=\"wpforms-submit\" data-alt-text=\"Envoi...\" data-submit-text=\"Envoyez\" aria-live=\"assertive\" value=\"wpforms-submit\">Envoyez<\/button><img loading=\"lazy\" decoding=\"async\" src=\"https:\/\/ivoiretradecenter.com\/wp-content\/plugins\/wpforms-lite\/assets\/images\/submit-spin.svg\" class=\"wpforms-submit-spinner\" style=\"display: none;\" width=\"26\" height=\"26\" alt=\"Loading\"><\/div><\/form><\/div>  <!-- .wpforms-container -->\n<\/p>\n<\/div>\n<\/div>\n<\/div>\n<div class=\"cmsmasters_column three_fourth\">\n<div class=\"cmsmasters_text\">\n<p>Adresse abidjanaise r\u00e9solument contemporaine, l\u2019Ivoire Trade Center est depuis son ouverture en 2021, le lieu incontournable.<\/p>\n<p>Choisir l&#8217;Ivoire Trade Center pour vos \u00e9v\u00e8nements, c&#8217;est b\u00e9n\u00e9ficier de :<\/p>\n<p><img loading=\"lazy\" decoding=\"async\" class=\"alignleft wp-image-11746 size-full\" src=\"http:\/\/ivoiretradecenter.com\/wp-content\/uploads\/2022\/11\/icons_meetings3.jpg\" alt=\"\" width=\"500\" height=\"216\" srcset=\"https:\/\/ivoiretradecenter.com\/wp-content\/uploads\/2022\/11\/icons_meetings3.jpg 500w, https:\/\/ivoiretradecenter.com\/wp-content\/uploads\/2022\/11\/icons_meetings3-300x130.jpg 300w\" sizes=\"auto, (max-width: 500px) 100vw, 500px\" \/><\/p>\n<\/div>\n\n<div id=\"cmsmasters_divider_69f39710775d73_89708217\" class=\"cmsmasters_divider cmsmasters_divider_width_long cmsmasters_divider_pos_center\"><\/div>\n<div class=\"cmsmasters_text\">\n<p><strong>Une r\u00e9union? Un \u00e9v\u00e8nement?<\/strong><\/p>\n<p>D\u00e9couvrez nos espaces de travail lumineux, confortables, flexibles et ouverts sur l\u2019ext\u00e9rieur.<\/p>\n<p>Nos espaces sont Compos\u00e9s de quatre (4) salles de r\u00e9union et d\u2019un rooftop, qui vous offre une vue imprenable sur Abidjan.<\/p>\n<hr \/>\n<p>Cliquez sur les images ci-dessous pour plus d&#8217;informations.<\/p>\n<table style=\"padding: 5px;\" width=\"100%\">\n<tbody>\n<tr>\n<td style=\"margin: 2px; padding: 2px;\" width=\"20%\"><a href=\"http:\/\/ivoiretradecenter.com\/la-carree\/\"><img decoding=\"async\" class=\"aligncenter\" src=\"http:\/\/ivoiretradecenter.com\/wp-content\/uploads\/2022\/11\/carree01.jpg\" alt=\"\" width=\"100%\" height=\"100%\" \/><\/a><\/td>\n<td style=\"margin: 2px; padding: 2px;\" width=\"20%\"><a href=\"http:\/\/ivoiretradecenter.com\/la-centrale\/\"><img decoding=\"async\" class=\"aligncenter\" src=\"http:\/\/ivoiretradecenter.com\/wp-content\/uploads\/2022\/11\/centrale01.jpg\" alt=\"\" width=\"100%\" height=\"100%\" \/><\/a><\/td>\n<td style=\"margin: 2px; padding: 2px;\" width=\"20%\"><a href=\"http:\/\/ivoiretradecenter.com\/la-rectangle\/\"><img decoding=\"async\" class=\"aligncenter\" src=\"http:\/\/ivoiretradecenter.com\/wp-content\/uploads\/2022\/11\/rect02.jpg\" alt=\"\" width=\"100%\" height=\"100%\" \/><\/a><\/td>\n<td style=\"margin: 2px; padding: 2px;\" width=\"20%\"><a href=\"http:\/\/ivoiretradecenter.com\/la-lagune\/\"><img decoding=\"async\" class=\"aligncenter\" src=\"http:\/\/ivoiretradecenter.com\/wp-content\/uploads\/2022\/11\/lag03.jpg\" alt=\"\" width=\"100%\" height=\"100%\" \/><\/a><\/td>\n<td style=\"margin: 2px; padding: 2px;\" width=\"20%\"><a href=\"http:\/\/ivoiretradecenter.com\/le-rooftop\/\"><img decoding=\"async\" class=\"aligncenter\" src=\"http:\/\/ivoiretradecenter.com\/wp-content\/uploads\/2022\/11\/roof02.jpg\" alt=\"\" width=\"100%\" height=\"100%\" \/><\/a><\/td>\n<\/tr>\n<tr>\n<td style=\"text-align: center;\"><strong>La carr\u00e9e<br \/>\n<\/strong><\/td>\n<td style=\"text-align: center;\"><strong>La centrale<br \/>\n<\/strong><\/td>\n<td style=\"text-align: center;\"><strong>La rectangle<br \/>\n<\/strong><\/td>\n<td style=\"text-align: center;\"><strong>La lagune<br \/>\n<\/strong><\/td>\n<td style=\"text-align: center;\"><strong>Le rooftop<br \/>\n<\/strong><\/td>\n<\/tr>\n<\/tbody>\n<\/table>\n<\/div>\n<\/div>\n<\/div>\n<\/div>\n<\/div>\n<\/div>\n<\/div>\n\n","protected":false},"excerpt":{"rendered":"","protected":false},"author":5,"featured_media":0,"parent":0,"menu_order":0,"comment_status":"closed","ping_status":"closed","template":"","meta":{"footnotes":""},"class_list":["post-60","page","type-page","status-publish","hentry"],"_links":{"self":[{"href":"https:\/\/ivoiretradecenter.com\/en\/wp-json\/wp\/v2\/pages\/60","targetHints":{"allow":["GET"]}}],"collection":[{"href":"https:\/\/ivoiretradecenter.com\/en\/wp-json\/wp\/v2\/pages"}],"about":[{"href":"https:\/\/ivoiretradecenter.com\/en\/wp-json\/wp\/v2\/types\/page"}],"author":[{"embeddable":true,"href":"https:\/\/ivoiretradecenter.com\/en\/wp-json\/wp\/v2\/users\/5"}],"replies":[{"embeddable":true,"href":"https:\/\/ivoiretradecenter.com\/en\/wp-json\/wp\/v2\/comments?post=60"}],"version-history":[{"count":0,"href":"https:\/\/ivoiretradecenter.com\/en\/wp-json\/wp\/v2\/pages\/60\/revisions"}],"wp:attachment":[{"href":"https:\/\/ivoiretradecenter.com\/en\/wp-json\/wp\/v2\/media?parent=60"}],"curies":[{"name":"wp","href":"https:\/\/api.w.org\/{rel}","templated":true}]}}