{"id":8776,"date":"2015-12-01T15:46:41","date_gmt":"2015-12-01T15:46:41","guid":{"rendered":"http:\/\/mall.cmsmasters.net\/?page_id=8776"},"modified":"2025-04-09T02:23:17","modified_gmt":"2025-04-09T02:23:17","slug":"nougatine","status":"publish","type":"page","link":"https:\/\/ivoiretradecenter.com\/en\/nougatine\/","title":{"rendered":"Nougatine"},"content":{"rendered":"<style type=\"text\/css\"> \n#cmsmasters_row_69e34b74b32dd7_32517253 .cmsmasters_row_outer_parent { \n\tpadding-top: 50px; \n} \n\n#cmsmasters_row_69e34b74b32dd7_32517253 .cmsmasters_row_outer_parent { \n\tpadding-bottom: 55px; \n} \n\n \n#cmsmasters_divider_69e34b74b44365_07157299 { \n\tborder-bottom-width:1px; \n\tborder-bottom-style:solid; \n\tpadding-top:0px; \n\tmargin-bottom:0px; \n} \n \n#cmsmasters_heading_69e34b74b46c40_82978440 { \n\ttext-align:left; \n\tmargin-top:45px; \n\tmargin-bottom:10px; \n} \n\n#cmsmasters_heading_69e34b74b46c40_82978440 .cmsmasters_heading { \n\ttext-align:left; \n} \n\n#cmsmasters_heading_69e34b74b46c40_82978440 .cmsmasters_heading, #cmsmasters_heading_69e34b74b46c40_82978440 .cmsmasters_heading a { \n\tfont-weight:700; \n\tfont-style:normal; \n} \n\n#cmsmasters_heading_69e34b74b46c40_82978440 .cmsmasters_heading_divider { \n} \n\n \n#cmsmasters_heading_69e34b74b49407_59533607 { \n\ttext-align:left; \n\tmargin-top:0px; \n\tmargin-bottom:30px; \n} \n\n#cmsmasters_heading_69e34b74b49407_59533607 .cmsmasters_heading { \n\ttext-align:left; \n} \n\n#cmsmasters_heading_69e34b74b49407_59533607 .cmsmasters_heading, #cmsmasters_heading_69e34b74b49407_59533607 .cmsmasters_heading a { \n\tfont-weight:700; \n\tfont-style:normal; \n} \n\n#cmsmasters_heading_69e34b74b49407_59533607 .cmsmasters_heading_divider { \n} \n\n \n#cmsmasters_heading_69e34b74b4b9b2_00848295 { \n\ttext-align:left; \n\tmargin-top:0px; \n\tmargin-bottom:10px; \n} \n\n#cmsmasters_heading_69e34b74b4b9b2_00848295 .cmsmasters_heading { \n\ttext-align:left; \n} \n\n#cmsmasters_heading_69e34b74b4b9b2_00848295 .cmsmasters_heading, #cmsmasters_heading_69e34b74b4b9b2_00848295 .cmsmasters_heading a { \n\tfont-weight:700; \n\tfont-style:normal; \n} \n\n#cmsmasters_heading_69e34b74b4b9b2_00848295 .cmsmasters_heading_divider { \n} \n\n \n#cmsmasters_heading_69e34b74b4df97_93818182 { \n\ttext-align:left; \n\tmargin-top:0px; \n\tmargin-bottom:30px; \n} \n\n#cmsmasters_heading_69e34b74b4df97_93818182 .cmsmasters_heading { \n\ttext-align:left; \n} \n\n#cmsmasters_heading_69e34b74b4df97_93818182 .cmsmasters_heading, #cmsmasters_heading_69e34b74b4df97_93818182 .cmsmasters_heading a { \n\tfont-weight:700; \n\tfont-style:normal; \n} \n\n#cmsmasters_heading_69e34b74b4df97_93818182 .cmsmasters_heading_divider { \n} \n\n \n#cmsmasters_heading_69e34b74b50496_07704299 { \n\ttext-align:left; \n\tmargin-top:0px; \n\tmargin-bottom:10px; \n} \n\n#cmsmasters_heading_69e34b74b50496_07704299 .cmsmasters_heading { \n\ttext-align:left; \n} \n\n#cmsmasters_heading_69e34b74b50496_07704299 .cmsmasters_heading, #cmsmasters_heading_69e34b74b50496_07704299 .cmsmasters_heading a { \n\tfont-weight:700; \n\tfont-style:normal; \n} \n\n#cmsmasters_heading_69e34b74b50496_07704299 .cmsmasters_heading_divider { \n} \n\n \n#cmsmasters_divider_69e34b74b54c27_89159786 { \n\tborder-bottom-width:0px; \n\tborder-bottom-style:solid; \n\tpadding-top:20px; \n\tmargin-bottom:5px; \n} \n\n#cmsmasters_button_69e34b74b57518_91569460 { \n\tfloat:left; \n} \n\n#cmsmasters_button_69e34b74b57518_91569460 .cmsmasters_button:before { \n\tmargin-right:.5em; \n\tmargin-left:0; \n\tvertical-align:baseline; \n} \n\n#cmsmasters_button_69e34b74b57518_91569460 .cmsmasters_button { \n\tfont-weight:normal; \n\tfont-style:normal; \n\tborder-style:solid; \n} \n#cmsmasters_button_69e34b74b57518_91569460 .cmsmasters_button:hover { \n} \n \n#cmsmasters_heading_69e34b74b5a871_68533045 { \n\ttext-align:left; \n\tmargin-top:0px; \n\tmargin-bottom:20px; \n} \n\n#cmsmasters_heading_69e34b74b5a871_68533045 .cmsmasters_heading { \n\ttext-align:left; \n} \n\n#cmsmasters_heading_69e34b74b5a871_68533045 .cmsmasters_heading, #cmsmasters_heading_69e34b74b5a871_68533045 .cmsmasters_heading a { \n\tline-height:82px; \n\tfont-weight:700; \n\tfont-style:normal; \n} \n\n#cmsmasters_heading_69e34b74b5a871_68533045 .cmsmasters_heading_divider { \n} \n\n \n#cmsmasters_divider_69e34b74b5cdd1_38400199 { \n\tborder-bottom-width:1px; \n\tborder-bottom-style:solid; \n\tpadding-top:0px; \n\tmargin-bottom:30px; \n} \n \n#cmsmasters_divider_69e34b74b5f6c5_82658271 { \n\tborder-bottom-width:0px; \n\tborder-bottom-style:solid; \n\tpadding-top:0px; \n\tmargin-bottom:20px; \n} \n\r\n\t\t\t\t#cmsmasters_gallery_69e34b74b61df7_05283346 .cmsmasters_gallery {\r\n\t\t\t\t\tmargin:0 0 0 -15px;\r\n\t\t\t\t}\r\n\t\t\t\t\r\n\t\t\t\t#cmsmasters_gallery_69e34b74b61df7_05283346 .cmsmasters_gallery .cmsmasters_gallery_item {\r\n\t\t\t\t\tpadding:0 0 15px 15px;\r\n\t\t\t\t}\r\n\t\t\t \n#cmsmasters_row_69e34b74b76423_17600433 .cmsmasters_row_outer_parent { \n\tpadding-top: 0px; \n} \n\n#cmsmasters_row_69e34b74b76423_17600433 .cmsmasters_row_outer_parent { \n\tpadding-bottom: 50px; \n} \n\n \n#cmsmasters_heading_69e34b74b79a10_74102315 { \n\ttext-align:left; \n\tmargin-top:0px; \n\tmargin-bottom:0px; \n} \n\n#cmsmasters_heading_69e34b74b79a10_74102315 .cmsmasters_heading { \n\ttext-align:left; \n} \n\n#cmsmasters_heading_69e34b74b79a10_74102315 .cmsmasters_heading, #cmsmasters_heading_69e34b74b79a10_74102315 .cmsmasters_heading a { \n\tfont-weight:normal; \n\tfont-style:normal; \n} \n\n#cmsmasters_heading_69e34b74b79a10_74102315 .cmsmasters_heading_divider { \n} \n\n \n#cmsmasters_divider_69e34b74b7bf54_04189949 { \n\tborder-bottom-width:1px; \n\tborder-bottom-style:solid; \n\tpadding-top:10px; \n\tmargin-bottom:0px; \n} \n \n#cmsmasters_row_69e34b74b7c175_63018612 .cmsmasters_row_outer_parent { \n\tpadding-top: 0px; \n} \n\n#cmsmasters_row_69e34b74b7c175_63018612 .cmsmasters_row_outer_parent { \n\tpadding-bottom: 55px; \n} \n\n<\/style><div id=\"cmsmasters_row_69e34b74b32dd7_32517253\" class=\"cmsmasters_row cmsmasters_color_scheme_default cmsmasters_row_top_default cmsmasters_row_bot_default cmsmasters_row_boxed\">\n<div class=\"cmsmasters_row_outer_parent\">\n<div class=\"cmsmasters_row_outer\">\n<div class=\"cmsmasters_row_inner\">\n<div class=\"cmsmasters_row_margin\">\n<div class=\"cmsmasters_column one_fourth\">\n<div class=\"cmsmasters_img  cmsmasters_image_n white-backgroud\">\n<a href=\"http:\/\/ivoiretradecenter.com\/wp-content\/uploads\/2021\/10\/ITC_nougatine-2.png\"><img decoding=\"async\" src=\"https:\/\/ivoiretradecenter.com\/wp-content\/uploads\/2021\/10\/ITC_nougatine-2.png\" alt=\"Nougatine ITC Abidjan\" \/><\/a>\n<\/div>\n\n<div id=\"cmsmasters_divider_69e34b74b44365_07157299\" class=\"cmsmasters_divider cmsmasters_divider_width_long cmsmasters_divider_pos_center\"><\/div>\n\n<div id=\"cmsmasters_heading_69e34b74b46c40_82978440\" class=\"cmsmasters_heading_wrap cmsmasters_heading_align_left\">\n\t<h3 class=\"cmsmasters_heading\">Horaires<\/h3>\n<\/div>\n<div id=\"cmsmasters_heading_69e34b74b49407_59533607\" class=\"cmsmasters_heading_wrap cmsmasters_heading_align_left\">\n\t<h5 class=\"cmsmasters_heading\">Tous les jours De 7h \u00e0 20h<\/h5>\n<\/div>\n<div id=\"cmsmasters_heading_69e34b74b4b9b2_00848295\" class=\"cmsmasters_heading_wrap cmsmasters_heading_align_left\">\n\t<h3 class=\"cmsmasters_heading\">T\u00e9l\u00e9phone<\/h3>\n<\/div>\n<div id=\"cmsmasters_heading_69e34b74b4df97_93818182\" class=\"cmsmasters_heading_wrap cmsmasters_heading_align_left\">\n\t<h5 class=\"cmsmasters_heading\">+225 07 88 03 54 04 <\/h5>\n<\/div>\n<div id=\"cmsmasters_heading_69e34b74b50496_07704299\" class=\"cmsmasters_heading_wrap cmsmasters_heading_align_left\">\n\t<h3 class=\"cmsmasters_heading\">R\u00e9seaux sociaux<\/h3>\n<\/div><div class=\"custom_html\">\n<div class=\"social_wrap\">\n<div class=\"social_wrap_inner\" >\n<ul>\n<li>\n\t\t\t\t<a href=\"https:\/\/www.facebook.com\/pages\/Nougatine%20Patisserie%20Fine\/2292319424358303\/\" class=\"cmsmasters_social_icon cmsmasters_social_icon_1 cmsmasters-icon-facebook-1\" title=\"Facebook\" target=\"_blank\"><\/a>\n\t\t\t<\/li>\n<li>\n\t\t\t\t<a href=\"https:\/\/www.instagram.com\/nougatine_patisseriefine\/\" class=\"cmsmasters_social_icon cmsmasters_social_icon_2 cmsmasters-icon-instagram\" title=\"Instagram\" target=\"_blank\"><\/a>\n\t\t\t<\/li>\n<\/ul><\/div>\n<\/div>\n<\/div>\n\n<div id=\"cmsmasters_divider_69e34b74b54c27_89159786\" class=\"cl\"><\/div>\n\n<div id=\"cmsmasters_button_69e34b74b57518_91569460\" class=\"button_wrap\"><a href=\"http:\/\/ivoiretradecenter.com\/wp-content\/uploads\/2025\/04\/20250408_Menu-Nougatine-blanc-noir-ITC.pdf\" class=\"cmsmasters_button\" target=\"_blank\"><span>Voir la carte<\/span><\/a><\/div>\n<\/div>\n<div class=\"cmsmasters_column three_fourth\">\n\n<div id=\"cmsmasters_heading_69e34b74b5a871_68533045\" class=\"cmsmasters_heading_wrap cmsmasters_heading_align_left\">\n\t<h1 class=\"cmsmasters_heading\">Nougatine<\/h1>\n<\/div>\n\n<div id=\"cmsmasters_divider_69e34b74b5cdd1_38400199\" class=\"cmsmasters_divider cmsmasters_divider_width_long cmsmasters_divider_pos_center\"><\/div>\n<div class=\"cmsmasters_text\">\n<p>Nous sommes une p\u00e2tisserie boulangerie mais aussi un restaurant et salon de th\u00e9.<br \/>\nNougatine est l&#8217;endroit parfait pour d\u00e9marrer la journ\u00e9e avec un bon petit petit-d\u00e9jeuner.<br \/>\nNous proposons aussi des Brunchs, des salades Healthy, des jus frais maison et des douceurs pour tous les go\u00fbts.<br \/>\nNous vous recevons dans un cadre \u00e9l\u00e9gant et raffin\u00e9 o\u00f9 vous pourrez travailler, d\u00e9guster ou tout simplement vous retrouver entre amis.<\/p>\n<p>A bient\u00f4t !<\/p>\n<\/div>\n\n\n<div id=\"cmsmasters_divider_69e34b74b5f6c5_82658271\" class=\"cl\"><\/div>\n<div id=\"cmsmasters_gallery_69e34b74b61df7_05283346\" class=\"cmsmasters_gallery_wrap\"><ul class=\"cmsmasters_gallery cmsmasters_3 cmsmasters_more_items_loader\"><li class=\"cmsmasters_gallery_item\"><figure><a href=\"https:\/\/ivoiretradecenter.com\/wp-content\/uploads\/2022\/10\/ITC-nougatine-01r.jpg\" rel=\"ilightbox[69e34b74b61df7_05283346]\"><img loading=\"lazy\" decoding=\"async\" width=\"580\" height=\"375\" src=\"https:\/\/ivoiretradecenter.com\/wp-content\/uploads\/2022\/10\/ITC-nougatine-01r-580x375.jpg\" class=\"attachment-blog-masonry-thumb size-blog-masonry-thumb\" alt=\"\" srcset=\"https:\/\/ivoiretradecenter.com\/wp-content\/uploads\/2022\/10\/ITC-nougatine-01r-580x375.jpg 580w, https:\/\/ivoiretradecenter.com\/wp-content\/uploads\/2022\/10\/ITC-nougatine-01r-1160x750.jpg 1160w\" sizes=\"auto, (max-width: 580px) 100vw, 580px\" \/><\/a><\/figure><\/li><li class=\"cmsmasters_gallery_item\"><figure><a href=\"https:\/\/ivoiretradecenter.com\/wp-content\/uploads\/2021\/09\/nougatine-2_ITC.png\" rel=\"ilightbox[69e34b74b61df7_05283346]\"><img loading=\"lazy\" decoding=\"async\" width=\"580\" height=\"375\" src=\"https:\/\/ivoiretradecenter.com\/wp-content\/uploads\/2021\/09\/nougatine-2_ITC-580x375.png\" class=\"attachment-blog-masonry-thumb size-blog-masonry-thumb\" alt=\"\" srcset=\"https:\/\/ivoiretradecenter.com\/wp-content\/uploads\/2021\/09\/nougatine-2_ITC-580x375.png 580w, https:\/\/ivoiretradecenter.com\/wp-content\/uploads\/2021\/09\/nougatine-2_ITC-1160x750.png 1160w\" sizes=\"auto, (max-width: 580px) 100vw, 580px\" \/><\/a><\/figure><\/li><li class=\"cmsmasters_gallery_item\"><figure><a href=\"https:\/\/ivoiretradecenter.com\/wp-content\/uploads\/2022\/10\/ITC-nougatine-02r.jpg\" rel=\"ilightbox[69e34b74b61df7_05283346]\"><img loading=\"lazy\" decoding=\"async\" width=\"580\" height=\"375\" src=\"https:\/\/ivoiretradecenter.com\/wp-content\/uploads\/2022\/10\/ITC-nougatine-02r-580x375.jpg\" class=\"attachment-blog-masonry-thumb size-blog-masonry-thumb\" alt=\"\" srcset=\"https:\/\/ivoiretradecenter.com\/wp-content\/uploads\/2022\/10\/ITC-nougatine-02r-580x375.jpg 580w, https:\/\/ivoiretradecenter.com\/wp-content\/uploads\/2022\/10\/ITC-nougatine-02r-1160x750.jpg 1160w\" sizes=\"auto, (max-width: 580px) 100vw, 580px\" \/><\/a><\/figure><\/li><\/ul><script type=\"text\/javascript\">\r\n\t\t\t\tjQuery(document).ready(function () {\r\n\t\t\t\t\t(function ($) {\r\n\t\t\t\t\t\tif ($('#cmsmasters_gallery_69e34b74b61df7_05283346').find('.cmsmasters_gallery_item').length == '0') {\r\n\t\t\t\t\t\t\treturn false;\r\n\t\t\t\t\t\t}\r\n\t\t\t\t\t\t\r\n\t\t\t\t\t\t\r\n\t\t\t\t\t\tstartGallery( \r\n\t\t\t\t\t\t\t'69e34b74b61df7_05283346', \r\n\t\t\t\t\t\t\t'grid', \r\n\t\t\t\t\t\t\t'false', \r\n\t\t\t\t\t\t\t'false' \r\n\t\t\t\t\t\t);\r\n\t\t\t\t\t} )(jQuery);\r\n\t\t\t\t} );\r\n\t\t\t<\/script>\r\n\t\t\t<\/div>\n<\/div>\n<\/div>\n<\/div>\n<\/div>\n<\/div>\n<\/div>\n<div id=\"cmsmasters_row_69e34b74b76423_17600433\" class=\"cmsmasters_row cmsmasters_color_scheme_default cmsmasters_row_top_default cmsmasters_row_bot_default cmsmasters_row_boxed\">\n<div class=\"cmsmasters_row_outer_parent\">\n<div class=\"cmsmasters_row_outer\">\n<div class=\"cmsmasters_row_inner\">\n<div class=\"cmsmasters_row_margin\">\n<div class=\"cmsmasters_column one_fourth\">\n<\/div>\n<div class=\"cmsmasters_column three_fourth\">\n\n<div id=\"cmsmasters_heading_69e34b74b79a10_74102315\" class=\"cmsmasters_heading_wrap cmsmasters_heading_align_left\">\n\t<h2 class=\"cmsmasters_heading\">DECOUVREZ LES AUTRES ETABLISSEMENTS <\/h2>\n<\/div>\n\n<div id=\"cmsmasters_divider_69e34b74b7bf54_04189949\" class=\"cmsmasters_divider cmsmasters_divider_width_long cmsmasters_divider_pos_center\"><\/div>\n<\/div>\n<\/div>\n<\/div>\n<\/div>\n<\/div>\n<\/div>\n<div id=\"cmsmasters_row_69e34b74b7c175_63018612\" class=\"cmsmasters_row cmsmasters_color_scheme_default cmsmasters_row_top_default cmsmasters_row_bot_default cmsmasters_row_boxed\">\n<div class=\"cmsmasters_row_outer_parent\">\n<div class=\"cmsmasters_row_outer\">\n<div class=\"cmsmasters_row_inner\">\n<div class=\"cmsmasters_row_margin\">\n<div class=\"cmsmasters_column one_fourth\">\n<\/div>\n<div class=\"cmsmasters_column one_fourth\">\n<div class=\"custom_html\">\n<p><a href=\"https:\/\/ivoiretradecenter.com\/africafe\/\">Africaf\u00e9<\/a> <br \/>\n<a href=\"https:\/\/ivoiretradecenter.com\/cheese-restaurant\/\">Cheese<\/a> <\/p>\n<\/div>\n<\/div>\n<div class=\"cmsmasters_column one_fourth\">\n<div class=\"custom_html\">\n<p><a href=\"https:\/\/ivoiretradecenter.com\/atelier-mechoui\/\">L'Atelier du M\u00e9choui<\/a><br \/>\n<a href=\"https:\/\/ivoiretradecenter.com\/uchico\/\">Uchico<\/a><\/p>\n<\/div>\n<\/div>\n<div class=\"cmsmasters_column one_fourth\">\n<div class=\"custom_html\">\n<p><a href=\"https:\/\/ivoiretradecenter.com\/kitch-bar\/\">Kitch Bar<\/a> <br \/>\n<a href=\"https:\/\/ivoiretradecenter.com\/le-comptoir\/\">Le Comptoir<\/a><\/p>\n<\/div>\n<\/div>\n<\/div>\n<\/div>\n<\/div>\n<\/div>\n<\/div>\n\n","protected":false},"excerpt":{"rendered":"","protected":false},"author":5,"featured_media":0,"parent":0,"menu_order":0,"comment_status":"closed","ping_status":"closed","template":"","meta":{"footnotes":""},"class_list":["post-8776","page","type-page","status-publish","hentry"],"_links":{"self":[{"href":"https:\/\/ivoiretradecenter.com\/en\/wp-json\/wp\/v2\/pages\/8776","targetHints":{"allow":["GET"]}}],"collection":[{"href":"https:\/\/ivoiretradecenter.com\/en\/wp-json\/wp\/v2\/pages"}],"about":[{"href":"https:\/\/ivoiretradecenter.com\/en\/wp-json\/wp\/v2\/types\/page"}],"author":[{"embeddable":true,"href":"https:\/\/ivoiretradecenter.com\/en\/wp-json\/wp\/v2\/users\/5"}],"replies":[{"embeddable":true,"href":"https:\/\/ivoiretradecenter.com\/en\/wp-json\/wp\/v2\/comments?post=8776"}],"version-history":[{"count":2,"href":"https:\/\/ivoiretradecenter.com\/en\/wp-json\/wp\/v2\/pages\/8776\/revisions"}],"predecessor-version":[{"id":149354,"href":"https:\/\/ivoiretradecenter.com\/en\/wp-json\/wp\/v2\/pages\/8776\/revisions\/149354"}],"wp:attachment":[{"href":"https:\/\/ivoiretradecenter.com\/en\/wp-json\/wp\/v2\/media?parent=8776"}],"curies":[{"name":"wp","href":"https:\/\/api.w.org\/{rel}","templated":true}]}}